{"id":1629,"date":"2018-07-06T13:15:50","date_gmt":"2018-07-06T11:15:50","guid":{"rendered":"http:\/\/dummy.xtemos.com\/woodmart\/demos\/?page_id=1629"},"modified":"2022-11-10T13:59:16","modified_gmt":"2022-11-10T12:59:16","slug":"privacy-policy","status":"publish","type":"page","link":"https:\/\/eurekakidskosovo.com\/en\/privacy-policy\/","title":{"rendered":"Privacy Policy"},"content":{"rendered":"<section class=\"wpb-content-wrapper\"><div class=\"vc_row wpb_row vc_row-fluid\"><div class=\"wpb_column vc_column_container vc_col-sm-12\"><div class=\"vc_column-inner vc_custom_1527240190798\"><div class=\"wpb_wrapper\">\n\t\t<div id=\"wd-5fe93c50ccde4\" class=\"title-wrapper wd-wpb wd-set-mb reset-last-child  wd-rs-5fe93c50ccde4 wd-title-color-default wd-title-style-default text-center  wd-underline-colored\">\n\t\t\t\n\t\t\t<div class=\"liner-continer\">\n\t\t\t\t<h3 class=\"woodmart-title-container title  wd-font-weight- wd-fontsize-l\" >WHAT PERSONAL INFORMATION WE COLLECT AND WHY WE COLLECT IT<\/h3>\n\t\t\t\t\t\t\t<\/div>\n\t\t\t\n\t\t\t\n\t\t\t\n\t\t<\/div>\n\t\t\n\t\t<\/div><\/div><\/div><\/div><div class=\"vc_row wpb_row vc_row-fluid vc_custom_1528700414903 vc_row-has-fill\"><div class=\"wpb_column vc_column_container vc_col-sm-12\"><div class=\"vc_column-inner vc_custom_1527238251732\"><div class=\"wpb_wrapper\">\t\t\t<div id=\"wd-5fe8b6901631d\" class=\"wd-text-block-wrapper wd-wpb wd-rs-5fe8b6901631d color-scheme-dark text-left vc_custom_1609086640193\">\n\t\t\t\t<div class=\"woodmart-title-container woodmart-text-block reset-last-child font-primary wd-font-weight-600\">\n\t\t\t\t\t<span class=\"color-primary\">1.\u00a0<\/span>Privacy Policy Objectives and Scope\t\t\t\t<\/div>\n\n\t\t\t\t\t\t\t<\/div>\n\t\t\n\t<div class=\"wpb_text_column wpb_content_element vc_custom_1611607864890 text-larger\" >\n\t\t<div class=\"wpb_wrapper\">\n\t\t\t<p>Me Politikat e Privat\u00ebsis\u00eb ne do t\u00eb qart\u00ebsojm\u00eb se ku dhe si mbrohen t\u00eb dh\u00ebnat personale t\u00eb t\u00eb gjith\u00eb konsumator\u00ebve t\u00eb regjistruar n\u00eb faqen ton\u00eb t\u00eb internetit. Kjo politik\u00eb e privat\u00ebsis\u00eb vlen vet\u00ebm p\u00ebr www.eurekakidskosovo.com. N\u00ebse shfaqet ndonj\u00eb link tjet\u00ebr qe ju lidh\u00eb me WEB faqe tjera, ne nuk marrim asnj\u00eb p\u00ebrgjegj\u00ebsi n\u00eb lidhje me mbrojtjen e t\u00eb dh\u00ebnave personale nga ato faqet t\u00eb internetit.<\/p>\n<p>Every user after registering and purchasing, declares that they are aware of and agree with our Privacy Policy.<\/p>\n<p>By signing, all personal data entered into our system through the registration form will be used for the purposes of product delivery, payment execution, as well as to inform and advertise the products and services offered by us, if that you have selected this option and it is held in accordance with the provisions of personal data protection and not left to third parties.<\/p>\n<p>Information we need to register:<br \/>\n-     Name and surname<br \/>\n-     E-mail<br \/>\n-     Shipping address and<br \/>\n-     Phone number<\/p>\n<p>The data we collect and maintain will not be published, sold or submitted to a third party, unless required by the competent authorities in the manner prescribed by the legislation of the Republic of Kosovo.<\/p>\n<p>Eurekakids Kosovo offers Internet-based services that make life easier in the digital age. When you use our services you share some information with us. Your privacy is extremely important to us. In response to the new data protection regulation (GDPR), which entered into force in the European Union on 25 May 2018, we have updated the Terms of Service and Privacy Policy. Although this regulation requires implementation only for citizens in the European Union, we have started to apply these updates globally including Kosovo, Albania, and Northern Macedonia.<\/p>\n<p>We are committed to respecting and protecting your privacy. Any questions you have regarding privacy policies please do not hesitate to <a href=\"http:\/\/eurekakidskosovo.com\/en\/contact-us\/\" target=\"_self\" rel=\"noopener\"><strong>contact us.<\/strong><\/a><\/p>\n\n\t\t<\/div>\n\t<\/div>\n<\/div><\/div><\/div><\/div><div class=\"vc_row wpb_row vc_row-fluid vc_custom_1528700432537 vc_row-has-fill\"><div class=\"wpb_column vc_column_container vc_col-sm-12\"><div class=\"vc_column-inner vc_custom_1527238251732\"><div class=\"wpb_wrapper\">\t\t\t<div id=\"wd-5fe939e719e02\" class=\"wd-text-block-wrapper wd-wpb wd-rs-5fe939e719e02 color-scheme-dark text-left vc_custom_1609120236808\">\n\t\t\t\t<div class=\"woodmart-title-container woodmart-text-block reset-last-child font-primary wd-font-weight-600\">\n\t\t\t\t\t<span class=\"color-primary\">2.\u00a0<\/span>Collection of Personal Data\t\t\t\t<\/div>\n\n\t\t\t\t\t\t\t<\/div>\n\t\t\n\t<div class=\"wpb_text_column wpb_content_element vc_custom_1611607892191\" >\n\t\t<div class=\"wpb_wrapper\">\n\t\t\t<p>We may collect your personal data and information (including various devices) when you:<\/p>\n<p>Use our services;<\/p>\n<p>Register to open an account with us;<\/p>\n<p>Update or add personal information to your account;<\/p>\n<p>Communicate with us about our services, and;<\/p>\n<p>Other cases as may be specified below in this Privacy Policy.<\/p>\n\n\t\t<\/div>\n\t<\/div>\n<\/div><\/div><\/div><\/div><div class=\"vc_row wpb_row vc_row-fluid vc_custom_1528700436855 vc_row-has-fill\"><div class=\"wpb_column vc_column_container vc_col-sm-12\"><div class=\"vc_column-inner vc_custom_1527238251732\"><div class=\"wpb_wrapper\">\t\t\t<div id=\"wd-5fe93a25376a0\" class=\"wd-text-block-wrapper wd-wpb wd-rs-5fe93a25376a0 color-scheme-dark text-left vc_custom_1609120304180\">\n\t\t\t\t<div class=\"woodmart-title-container woodmart-text-block reset-last-child font-primary wd-font-weight-600\">\n\t\t\t\t\t<span class=\"color-primary\">3.\u00a0<\/span>Personal data we may collect includes the following:\t\t\t\t<\/div>\n\n\t\t\t\t\t\t\t<\/div>\n\t\t\n\t<div class=\"wpb_text_column wpb_content_element vc_custom_1611607955171 text-larger\" >\n\t\t<div class=\"wpb_wrapper\">\n\t\t\t<p>Content that you generate or that is related to your account (such as adding an item to your cart).<\/p>\n<p>Shipping address or billing address information and other information used by you to purchase any product or service.<\/p>\n<p>In some cases, when you use our services, you may provide personal information such as: your age, gender, interests, experience, education and preferences.<\/p>\n<p>Additional information required or authorized by applicable laws to collect and process in order to identify and verify the information we have collected from you.<\/p>\n<p>Under no circumstances and circumstances will Eurekakids Kosovo request that you disclose your personal information about the child. You can put your child's name on the profile only for the purpose of identifying the user child and in order to identify the appropriate content, including his \/ her age.<\/p>\n\n\t\t<\/div>\n\t<\/div>\n<\/div><\/div><\/div><\/div><div class=\"vc_row wpb_row vc_row-fluid vc_custom_1528700440423 vc_row-has-fill\"><div class=\"wpb_column vc_column_container vc_col-sm-12\"><div class=\"vc_column-inner vc_custom_1527238251732\"><div class=\"wpb_wrapper\">\t\t\t<div id=\"wd-5fe93a449a035\" class=\"wd-text-block-wrapper wd-wpb wd-rs-5fe93a449a035 color-scheme-dark text-left vc_custom_1609120339852\">\n\t\t\t\t<div class=\"woodmart-title-container woodmart-text-block reset-last-child font-primary wd-font-weight-600\">\n\t\t\t\t\t<span class=\"color-primary\">4.\u00a0<\/span>Automatic data\t\t\t\t<\/div>\n\n\t\t\t\t\t\t\t<\/div>\n\t\t\n\t<div class=\"wpb_text_column wpb_content_element vc_custom_1611608024773 text-larger\" >\n\t\t<div class=\"wpb_wrapper\">\n\t\t\t<p>Information related to your interaction with our products;<\/p>\n<p>Your marketing, advertising and communication preferences with us. We accept this information from the devices you use when you use our services, sign up for an account with us, update or add information to your account, participate in discussions or chats, or when you communicate with us about our services . This information includes the following: Your device ID or unique identification number and device type, operating system or similar.<\/p>\n<p>Geographical location information, from IP address or other device records.<\/p>\n<p>Computer information, such as your page browsing statistics, traffic to or from certain sites, links, URL referrals, your IP addresses, your browsing history, or your webpage login information, or our partners.<\/p>\n\n\t\t<\/div>\n\t<\/div>\n<\/div><\/div><\/div><\/div><div class=\"vc_row wpb_row vc_row-fluid vc_custom_1528700444689 vc_row-has-fill\"><div class=\"wpb_column vc_column_container vc_col-sm-12\"><div class=\"vc_column-inner vc_custom_1527238251732\"><div class=\"wpb_wrapper\">\t\t\t<div id=\"wd-5fe93aba51080\" class=\"wd-text-block-wrapper wd-wpb wd-rs-5fe93aba51080 color-scheme-dark text-left vc_custom_1609120450682\">\n\t\t\t\t<div class=\"woodmart-title-container woodmart-text-block reset-last-child font-primary wd-font-weight-600\">\n\t\t\t\t\t<span class=\"color-primary\">5.\u00a0<\/span>Payment processing data\t\t\t\t<\/div>\n\n\t\t\t\t\t\t\t<\/div>\n\t\t\n\t<div class=\"wpb_text_column wpb_content_element vc_custom_1611608100219 text-larger\" >\n\t\t<div class=\"wpb_wrapper\">\n\t\t\t<p>We do not collect, store or process bank card details with which payment can be made. In cases where payment processing is performed by third parties the terms and policies of third parties apply.<\/p>\n<p>We use and store your personal information collected by you for the following purposes:<br \/>\n- Your identification for secure access to our services;<br \/>\n- Providing personalized and relevant services;<br \/>\n- To improve our services to you;<br \/>\n- To contact you about your account, e.g. sending e-mail to verify the account by e-mail or SMS, or to return a response when you contact us.<br \/>\n- Personalization of our advertisements and communications for marketing purposes;<br \/>\n- Prevent, detect, reduce, and investigate fraudulent and illegal activity;<br \/>\n- To be technically able to serve you, as well as for testing algorithms, to improve your experience and to display the most relevant ads.<\/p>\n\n\t\t<\/div>\n\t<\/div>\n<\/div><\/div><\/div><\/div><div class=\"vc_row wpb_row vc_row-fluid vc_custom_1528700448393 vc_row-has-fill\"><div class=\"wpb_column vc_column_container vc_col-sm-12\"><div class=\"vc_column-inner vc_custom_1527238251732\"><div class=\"wpb_wrapper\">\t\t\t<div id=\"wd-5fe93ae1a4654\" class=\"wd-text-block-wrapper wd-wpb wd-rs-5fe93ae1a4654 color-scheme-dark text-left vc_custom_1609120486919\">\n\t\t\t\t<div class=\"woodmart-title-container woodmart-text-block reset-last-child font-primary wd-font-weight-600\">\n\t\t\t\t\t<span class=\"color-primary\">6.\u00a0<\/span>How we store the collected data\t\t\t\t<\/div>\n\n\t\t\t\t\t\t\t<\/div>\n\t\t\n\t<div class=\"wpb_text_column wpb_content_element vc_custom_1611608146819 text-larger\" >\n\t\t<div class=\"wpb_wrapper\">\n\t\t\t<p>We hold the privacy of your personal information in the highest regard and are required to provide our services in accordance with applicable laws. In addition, we may protect your personal information even after your account is closed to prevent fraud, collect any outstanding debt, resolve disputes, enforce our Terms of Use agreement, assist any investigation, and take other actions permitted or required by applicable laws.<\/p>\n<p>In cases where it is no longer necessary for us to store your personal data or when the purpose for which your personal data is collected or stored is extinguished, we securely destroy it in accordance with national privacy laws and protection of personal data and our internal policies.<\/p>\n<p>We do not sell your data. We use your data to better serve you, as well as to display the ads we think you will like.<\/p>\n\n\t\t<\/div>\n\t<\/div>\n<\/div><\/div><\/div><\/div><div class=\"vc_row wpb_row vc_row-fluid vc_custom_1528700453524 vc_row-has-fill\"><div class=\"wpb_column vc_column_container vc_col-sm-12\"><div class=\"vc_column-inner vc_custom_1527238251732\"><div class=\"wpb_wrapper\">\t\t\t<div id=\"wd-5fe93b0d9f42b\" class=\"wd-text-block-wrapper wd-wpb wd-rs-5fe93b0d9f42b color-scheme-dark text-left vc_custom_1609120540182\">\n\t\t\t\t<div class=\"woodmart-title-container woodmart-text-block reset-last-child font-primary wd-font-weight-600\">\n\t\t\t\t\t<span class=\"color-primary\">7.\u00a0<\/span>Safety\t\t\t\t<\/div>\n\n\t\t\t\t\t\t\t<\/div>\n\t\t\n\t<div class=\"wpb_text_column wpb_content_element vc_custom_1611608318508 text-larger\" >\n\t\t<div class=\"wpb_wrapper\">\n\t\t\t<p>We protect your data using high technical physical and administrative security measures in order to minimize the risk of loss, misuse, unauthorized access, disclosure and alteration. Some of the safeguards we use are firewalls and data encryption and high levels of control and authorization to access your personal data. If you believe your account has been abused, please contact us immediately via email\u00a0<a href=\"mailto:info@eurekakidskosovo.com\">info@eurekakidskosovo.com<\/a>.<\/p>\n<p>If you have any questions, suggestions or complaints about this Privacy Policy, or about your right to privacy and the protection of your personal information you can contact us via email <a href=\"mailto:info@eurekakidskosovo.com\">info@eurekakidskosovo.com<\/a>.<\/p>\n\n\t\t<\/div>\n\t<\/div>\n<\/div><\/div><\/div><\/div>\n<\/section>","protected":false},"excerpt":{"rendered":"\u00c7FAR\u00cb T\u00cb DH\u00cbNA PERSONALE MBLEDHIM DHE PSE I MBLEDHIM 1.\u00a0Objektivat dhe Fush\u00ebveprimi i Politik\u00ebs s\u00eb Privat\u00ebsis\u00eb Me Politikat e Privat\u00ebsis\u00eb","protected":false},"author":196612798,"featured_media":0,"parent":0,"menu_order":0,"comment_status":"closed","ping_status":"closed","template":"","meta":{"advanced_seo_description":"","jetpack_seo_html_title":"","jetpack_seo_noindex":false,"jetpack_post_was_ever_published":false,"footnotes":""},"class_list":["post-1629","page","type-page","status-publish","hentry"],"jetpack_likes_enabled":false,"jetpack_sharing_enabled":false,"jetpack_shortlink":"https:\/\/wp.me\/PehQoY-qh","amp_enabled":true,"_links":{"self":[{"href":"https:\/\/eurekakidskosovo.com\/en\/wp-json\/wp\/v2\/pages\/1629","targetHints":{"allow":["GET"]}}],"collection":[{"href":"https:\/\/eurekakidskosovo.com\/en\/wp-json\/wp\/v2\/pages"}],"about":[{"href":"https:\/\/eurekakidskosovo.com\/en\/wp-json\/wp\/v2\/types\/page"}],"author":[{"embeddable":true,"href":"https:\/\/eurekakidskosovo.com\/en\/wp-json\/wp\/v2\/users\/196612798"}],"replies":[{"embeddable":true,"href":"https:\/\/eurekakidskosovo.com\/en\/wp-json\/wp\/v2\/comments?post=1629"}],"version-history":[{"count":1,"href":"https:\/\/eurekakidskosovo.com\/en\/wp-json\/wp\/v2\/pages\/1629\/revisions"}],"predecessor-version":[{"id":23796,"href":"https:\/\/eurekakidskosovo.com\/en\/wp-json\/wp\/v2\/pages\/1629\/revisions\/23796"}],"wp:attachment":[{"href":"https:\/\/eurekakidskosovo.com\/en\/wp-json\/wp\/v2\/media?parent=1629"}],"curies":[{"name":"wp","href":"https:\/\/api.w.org\/{rel}","templated":true}]}}