{"id":7489,"date":"2020-12-28T03:26:48","date_gmt":"2020-12-28T02:26:48","guid":{"rendered":"http:\/\/eurekakidskosovo.com\/?page_id=7489"},"modified":"2022-11-10T14:07:00","modified_gmt":"2022-11-10T13:07:00","slug":"kthimet","status":"publish","type":"page","link":"https:\/\/eurekakidskosovo.com\/en\/kthimet\/","title":{"rendered":"Returns"},"content":{"rendered":"<section class=\"wpb-content-wrapper\"><div class=\"vc_row wpb_row vc_row-fluid vc_custom_1528700414903 vc_row-has-fill\"><div class=\"wpb_column vc_column_container vc_col-sm-12\"><div class=\"vc_column-inner vc_custom_1527238251732\"><div class=\"wpb_wrapper\">\t\t\t<div id=\"wd-5fe942d284733\" class=\"wd-text-block-wrapper wd-wpb wd-rs-5fe942d284733 color-scheme-dark text-left vc_custom_1609122533191\">\n\t\t\t\t<div class=\"woodmart-title-container woodmart-text-block reset-last-child font-primary wd-font-weight-600\">\n\t\t\t\t\t<\/p>\n<h1><span class=\"\">Politika e kthimit<\/span><\/h1>\n<p>\t\t\t\t<\/div>\n\n\t\t\t\t\t\t\t<\/div>\n\t\t\n\t<div class=\"wpb_text_column wpb_content_element vc_custom_1611676083549 text-larger\" >\n\t\t<div class=\"wpb_wrapper\">\n\t\t\t<p>Si pjes\u00eb e politik\u00ebs s\u00eb saj tregtare, Eurekakids Kosovo u ofron klient\u00ebve t\u00eb saj 5 dit\u00eb kalendarike\u00a0p\u00ebr t\u00eb qen\u00eb n\u00eb gjendje t\u00eb kthejn\u00eb produktet e blera p\u00ebrmes www.eurekakidskosovo.com.<\/p>\n<p>Pasi t\u00eb ket\u00eb kaluar periudha e lartp\u00ebrmendur, p\u00ebrdoruesi nuk do t\u00eb jet\u00eb m\u00eb n\u00eb gjendje t\u00eb p\u00ebrdor\u00eb t\u00eb drejt\u00ebn e kthimit.<\/p>\n<p>Gjat\u00eb k\u00ebsaj periudhe, shpenzimet e transportit p\u00ebr kthimin do t\u00eb paguhen nga klienti.<\/p>\n<p>Kthimet nuk do t\u00eb pranohen n\u00eb rastet vijuese:<\/p>\n<ul class=\"devolutions_conditions_list\">\n<li class=\"devolutions_conditions\">Produkti ose paketimi \u00ebsht\u00eb n\u00eb gjendje t\u00eb keqe<\/li>\n<li class=\"devolutions_conditions\">Produkti nuk \u00ebsht\u00eb i plot\u00eb, aksesor\u00ebt mungojn\u00eb, manipulohet ose prishet<\/li>\n<li class=\"devolutions_conditions\">Produktet q\u00eb, n\u00eb p\u00ebrputhje me rregulloret aktuale, regjistrime zanore, video, disqe dhe t\u00eb ngjashme, produkte t\u00eb personalizuara ose q\u00eb p\u00ebr higjien\u00eb ose arsye t\u00eb tjera nuk jan\u00eb subjekt i kthimit.<\/li>\n<li class=\"devolutions_conditions\">Aksesor\u00ebt ose udh\u00ebzimet ose ndonj\u00eb dokumentacion tjet\u00ebr mungon<\/li>\n<li class=\"devolutions_conditions\">Periudha e p\u00ebrcaktuar p\u00ebr k\u00ebt\u00eb q\u00ebllim ka kaluar<\/li>\n<li class=\"devolutions_conditions\">D\u00ebshmia e blerjes dhe sh\u00ebnimi i dor\u00ebzimit mungon<\/li>\n<\/ul>\n<p>Rimbursimi do t\u00eb b\u00ebhet pasi t\u00eb marrim produktin dhe t\u00eb verifikojm\u00eb q\u00eb \u00ebsht\u00eb n\u00eb gjendje t\u00eb p\u00ebrsosur, brenda nj\u00eb periudhe prej 1 deri n\u00eb 5 dit\u00eb.<\/p>\n<p>N\u00eb rastet e produkteve me defekt, t\u00eb prishura ose t\u00eb d\u00ebmtuara gjat\u00eb transportit t\u00eb d\u00ebrges\u00ebs te klienti, duhet q\u00eb menj\u00ebher\u00eb t\u00eb kontaktoni post\u00ebn\u00a0dhe n\u00eb asnj\u00eb rast nuk mund t\u00eb kthehet n\u00eb dyqan.<\/p>\n<h1>Opsionet e kthimit<\/h1>\n<ul class=\"devolutions_options_list\">\n<li class=\"devolutions_options\"><b>P\u00ebrmes ndonj\u00eb prej dyqaneve t\u00eb Eurekakids Kosovo.\u00a0<\/b>Stafi i Eurekakids Kosovo do t\u00eb kryej\u00eb kontrollet p\u00ebrkat\u00ebse p\u00ebr t\u00eb verifikuar gjendjen e duhur t\u00eb produktit. Pas miratimit, rimbursimi do t\u00eb b\u00ebhet nga selia e Eurekakids Kosovo.<\/li>\n<li class=\"devolutions_options\"><b>P\u00ebrmes \u00e7do metode transporti ose d\u00ebrgimi t\u00eb zgjedhur nga ju<br \/>\n<\/b>Adresa e transportit: Eurekakids Kosovo, Albi Mall &#8211; 10000 Prishtin\u00eb, Republika e Kosov\u00ebs. Pasi produkti t\u00eb jet\u00eb verifikuar, ju do t\u00eb rimbursoheni.<\/li>\n<\/ul>\n<p><b>TARIFAT E KTHIMIT<\/b><\/p>\n<p>Shkalla e paketimit mini deri n\u00eb 3 kg 2 euro<br \/>\nShkalla e paket\u00ebs mesatare nga 3 kg n\u00eb 10 kg 5 euro<br \/>\nShkalla e madhe e paket\u00ebs nga 10 kg n\u00eb 20 kg 10 euro<\/p>\n<div class=\"address\">\n<h4>Departamenti i Garancis\u00eb dhe Kthimit<\/h4>\n<p>Email: <a href=\"mailto:info@eurekakidskosovo.com\">info@eurekakidskosovo.com<\/a><\/p>\n<\/div>\n\n\t\t<\/div>\n\t<\/div>\n<\/div><\/div><\/div><\/div>\n<\/section>","protected":false},"excerpt":{"rendered":"Politika e kthimit Si pjes\u00eb e politik\u00ebs s\u00eb saj tregtare, Eurekakids Kosovo u ofron klient\u00ebve t\u00eb saj 5 dit\u00eb kalendarike\u00a0p\u00ebr","protected":false},"author":196612798,"featured_media":0,"parent":0,"menu_order":0,"comment_status":"closed","ping_status":"closed","template":"","meta":{"advanced_seo_description":"","jetpack_seo_html_title":"","jetpack_seo_noindex":false,"jetpack_post_was_ever_published":false,"footnotes":""},"class_list":["post-7489","page","type-page","status-publish","hentry"],"jetpack_likes_enabled":false,"jetpack_sharing_enabled":false,"jetpack_shortlink":"https:\/\/wp.me\/PehQoY-1WN","amp_enabled":true,"_links":{"self":[{"href":"https:\/\/eurekakidskosovo.com\/en\/wp-json\/wp\/v2\/pages\/7489","targetHints":{"allow":["GET"]}}],"collection":[{"href":"https:\/\/eurekakidskosovo.com\/en\/wp-json\/wp\/v2\/pages"}],"about":[{"href":"https:\/\/eurekakidskosovo.com\/en\/wp-json\/wp\/v2\/types\/page"}],"author":[{"embeddable":true,"href":"https:\/\/eurekakidskosovo.com\/en\/wp-json\/wp\/v2\/users\/196612798"}],"replies":[{"embeddable":true,"href":"https:\/\/eurekakidskosovo.com\/en\/wp-json\/wp\/v2\/comments?post=7489"}],"version-history":[{"count":1,"href":"https:\/\/eurekakidskosovo.com\/en\/wp-json\/wp\/v2\/pages\/7489\/revisions"}],"predecessor-version":[{"id":23799,"href":"https:\/\/eurekakidskosovo.com\/en\/wp-json\/wp\/v2\/pages\/7489\/revisions\/23799"}],"wp:attachment":[{"href":"https:\/\/eurekakidskosovo.com\/en\/wp-json\/wp\/v2\/media?parent=7489"}],"curies":[{"name":"wp","href":"https:\/\/api.w.org\/{rel}","templated":true}]}}