{"id":7495,"date":"2020-12-28T03:46:46","date_gmt":"2020-12-28T02:46:46","guid":{"rendered":"http:\/\/eurekakidskosovo.com\/?page_id=7495"},"modified":"2022-11-10T14:02:03","modified_gmt":"2022-11-10T13:02:03","slug":"loder-e-sigurt-ce","status":"publish","type":"page","link":"https:\/\/eurekakidskosovo.com\/en\/loder-e-sigurt-ce\/","title":{"rendered":"Safe toys CE"},"content":{"rendered":"<section class=\"wpb-content-wrapper\"><div class=\"vc_row wpb_row vc_row-fluid vc_custom_1528700414903 vc_row-has-fill\"><div class=\"wpb_column vc_column_container vc_col-sm-12\"><div class=\"vc_column-inner vc_custom_1527238251732\"><div class=\"wpb_wrapper\">\t\t\t<div id=\"wd-5fe947696dbfb\" class=\"wd-text-block-wrapper wd-wpb wd-rs-5fe947696dbfb color-scheme-dark text-left vc_custom_1609123692379\">\n\t\t\t\t<div class=\"woodmart-title-container woodmart-text-block reset-last-child font-primary wd-font-weight-600\">\n\t\t\t\t\t<\/p>\n<h2><span class=\"\">Dekreti Mbret\u00ebror 1205\/2011, i 26 gushtit, p\u00ebr sigurin\u00eb e lodrave<\/span><\/h2>\n<p>\t\t\t\t<\/div>\n\n\t\t\t\t\t\t\t<\/div>\n\t\t\n\t<div class=\"wpb_text_column wpb_content_element vc_custom_1611612668347 text-larger\" >\n\t\t<div class=\"wpb_wrapper\">\n\t\t\t<h3><span class=\"\">PARALAJM<\/span>\u00cb<span class=\"\">RIME<\/span><\/h3>\n<p>Ky Dekret Mbret\u00ebror synon t\u00eb harmonizoj\u00eb rregulloret e Komunitetit Evropian p\u00ebr lodrat dhe t\u00eb sjell\u00eb k\u00ebrkesat e legjislacionit kosovar n\u00eb nivelin e atyre t\u00eb vendosura n\u00eb vendet fqinje. Po k\u00ebshtu, ky ligj k\u00ebrkon t\u00eb garantoj\u00eb respektimin e nj\u00eb s\u00ebr\u00eb kushtesh q\u00eb garantojn\u00eb siguri gjat\u00eb trajtimit, n\u00eb m\u00ebnyr\u00eb q\u00eb t\u00eb shmangen rreziqet q\u00eb f\u00ebmij\u00ebt mund t\u00eb ekspozohen kur i p\u00ebrdorin ato.<\/p>\n<p>Si\u00e7 tregohet n\u00eb art. 11.2, t\u00eb gjitha lodrat, p\u00ebrfshir\u00eb substancat kimike q\u00eb ato p\u00ebrmbajn\u00eb, nuk mund t\u00eb rrezikojn\u00eb sigurin\u00eb ose sh\u00ebndetin e p\u00ebrdoruesve ose njer\u00ebzve t\u00eb tjer\u00eb kur ato p\u00ebrdoren p\u00ebr q\u00ebllimin e tyre normal ose p\u00ebrdoren n\u00eb p\u00ebrputhje me p\u00ebrdorimin e tyre t\u00eb parashikuesh\u00ebm, duke marr\u00eb parasysh sjelljen e f\u00ebmij\u00ebve. Kapaciteti i p\u00ebrdoruesve dhe, kur \u00ebsht\u00eb e p\u00ebrshtatshme, mbik\u00ebqyr\u00ebsit e tyre do t\u00eb merren parasysh, ve\u00e7an\u00ebrisht n\u00eb rastin e lodrave t\u00eb destinuara p\u00ebr p\u00ebrdorim nga f\u00ebmij\u00ebt n\u00ebn 36 muaj ose grupe t\u00eb tjera specifike t\u00eb mosh\u00ebs.<\/p>\n<p>Etiketat e vendosura n\u00eb p\u00ebrputhje me nenin 12.2 dhe udh\u00ebzimet q\u00eb shoq\u00ebrojn\u00eb lodrat duhet t\u00eb paralajm\u00ebrojn\u00eb p\u00ebrdoruesit ose mbik\u00ebqyr\u00ebsit e tyre p\u00ebr rreziqet e natyrshme n\u00eb lodra dhe rreziqet e d\u00ebmtimit q\u00eb lidhen me p\u00ebrdorimin e tyre dhe t\u00eb tregojn\u00eb se si t&#8217;i shmangni ato.<\/p>\n<h3><span class=\"\">Neni 12, Paralajm\u00ebrimet<\/span><\/h3>\n<ol>\n<li>Kur \u00ebsht\u00eb e p\u00ebrshtatshme, p\u00ebr p\u00ebrdorim t\u00eb sigurt, paralajm\u00ebrimet e dh\u00ebna p\u00ebr q\u00ebllimet e Nenit 11.2 do t\u00eb specifikojn\u00eb kufizimet e duhura n\u00eb lidhje me p\u00ebrdoruesin, n\u00eb p\u00ebrputhje me Shtojc\u00ebn V, pjesa A. P\u00ebr kategorit\u00eb e lodrave t\u00eb renditura n\u00eb Shtojc\u00ebn V, pjesa B, do t\u00eb p\u00ebrdoren paralajm\u00ebrimet e p\u00ebrcaktuara n\u00eb at\u00eb pjes\u00eb. Paralajm\u00ebrimet e vendosura n\u00eb pikat 2 deri n\u00eb 5 t\u00eb aneksit V, pjesa B, do t\u00eb p\u00ebrdoren si\u00e7 shkruhen n\u00eb t\u00eb. Lodrat nuk duhet t\u00eb mbajn\u00eb asnj\u00eb nga paralajm\u00ebrimet specifike t\u00eb p\u00ebrmendura n\u00eb seksionin 1 n\u00ebse ato jan\u00eb n\u00eb kund\u00ebrshtim me p\u00ebrdorimin e tyre t\u00eb parashikuar, t\u00eb p\u00ebrcaktuar n\u00eb baz\u00eb t\u00eb funksionit, madh\u00ebsis\u00eb dhe karakteristikave t\u00eb tyre.<\/li>\n<li>Prodhuesi duhet t\u00eb tregoj\u00eb paralajm\u00ebrimet n\u00eb nj\u00eb m\u00ebnyr\u00eb t\u00eb dukshme dhe t\u00eb lexueshme, leht\u00ebsisht t\u00eb kuptueshme dhe precize n\u00eb lod\u00ebr, n\u00eb nj\u00eb etiket\u00eb t\u00eb vendosur ose n\u00eb paketim dhe, n\u00ebse \u00ebsht\u00eb e zbatueshme, n\u00eb udh\u00ebzimet e p\u00ebrdorimit q\u00eb shoq\u00ebrojn\u00eb lodr\u00ebn. Lodrat e vogla q\u00eb shiten pa kutit\u00eb do t\u00eb ken\u00eb paralajm\u00ebrimet e duhura t\u00eb vendosura direkt n\u00eb to. Paralajm\u00ebrimet do t\u00eb paraprihen nga fjala &#8220;Paralajm\u00ebrim&#8221; ose &#8220;Paralajm\u00ebrime&#8221;, sipas rastit. Paralajm\u00ebrimet q\u00eb p\u00ebrcaktojn\u00eb vendimin p\u00ebr t\u00eb bler\u00eb lodr\u00ebn, t\u00eb tilla si ato q\u00eb specifikojn\u00eb mosh\u00ebn minimale dhe maksimale t\u00eb p\u00ebrdoruesve, si dhe paralajm\u00ebrimet e tjera t\u00eb zbatueshme t\u00eb vendosura n\u00eb Aneksin V, do t\u00eb shfaqen n\u00eb paketimin e destinuar p\u00ebr konsumatorin ose, n\u00ebse jo, ato do t\u00eb jen\u00eb qart\u00eb e dukshme p\u00ebr konsumatorin p\u00ebrpara blerjes, edhe kur blerja \u00ebsht\u00eb b\u00ebr\u00eb &#8220;online&#8221;.<\/li>\n<li>N\u00eb p\u00ebrputhje me nenin 5.7, paralajm\u00ebrimet dhe udh\u00ebzimet e siguris\u00eb do t\u00eb shkruhen t\u00eb pakt\u00ebn n\u00eb Anglisht.<\/li>\n<\/ol>\n\n\t\t<\/div>\n\t<\/div>\n<\/div><\/div><\/div><\/div><div class=\"vc_row wpb_row vc_row-fluid vc_custom_1528700432537 vc_row-has-fill\"><div class=\"wpb_column vc_column_container vc_col-sm-12\"><div class=\"vc_column-inner vc_custom_1527238251732\"><div class=\"wpb_wrapper\">\t\t\t<div id=\"wd-5fe94790d22fc\" class=\"wd-text-block-wrapper wd-wpb wd-rs-5fe94790d22fc color-scheme-dark text-left vc_custom_1609123731884\">\n\t\t\t\t<div class=\"woodmart-title-container woodmart-text-block reset-last-child font-primary wd-font-weight-600\">\n\t\t\t\t\t<\/p>\n<h2>SHTOJCA V<\/h2>\n<p>\t\t\t\t<\/div>\n\n\t\t\t\t\t\t\t<\/div>\n\t\t\n\t<div class=\"wpb_text_column wpb_content_element vc_custom_1611612676018\" >\n\t\t<div class=\"wpb_wrapper\">\n\t\t\t<h3>Paralajm\u00ebrime (referuar n\u00eb nenin 12.)<\/h3>\n<p><strong>Pjesa A<\/strong><\/p>\n<p>Paralajm\u00ebrime t\u00eb p\u00ebrgjithshme<\/p>\n<p>Kufizimet n\u00eb lidhje me p\u00ebrdoruesin e parashikuar n\u00eb nenin 12.1, do t\u00eb p\u00ebrfshijn\u00eb t\u00eb pakt\u00ebn mosh\u00ebn minimale ose maksimale t\u00eb p\u00ebrdoruesve t\u00eb lodrave dhe, kur \u00ebsht\u00eb e p\u00ebrshtatshme, kapacitetin e tyre dhe pesh\u00ebn e tyre maksimale ose minimale, si dhe nevoj\u00ebn p\u00ebr t\u00eb siguruar q\u00eb lodra p\u00ebrdoret vet\u00ebm n\u00ebn mbik\u00ebqyrjen e t\u00eb rriturve.<\/p>\n<p><strong>Pjesa B<\/strong><\/p>\n<p>Paralajm\u00ebrime specifike dhe indikacione t\u00eb masave paraprake q\u00eb duhen marr\u00eb kur p\u00ebrdorni disa kategori lodrash<\/p>\n<ol>\n<li><strong>Lodra jo t\u00eb destinuara p\u00ebr f\u00ebmij\u00eb n\u00ebn 36 muaj.\u00a0<\/strong>Lodrat q\u00eb mund t\u00eb jen\u00eb t\u00eb rrezikshme p\u00ebr f\u00ebmij\u00ebt n\u00ebn 36 muaj do t\u00eb mbajn\u00eb nj\u00eb paralajm\u00ebrim, p\u00ebr shembull, &#8220;Jo t\u00eb p\u00ebrshtatshme p\u00ebr f\u00ebmij\u00eb n\u00ebn 36 muaj&#8221;, &#8220;Jo t\u00eb p\u00ebrshtatshme p\u00ebr f\u00ebmij\u00eb n\u00ebn tre vje\u00e7&#8221; ose nj\u00eb paralajm\u00ebrim me piktogramin e m\u00ebposht\u00ebm: K\u00ebto paralajm\u00ebrime do t\u00eb shoq\u00ebrohen nga nj\u00eb tregues i shkurt\u00ebr, i cili mund t\u00eb shfaqet n\u00eb udh\u00ebzimet e p\u00ebrdorimit, t\u00eb rrezikut specifik p\u00ebr t\u00eb cilin zbatohet masa paraprake. Kjo pik\u00eb nuk do t\u00eb zbatohet p\u00ebr lodrat q\u00eb n\u00eb m\u00ebnyr\u00eb t\u00eb qart\u00eb, p\u00ebr shkak t\u00eb funksioneve, dimensioneve, karakteristikave, vetive ose elementeve t\u00eb tjer\u00eb t\u00eb duksh\u00ebm, nuk ka t\u00eb ngjar\u00eb t\u00eb p\u00ebrdoren p\u00ebr f\u00ebmij\u00ebt n\u00ebn 36 muaj.<\/li>\n<li><strong>Lodra aktiviteti.\u00a0<\/strong><strong><span class=\"\">Lodrat e aktivitetit do t\u00eb mbajn\u00eb paralajm\u00ebrimin: &#8220;Vet\u00ebm p\u00ebr p\u00ebrdorim sht\u00ebpiak&#8221;.\u00a0<\/span><\/strong>Lodrat e aktivitetit t\u00eb lidhura n\u00eb nj\u00eb travers\u00eb, si dhe lodrat e tjera t\u00eb aktivitetit, kur \u00ebsht\u00eb e p\u00ebrshtatshme, do t\u00eb shoq\u00ebrohen me udh\u00ebzime p\u00ebr p\u00ebrdorim q\u00eb nxjerrin n\u00eb pah nevoj\u00ebn p\u00ebr t\u00eb kryer kontrolle dhe rishikime t\u00eb rregullta t\u00eb pjes\u00ebve t\u00eb tyre m\u00eb t\u00eb r\u00ebnd\u00ebsishme (pezullime, kufizime, rregullime n\u00eb tok\u00eb, etj.) dhe q\u00eb specifikon q\u00eb, n\u00eb rast t\u00eb mosveprimit t\u00eb k\u00ebtyre kontrolleve, lodra mund t\u00eb paraqes\u00eb rrezikun e r\u00ebnies ose p\u00ebrmbysjes. Duhet t\u00eb jepen gjithashtu udh\u00ebzime p\u00ebr m\u00ebnyr\u00ebn e sakt\u00eb t\u00eb montimit, duke treguar pjes\u00ebt q\u00eb mund t\u00eb jen\u00eb t\u00eb rrezikshme n\u00eb rast t\u00eb montimit t\u00eb pasakt\u00eb. Sip\u00ebrfaqja e p\u00ebrshtatshme do t\u00eb tregohet specifikisht.<\/li>\n<li><strong>Lodra funksionale.\u00a0<\/strong>Lodrat funksionale duhet t\u00eb mbajn\u00eb paralajm\u00ebrimin: &#8220;P\u00ebrdorni n\u00ebn mbik\u00ebqyrjen e drejtp\u00ebrdrejt\u00eb t\u00eb nj\u00eb t\u00eb rrituri. &#8220;P\u00ebrve\u00e7 k\u00ebsaj, ato do t\u00eb shoq\u00ebrohen me udh\u00ebzime p\u00ebr p\u00ebrdorim q\u00eb tregojn\u00eb masat paraprake q\u00eb duhet t\u00eb merren nga p\u00ebrdoruesi, duke paralajm\u00ebruar q\u00eb n\u00eb rast t\u00eb heqjes s\u00eb masave paraprake t\u00eb p\u00ebrmendura, ata do t\u00eb ekspozohen ndaj rreziqeve &#8211; t\u00eb cilat duhet t\u00eb specifikohen &#8211; t\u00eb pandara me pajisjen ose produktin e s\u00eb cil\u00ebs \u00ebsht\u00eb lodra. P\u00ebrb\u00ebn nj\u00eb model shkalle ose nj\u00eb imitim. Do t\u00eb tregohet gjithashtu q\u00eb lodra duhet t\u00eb mbahet larg mund\u00ebsive t\u00eb f\u00ebmij\u00ebve n\u00ebn nj\u00eb mosh\u00eb t\u00eb caktuar, mosh\u00eb kjo q\u00eb duhet t\u00eb vendoset nga prodhuesi.<\/li>\n<li><strong>Lodra kimike.\u00a0<\/strong>Pa paragjykuar zbatimin e dispozitave t\u00eb vendosura n\u00eb legjislacionin n\u00eb fuqi t\u00eb komunitetit n\u00eb lidhje me klasifikimin, paketimin dhe etiketimin e disa substancave ose p\u00ebrzierjeve, udh\u00ebzimet p\u00ebr p\u00ebrdorimin e lodrave q\u00eb p\u00ebrmbajn\u00eb substanca ose p\u00ebrzierje q\u00eb jan\u00eb t\u00eb rrezikshme nga natyra do t\u00eb paralajm\u00ebrojn\u00eb p\u00ebr rrezikun e tyre dhe ato do t\u00eb tregojn\u00eb masat paraprake q\u00eb duhet t\u00eb merren nga p\u00ebrdoruesit p\u00ebr t\u00eb shmangur rreziqet q\u00eb ato sjellin, t\u00eb cilat duhet t\u00eb specifikohen n\u00eb nj\u00eb m\u00ebnyr\u00eb koncize n\u00eb var\u00ebsi t\u00eb llojit t\u00eb lodr\u00ebs. Do t\u00eb p\u00ebrmendet edhe ndihma e par\u00eb q\u00eb duhet t\u00eb administrohet n\u00eb rast aksidentesh t\u00eb r\u00ebnda q\u00eb mund t\u00eb shkaktohen nga p\u00ebrdorimi i lodrave t\u00eb tilla. Do t\u00eb tregohet gjithashtu q\u00eb lodra duhet t\u00eb mbahet larg mund\u00ebsive t\u00eb f\u00ebmij\u00ebve n\u00ebn nj\u00eb mosh\u00eb t\u00eb caktuar, mosh\u00eb kjo q\u00eb duhet t\u00eb vendoset nga prodhuesi. <span class=\"\">P\u00ebrve\u00e7 indikacioneve t\u00eb cituara n\u00eb paragrafin e m\u00ebsip\u00ebrm, lodrat kimike do t\u00eb shfaqin paralajm\u00ebrimin vijues n\u00eb paketimin e tyre: \u00abNuk \u00ebsht\u00eb i p\u00ebrshtatsh\u00ebm p\u00ebr f\u00ebmij\u00ebt n\u00ebn (mosha e vendosur nga prodhuesi) vjet. <\/span>T\u00eb p\u00ebrdoret n\u00ebn mbik\u00ebqyrjen e nj\u00eb t\u00eb rrituri. &#8216;N\u00eb ve\u00e7anti, lodrat kimike konsiderohen: loj\u00ebra kimike, pajisje plastike p\u00ebr ngulitje, mini-pun\u00ebtori qeramike, smaltim ose fotografi dhe lodra t\u00eb ngjashme q\u00eb p\u00ebrfshijn\u00eb nj\u00eb reaksion kimik ose nj\u00eb ndryshim t\u00eb ngjash\u00ebm t\u00eb substanc\u00ebs gjat\u00eb p\u00ebrdorimit.<\/li>\n<li><strong>Patina p\u00ebr lodra p\u00ebr f\u00ebmij\u00eb, patina me rrota, patina t\u00eb linj\u00ebs, skateboard, skuter dhe bi\u00e7ikleta.\u00a0<\/strong>Kur k\u00ebto produkte shiten si lodra, ato do t\u00eb mbajn\u00eb paralajm\u00ebrimin vijues:\u00a0<span class=\"\">\u00abDuhet t\u00eb p\u00ebrdoren pajisje mbrojt\u00ebse. <\/span>Mos e p\u00ebrdorni n\u00eb vendet me trafik &#8220;. P\u00ebrve\u00e7 k\u00ebsaj, udh\u00ebzimet p\u00ebr p\u00ebrdorim do t\u00eb kujtojn\u00eb se lodra duhet t\u00eb p\u00ebrdoret me kujdes, pasi k\u00ebrkon aft\u00ebsi t\u00eb m\u00ebdha, p\u00ebr t\u00eb shmangur r\u00ebniet ose p\u00ebrplasjet q\u00eb shkaktojn\u00eb d\u00ebmtime t\u00eb p\u00ebrdoruesit ose t\u00eb tjer\u00ebve. Disa tregues do t\u00eb jepen gjithashtu n\u00eb pajisjet mbrojt\u00ebse t\u00eb rekomanduara (helmetat, dor\u00ebzat, jast\u00ebk\u00ebt e gjurit, jast\u00ebk\u00ebt e b\u00ebrrylit, etj.).<\/li>\n<li><strong>Lodrat e destinuara p\u00ebr p\u00ebrdorim n\u00eb uj\u00eb.\u00a0<\/strong>Lodrat e destinuara p\u00ebr p\u00ebrdorim n\u00eb uj\u00eb duhet t\u00eb mbajn\u00eb paralajm\u00ebrimin vijues: &#8220;P\u00ebrdorni vet\u00ebm n\u00eb uj\u00eb ku f\u00ebmija mund t\u00eb q\u00ebndroj\u00eb n\u00eb k\u00ebmb\u00eb dhe n\u00ebn mbik\u00ebqyrjen e t\u00eb rriturve&#8221;.<\/li>\n<li><strong>Lodrat n\u00eb ushqim.\u00a0<\/strong>Lodrat e shp\u00ebrndara n\u00eb ushqim ose t\u00eb p\u00ebrziera me ushqim do t\u00eb mbajn\u00eb paralajm\u00ebrimin vijues: &#8220;P\u00ebrmban nj\u00eb lod\u00ebr. Rekomandohet mbik\u00ebqyrja e t\u00eb rriturve&#8221;.<\/li>\n<li><strong>Lodrat q\u00eb imitojn\u00eb maska ??mbrojt\u00ebse dhe helmeta.\u00a0<\/strong>Lodrat q\u00eb imitojn\u00eb maska ??mbrojt\u00ebse dhe helmeta do t\u00eb mbajn\u00eb paralajm\u00ebrimin vijues: &#8220;Kjo lod\u00ebr nuk ofron mbrojtje.&#8221;<\/li>\n<li><strong>Lodrat synojn\u00eb t\u00eb pezullohen mbi nj\u00eb krevat f\u00ebmij\u00ebsh, kosh loj\u00eb ose karroc\u00eb f\u00ebmij\u00ebsh me an\u00eb t\u00eb litar\u00ebve, litar\u00ebve, elastik\u00ebve ose rripave.\u00a0<\/strong>Lodrat q\u00eb synojn\u00eb t\u00eb pezullohen mbi nj\u00eb krevat f\u00ebmij\u00ebsh, kopsht f\u00ebmij\u00ebsh ose karroc\u00eb f\u00ebmij\u00ebsh me an\u00eb t\u00eb litar\u00ebve, litar\u00ebve, elastik\u00ebve ose rripave do t\u00eb shoq\u00ebrohen, n\u00eb paketim, nga paralajm\u00ebrimi i m\u00ebposht\u00ebm q\u00eb do t\u00eb tregohet p\u00ebrgjithmon\u00eb n\u00eb lod\u00ebr: &#8220;P\u00ebr t\u00eb shmangur d\u00ebmtimin e mundsh\u00ebm t\u00eb mbytjes, kjo lod\u00ebr duhet t\u00eb hiqet kur f\u00ebmija fillon t\u00eb p\u00ebrpiqet t\u00eb ngrihet n\u00eb duar dhe gjunj\u00eb&#8221;.<\/li>\n<li><strong>Paketim p\u00ebr loj\u00ebra tavoline t\u00eb nuhatjes, \u00e7anta kozmetike dhe loj\u00ebra shije.\u00a0<\/strong>Paketimi p\u00ebr loj\u00ebrat e bordit t\u00eb nuhatjes, kompletet kozmetike dhe loj\u00ebrat shijuese q\u00eb p\u00ebrmbajn\u00eb aromat e p\u00ebrmendura n\u00eb pikat 41 deri 55 t\u00eb list\u00ebs q\u00eb p\u00ebrmbahen n\u00eb aneksin II, pjesa III, pika 11, paragrafi i par\u00eb dhe aromat e p\u00ebrmendura n\u00eb Pikat 1 deri n\u00eb 11 t\u00eb list\u00ebs n\u00eb paragrafin e tret\u00eb t\u00eb asaj pike do t\u00eb mbajn\u00eb paralajm\u00ebrimin vijues: &#8220;P\u00ebrmban arom\u00eb q\u00eb mund t\u00eb shkaktojn\u00eb alergji&#8221;.<\/li>\n<\/ol>\n\n\t\t<\/div>\n\t<\/div>\n<\/div><\/div><\/div><\/div><div class=\"vc_row wpb_row vc_row-fluid vc_custom_1528700436855 vc_row-has-fill\"><div class=\"wpb_column vc_column_container vc_col-sm-12\"><div class=\"vc_column-inner vc_custom_1527238251732\"><div class=\"wpb_wrapper\">\t\t\t<div id=\"wd-600f402345290\" class=\"wd-text-block-wrapper wd-wpb wd-rs-600f402345290 color-scheme-dark text-left vc_custom_1611612201609\">\n\t\t\t\t<div class=\"woodmart-title-container woodmart-text-block reset-last-child font-primary wd-font-weight-600\">\n\t\t\t\t\t<\/p>\n<h2>SH\u00cbNIMI CE<\/h2>\n<p>\t\t\t\t<\/div>\n\n\t\t\t\t\t\t\t<\/div>\n\t\t\n\t<div class=\"wpb_text_column wpb_content_element vc_custom_1611612621467 text-larger\" >\n\t\t<div class=\"wpb_wrapper\">\n\t\t\t<p>Standardet e organeve evropiane t\u00eb standardizimit ofrojn\u00eb prova t\u00eb p\u00ebrputhshm\u00ebris\u00eb s\u00eb tyre me k\u00ebrkesat thelb\u00ebsore. Lodrat q\u00eb plot\u00ebsojn\u00eb k\u00ebto k\u00ebrkesa mbajn\u00eb shenj\u00ebn e konformitetit &#8220;CE&#8221;.<\/p>\n<p>N\u00eb BE, prodhuesit jan\u00eb drejtp\u00ebrdrejt p\u00ebrgjegj\u00ebs p\u00ebr sigurin\u00eb e lodrave t\u00eb tyre dhe importuesit e lodrave q\u00eb ata ua vendosin f\u00ebmij\u00ebve evropian\u00eb p\u00ebrmes shp\u00ebrndar\u00ebsve.<\/p>\n<p>Shenja CE (&#8220;Konformiteti Evropian&#8221;) \u00ebsht\u00eb e detyrueshme dhe \u00ebsht\u00eb krijuar n\u00eb m\u00ebnyr\u00eb q\u00eb vet\u00eb prodhuesit dhe importuesit t\u00eb supozojn\u00eb pajtueshm\u00ebrin\u00eb e lodrave t\u00eb tyre me standardet e p\u00ebrcaktuara nga Direktiva e K\u00ebshillit 88\/378 \/ EEC e 3 majit 1988 Lidhur me p\u00ebrafrimin e ligjeve t\u00eb Shteteve An\u00ebtare p\u00ebr sigurin\u00eb e lodrave (ky standard evropian ka p\u00ebsuar modifikime t\u00eb ndryshme dhe secili prej tyre \u00ebsht\u00eb zhvendosur n\u00eb sistemin ligjor spanjoll).<\/p>\n<h3>Cila \u00ebsht\u00eb marka CE p\u00ebr sigurin\u00eb e lodrave<\/h3>\n<p>Shenja CE \u00ebsht\u00eb nj\u00eb karakteristik\u00eb q\u00eb duhet t\u00eb jet\u00eb e pranishme n\u00eb t\u00eb gjitha lodrat e tregtuara n\u00eb Zon\u00ebn Ekonomike Evropiane, pavar\u00ebsisht nga vjen produkti, pasi kjo zon\u00eb evropiane lejon l\u00ebvizjen e lir\u00eb t\u00eb mallrave.<\/p>\n<p>Ajo \u00ebsht\u00eb nj\u00eb &#8220;deklarat\u00eb&#8221; e prodhuesit, n\u00eb t\u00eb cil\u00ebn ajo njeh q\u00eb lodrat e saj p\u00ebrputhen me standardet dhe &#8220;k\u00ebrkesat thelb\u00ebsore&#8221; t\u00eb referuara n\u00eb direktiv\u00ebn e lartp\u00ebrmendur dhe modifikimet pasuese.<\/p>\n<h3>Informacioni i mark\u00ebs CE<\/h3>\n<p>Shenja CE duhet t\u00eb ket\u00eb shkronjat CE, emrin dhe adres\u00ebn e prodhuesit dhe nj\u00eb kod identifikimi q\u00eb siguron &#8220;gjurmueshm\u00ebrin\u00eb&#8221; e secilit prej modeleve t\u00eb saj t\u00eb lodrave, n\u00eb rast se \u00ebsht\u00eb e nevojshme t\u00eb p\u00ebrpunohet t\u00ebrheqja e tyre e shpejt\u00eb nga tregu p\u00ebr shkak t\u00eb nj\u00eb problemi. siguria e pasme.<\/p>\n<p>Rregulloret evropiane thon\u00eb se:<\/p>\n<p>N\u00eb rastin e lodrave me madh\u00ebsi t\u00eb zvog\u00ebluar, si dhe n\u00eb rastin e lodrave t\u00eb p\u00ebrb\u00ebra nga element\u00eb me madh\u00ebsi t\u00eb zvog\u00ebluar, k\u00ebto indikacione mund t\u00eb vendosen gjithashtu n\u00eb paketim, n\u00eb nj\u00eb etiket\u00eb ose n\u00eb nj\u00eb broshur\u00eb. Kur k\u00ebto tregues nuk vendosen n\u00eb lod\u00ebr, v\u00ebmendja e konsumatorit duhet t\u00eb t\u00ebrhiqet nga dobia e mbajtjes s\u00eb tyre.<\/p>\n<p>Po k\u00ebshtu, ai gjithashtu thot\u00eb:<\/p>\n<p>\u00cbsht\u00eb e ndaluar t\u00eb vendosni shenja n\u00eb lodra q\u00eb mund t\u00eb mashtrojn\u00eb pal\u00ebt e treta n\u00eb lidhje me kuptimin ose logon e sh\u00ebnimit \u00abCE\u00bb. \u00c7do shenj\u00eb tjet\u00ebr mund t\u00eb vendoset n\u00eb lodra, paketim ose nj\u00eb etiket\u00eb, me kusht q\u00eb t\u00eb mos zvog\u00ebloj\u00eb dukshm\u00ebrin\u00eb ose lexueshm\u00ebrin\u00eb e mark\u00ebs &#8216;CE&#8217;.<\/p>\n<h3>Monitorimi i tregut<\/h3>\n<p>Meqen\u00ebse t\u00eb gjitha lodrat p\u00ebr shitje n\u00eb BE supozohet t\u00eb jen\u00eb t\u00eb sigurta sepse prodhuesit e tyre supozohet se kan\u00eb kryer testet p\u00ebr t\u00eb provuar pajtueshm\u00ebrin\u00eb me standardet e siguris\u00eb t\u00eb rregulloreve evropiane, shtetet an\u00ebtare rezervojn\u00eb t\u00eb drejt\u00ebn p\u00ebr t\u00eb provuar dhe kontrolluar mostrat e lodrave p\u00ebr t\u00eb siguruar q\u00eb lodra n\u00eb t\u00eb v\u00ebrtet\u00eb plot\u00ebson k\u00ebrkesat p\u00ebr t\u00eb mbajtur etiket\u00ebn CE.<\/p>\n<p>P\u00ebr k\u00ebt\u00eb, ata do t\u00eb jen\u00eb n\u00eb gjendje t\u00eb hyjn\u00eb n\u00eb magazinat e prodhuesve dhe t\u00eb k\u00ebrkojn\u00eb prej tyre dokumentacionin teknik t\u00eb lodr\u00ebs (modeli dhe metoda e prodhimit).<\/p>\n<h3>Neni 15, Parimet e p\u00ebrgjithshme t\u00eb sh\u00ebnjimit CE<\/h3>\n<ol>\n<li>Lodrat e tregtuara do t\u00eb mbajn\u00eb shenj\u00ebn CE.<\/li>\n<li><span class=\"\">Shenja CE do t&#8217;i n\u00ebnshtrohet parimeve t\u00eb p\u00ebrgjithshme t\u00eb p\u00ebrcaktuara n\u00eb nenin 30 t\u00eb Rregullores (KE) Nr. 765\/2008. <\/span><\/li>\n<li>Do t\u00eb supozohet se lodrat q\u00eb mbajn\u00eb shenj\u00ebn CE jan\u00eb n\u00eb p\u00ebrputhje me k\u00ebt\u00eb dekret mbret\u00ebror.<\/li>\n<li>Lodrat q\u00eb nuk mbajn\u00eb shenj\u00ebn CE ose q\u00eb ndryshe nuk jan\u00eb n\u00eb p\u00ebrputhje me k\u00ebt\u00eb dekret mbret\u00ebror mund t\u00eb shfaqen n\u00eb panaire dhe ekspozita, me kusht q\u00eb ato t\u00eb shoq\u00ebrohen nga nj\u00eb shenj\u00eb q\u00eb tregon qart\u00eb se nuk jan\u00eb n\u00eb p\u00ebrputhje me t\u00eb dhe q\u00eb nuk do t\u00eb tregtohen m\u00eb par\u00eb q\u00eb jan\u00eb b\u00ebr\u00eb n\u00eb p\u00ebrputhje.<\/li>\n<\/ol>\n<h3>Neni 16, Rregullat dhe kushtet p\u00ebr vendosjen e mark\u00ebs CE<\/h3>\n<ol>\n<li>Shenja CE do t\u00eb vendoset n\u00eb nj\u00eb m\u00ebnyr\u00eb t\u00eb dukshme, t\u00eb lexueshme dhe t\u00eb pashlyeshme n\u00eb lod\u00ebr, ose n\u00eb nj\u00eb etiket\u00eb t\u00eb ngjitur ose n\u00eb paketim. N\u00eb rastin e lodrave t\u00eb vogla dhe lodrave t\u00eb p\u00ebrb\u00ebra nga pjes\u00eb t\u00eb vogla, shenja CE mund t\u00eb vendoset n\u00eb nj\u00eb etiket\u00eb ose n\u00eb nj\u00eb broshur\u00eb t\u00eb bashkangjitur. N\u00ebse kjo nuk \u00ebsht\u00eb teknikisht e mundur n\u00eb rastin e lodrave t\u00eb shitura n\u00eb ekranet e sportelit dhe me kusht q\u00eb ekrani t\u00eb jet\u00eb p\u00ebrdorur fillimisht si paketim p\u00ebr lodrat, shenja CE do t\u00eb vendoset n\u00eb ekranin e banakut. N\u00ebse shenja CE nuk \u00ebsht\u00eb e dukshme nga pjesa e jashtme e paketimit, n\u00ebse ka, ajo do t\u00eb vendoset t\u00eb pakt\u00ebn n\u00eb paketim.<\/li>\n<li>Shenja CE do t\u00eb vendoset p\u00ebrpara se lodra t\u00eb vendoset n\u00eb treg. Mund t\u00eb pasohet nga nj\u00eb piktogram ose ndonj\u00eb shenj\u00eb tjet\u00ebr q\u00eb tregon nj\u00eb rrezik ose p\u00ebrdorim t\u00eb ve\u00e7ant\u00eb.<\/li>\n<\/ol>\n\n\t\t<\/div>\n\t<\/div>\n<\/div><\/div><\/div><\/div>\n<\/section>","protected":false},"excerpt":{"rendered":"Dekreti Mbret\u00ebror 1205\/2011, i 26 gushtit, p\u00ebr sigurin\u00eb e lodrave PARALAJM\u00cbRIME Ky Dekret Mbret\u00ebror synon t\u00eb harmonizoj\u00eb rregulloret e Komunitetit","protected":false},"author":196612798,"featured_media":0,"parent":0,"menu_order":0,"comment_status":"closed","ping_status":"closed","template":"","meta":{"advanced_seo_description":"","jetpack_seo_html_title":"","jetpack_seo_noindex":false,"jetpack_post_was_ever_published":false,"footnotes":""},"class_list":["post-7495","page","type-page","status-publish","hentry"],"jetpack_likes_enabled":false,"jetpack_sharing_enabled":false,"jetpack_shortlink":"https:\/\/wp.me\/PehQoY-1WT","amp_enabled":true,"_links":{"self":[{"href":"https:\/\/eurekakidskosovo.com\/en\/wp-json\/wp\/v2\/pages\/7495","targetHints":{"allow":["GET"]}}],"collection":[{"href":"https:\/\/eurekakidskosovo.com\/en\/wp-json\/wp\/v2\/pages"}],"about":[{"href":"https:\/\/eurekakidskosovo.com\/en\/wp-json\/wp\/v2\/types\/page"}],"author":[{"embeddable":true,"href":"https:\/\/eurekakidskosovo.com\/en\/wp-json\/wp\/v2\/users\/196612798"}],"replies":[{"embeddable":true,"href":"https:\/\/eurekakidskosovo.com\/en\/wp-json\/wp\/v2\/comments?post=7495"}],"version-history":[{"count":1,"href":"https:\/\/eurekakidskosovo.com\/en\/wp-json\/wp\/v2\/pages\/7495\/revisions"}],"predecessor-version":[{"id":23798,"href":"https:\/\/eurekakidskosovo.com\/en\/wp-json\/wp\/v2\/pages\/7495\/revisions\/23798"}],"wp:attachment":[{"href":"https:\/\/eurekakidskosovo.com\/en\/wp-json\/wp\/v2\/media?parent=7495"}],"curies":[{"name":"wp","href":"https:\/\/api.w.org\/{rel}","templated":true}]}}