{"id":18206,"date":"2022-04-24T02:22:32","date_gmt":"2022-04-24T00:22:32","guid":{"rendered":"http:\/\/eurekakidskosovo.com\/?post_type=product&#038;p=18206"},"modified":"2026-05-08T20:34:27","modified_gmt":"2026-05-08T18:34:27","slug":"helmete-xxs-s-3","status":"publish","type":"product","link":"https:\/\/eurekakidskosovo.com\/en\/product\/helmete-xxs-s-3\/","title":{"rendered":"Helmet\u00eb XXS-S"},"content":{"rendered":"<p>Siguria e para! Helmetat e reja Scoot &amp; Ride nj\u00eb domosdoshm\u00ebri p\u00ebr f\u00ebmij\u00ebt m\u00eb t\u00eb vegj\u00ebl,n\u00eb m\u00ebnyr\u00eb q\u00eb arg\u00ebtimi t\u00eb zgjas\u00eb m\u00eb shum\u00eb.Ato, natyrisht, testohen n\u00eb p\u00ebrputhje me t\u00eb gjitha standardet e siguris\u00eb.<\/p>\n<p><strong>Features:<\/strong><br \/>\n\u2013 Mb\u00ebrthyesi inovativ magnetik e b\u00ebn t\u00eb leht\u00eb p\u00ebr f\u00ebmij\u00ebt hapjen dhe mbylljen e helmet\u00ebs dhe parandalon q\u00eb l\u00ebkura t\u00eb futet brenda.<br \/>\n\u2013 Siguri shtes\u00eb: Ka nj\u00eb drit\u00eb LED q\u00eb ndizet p\u00ebr shikueshm\u00ebri m\u00eb t\u00eb madhe<br \/>\n\u2013 T\u00eb gjitha helmetat jan\u00eb t\u00eb rregullueshme n\u00eb madh\u00ebsi.<br \/>\n\u2013 Helmeta n\u00eb madh\u00ebsi: XXS \u2013 S<br \/>\n\u2013 Madh\u00ebsia e kok\u00ebs: 45 \u2013 51 cm<\/p>","protected":false},"excerpt":{"rendered":"<p>Siguria e para! Helmetat e reja Scoot &amp; Ride nj\u00eb domosdoshm\u00ebri p\u00ebr f\u00ebmij\u00ebt m\u00eb t\u00eb vegj\u00ebl,n\u00eb m\u00ebnyr\u00eb q\u00eb arg\u00ebtimi t\u00eb<\/p>","protected":false},"featured_media":23479,"template":"","meta":{"advanced_seo_description":"","jetpack_seo_html_title":"","jetpack_seo_noindex":false},"product_brand":[],"product_cat":[2588,2428,2585],"product_tag":[],"class_list":{"0":"post-18206","1":"product","2":"type-product","3":"status-publish","4":"has-post-thumbnail","6":"product_cat-0-deri-ne-2-vjet-lodra-per-natyre","7":"product_cat-lodra-per-natyre","8":"product_cat-skuter","10":"first","11":"instock","12":"taxable","13":"shipping-taxable","14":"purchasable","15":"product-type-simple"},"jetpack_likes_enabled":false,"jetpack_sharing_enabled":false,"_links":{"self":[{"href":"https:\/\/eurekakidskosovo.com\/en\/wp-json\/wp\/v2\/product\/18206","targetHints":{"allow":["GET"]}}],"collection":[{"href":"https:\/\/eurekakidskosovo.com\/en\/wp-json\/wp\/v2\/product"}],"about":[{"href":"https:\/\/eurekakidskosovo.com\/en\/wp-json\/wp\/v2\/types\/product"}],"wp:featuredmedia":[{"embeddable":true,"href":"https:\/\/eurekakidskosovo.com\/en\/wp-json\/wp\/v2\/media\/23479"}],"wp:attachment":[{"href":"https:\/\/eurekakidskosovo.com\/en\/wp-json\/wp\/v2\/media?parent=18206"}],"wp:term":[{"taxonomy":"product_brand","embeddable":true,"href":"https:\/\/eurekakidskosovo.com\/en\/wp-json\/wp\/v2\/product_brand?post=18206"},{"taxonomy":"product_cat","embeddable":true,"href":"https:\/\/eurekakidskosovo.com\/en\/wp-json\/wp\/v2\/product_cat?post=18206"},{"taxonomy":"product_tag","embeddable":true,"href":"https:\/\/eurekakidskosovo.com\/en\/wp-json\/wp\/v2\/product_tag?post=18206"}],"curies":[{"name":"wp","href":"https:\/\/api.w.org\/{rel}","templated":true}]}}