{"id":18357,"date":"2022-04-30T22:16:43","date_gmt":"2022-04-30T20:16:43","guid":{"rendered":"http:\/\/eurekakidskosovo.com\/?post_type=product&#038;p=18357"},"modified":"2026-05-08T16:28:57","modified_gmt":"2026-05-08T14:28:57","slug":"skuter-i-palosshem-highway-kick-3-7","status":"publish","type":"product","link":"https:\/\/eurekakidskosovo.com\/en\/product\/skuter-i-palosshem-highway-kick-3-7\/","title":{"rendered":"Skuter i palossh\u00ebm Highway Kick 3"},"content":{"rendered":"<p>F\u00ebmija juaj do t\u00eb arg\u00ebtohet me skuterin Highwaykick 3 nga Scoot and Ride . Sepse skuteri jo vet\u00ebm q\u00eb duket i shk\u00eblqyesh\u00ebm, por \u00ebsht\u00eb gjithashtu ende i leht\u00eb, ka nj\u00eb sip\u00ebrfaqe dhe doreza q\u00eb nuk rr\u00ebshqasin. Kjo siguron mb\u00ebshtetje p\u00ebr shum\u00eb l\u00ebvizje.Fal\u00eb rregullimit t\u00eb lart\u00ebsis\u00eb, Highwaykick 3 p\u00ebrshtatet n\u00eb m\u00ebnyr\u00eb optimale me madh\u00ebsin\u00eb e f\u00ebmij\u00ebs suaj.<\/p>\n<p><strong>Features:<\/strong><br \/>\n&#8211; Rrotat e buta kan\u00eb LED q\u00eb nuk k\u00ebrkojn\u00eb bateri t\u00eb ve\u00e7anta.<br \/>\n&#8211; T\u00eb tre rrotat i garantojn\u00eb fillestarit t\u00eb vog\u00ebl nj\u00eb ngarje shum\u00eb t\u00eb sigurt dhe t\u00eb q\u00ebndrueshme pa kthesa an\u00ebsore.<br \/>\n&#8211; Sedilja tep\u00ebr e madhe, n\u00eb form\u00eb anatomike e ndihmon f\u00ebmij\u00ebn tuaj t\u00eb ngas\u00eb si\u00e7 duhet.<br \/>\n&#8211; Mb\u00ebshtetja e p\u00ebrparme e siguris\u00eb ju pengon t\u00eb p\u00ebrmbyseni.<br \/>\n&#8211; Frena e k\u00ebmb\u00ebs, timoni ergonomik dhe rrotat e qeta garantojn\u00eb nj\u00eb k\u00ebnaq\u00ebsi t\u00eb madhe ngarje!<br \/>\n&#8211; I p\u00ebrshtatsh\u00ebm p\u00ebr nj\u00eb madh\u00ebsi trupore prej 96 deri n\u00eb 130 cm<br \/>\n&#8211; Timon i rregulluesh\u00ebm n\u00eb lart\u00ebsi 62 &#8211; 82 cm (3 pozicione)<br \/>\n&#8211; Pesha maksimale e p\u00ebdoruesit: 50 kg<br \/>\n&#8211; Opsion i bllokimit t\u00eb timonit<br \/>\n&#8211; Pesha: 2,6 kg<\/p>","protected":false},"excerpt":{"rendered":"<p>F\u00ebmija juaj do t\u00eb arg\u00ebtohet me skuterin Highwaykick 3 nga Scoot and Ride . Sepse skuteri jo vet\u00ebm q\u00eb duket<\/p>","protected":false},"featured_media":23452,"template":"","meta":{"advanced_seo_description":"","jetpack_seo_html_title":"","jetpack_seo_noindex":false},"product_brand":[],"product_cat":[2589,2590,2428,2585],"product_tag":[],"class_list":{"0":"post-18357","1":"product","2":"type-product","3":"status-publish","4":"has-post-thumbnail","6":"product_cat-2-deri-ne-5-vjet-lodra-per-natyre","7":"product_cat-5-deri-ne-8-vjet-lodra-per-natyre","8":"product_cat-lodra-per-natyre","9":"product_cat-skuter","11":"first","12":"instock","13":"taxable","14":"shipping-taxable","15":"purchasable","16":"product-type-simple"},"jetpack_likes_enabled":false,"jetpack_sharing_enabled":false,"_links":{"self":[{"href":"https:\/\/eurekakidskosovo.com\/en\/wp-json\/wp\/v2\/product\/18357","targetHints":{"allow":["GET"]}}],"collection":[{"href":"https:\/\/eurekakidskosovo.com\/en\/wp-json\/wp\/v2\/product"}],"about":[{"href":"https:\/\/eurekakidskosovo.com\/en\/wp-json\/wp\/v2\/types\/product"}],"wp:featuredmedia":[{"embeddable":true,"href":"https:\/\/eurekakidskosovo.com\/en\/wp-json\/wp\/v2\/media\/23452"}],"wp:attachment":[{"href":"https:\/\/eurekakidskosovo.com\/en\/wp-json\/wp\/v2\/media?parent=18357"}],"wp:term":[{"taxonomy":"product_brand","embeddable":true,"href":"https:\/\/eurekakidskosovo.com\/en\/wp-json\/wp\/v2\/product_brand?post=18357"},{"taxonomy":"product_cat","embeddable":true,"href":"https:\/\/eurekakidskosovo.com\/en\/wp-json\/wp\/v2\/product_cat?post=18357"},{"taxonomy":"product_tag","embeddable":true,"href":"https:\/\/eurekakidskosovo.com\/en\/wp-json\/wp\/v2\/product_tag?post=18357"}],"curies":[{"name":"wp","href":"https:\/\/api.w.org\/{rel}","templated":true}]}}