{"id":18546,"date":"2022-05-18T10:37:34","date_gmt":"2022-05-18T08:37:34","guid":{"rendered":"http:\/\/eurekakidskosovo.com\/?post_type=product&#038;p=18546"},"modified":"2024-06-03T00:07:38","modified_gmt":"2024-06-02T22:07:38","slug":"germuese-rere","status":"publish","type":"product","link":"https:\/\/eurekakidskosovo.com\/en\/product\/germuese-rere\/","title":{"rendered":"Lopat\u00eb r\u00ebre"},"content":{"rendered":"<p>Kjo g\u00ebrmuese r\u00ebre Scoppi t\u00ebrheq menj\u00ebher\u00eb syrin me dizajnin e tij emocionues dhe ikonik. F\u00ebmij\u00ebt do ta p\u00eblqejn\u00eb pasi p\u00ebrdorin duart dhe k\u00ebmb\u00ebt p\u00ebr t\u00eb l\u00ebvizur me leht\u00ebsi r\u00ebr\u00ebn rreth plazhit. Madje vjen me nj\u00eb sit\u00ebs r\u00ebre t\u00eb ndash\u00ebm t\u00eb zgjuar q\u00eb do t\u00eb dyfishoj\u00eb k\u00ebnaq\u00ebsin\u00eb teksa nd\u00ebrtojn\u00eb kalat\u00eb, hendeqe dhe k\u00ebshtjella.<\/p>\n<p>Kjo lod\u00ebr \u00ebsht\u00eb fituese e \u00e7mimit Red Dot.<\/p>\n<p><strong>Features:<\/strong><br \/>\n&#8211; Dizajni ergonomik i dorez\u00ebs me kapje t\u00eb leht\u00eb: p\u00ebrdorni dy duar p\u00ebr m\u00eb shum\u00eb fuqi<br \/>\n&#8211; Nxit imagjinat\u00ebn, kreativitetin, loj\u00ebn n\u00eb natyr\u00eb dhe nd\u00ebrveprimin<br \/>\n&#8211; Ofron vler\u00eb t\u00eb q\u00ebndrueshme t\u00eb loj\u00ebs sezon pas sezoni<br \/>\n- Safe to use and super easy to clean<br \/>\n&#8211; E b\u00ebr\u00eb nga plastika e q\u00ebndrueshme<br \/>\n&#8211; Plastik\u00eb e riciklueshme<\/p>","protected":false},"excerpt":{"rendered":"<p>Kjo g\u00ebrmuese r\u00ebre Scoppi t\u00ebrheq menj\u00ebher\u00eb syrin me dizajnin e tij emocionues dhe ikonik. F\u00ebmij\u00ebt do ta p\u00eblqejn\u00eb pasi p\u00ebrdorin<\/p>","protected":false},"featured_media":23429,"template":"","meta":{"advanced_seo_description":"","jetpack_seo_html_title":"","jetpack_seo_noindex":false,"jetpack_post_was_ever_published":false},"product_brand":[],"product_cat":[2581,2428,2580],"product_tag":[],"class_list":{"0":"post-18546","1":"product","2":"type-product","3":"status-publish","4":"has-post-thumbnail","6":"product_cat-aksesore-uji","7":"product_cat-lodra-per-natyre","8":"product_cat-sporte-dhe-lojera-ne-natyre","10":"first","11":"instock","12":"taxable","13":"shipping-taxable","14":"purchasable","15":"product-type-simple"},"jetpack_likes_enabled":false,"jetpack_sharing_enabled":false,"_links":{"self":[{"href":"https:\/\/eurekakidskosovo.com\/en\/wp-json\/wp\/v2\/product\/18546","targetHints":{"allow":["GET"]}}],"collection":[{"href":"https:\/\/eurekakidskosovo.com\/en\/wp-json\/wp\/v2\/product"}],"about":[{"href":"https:\/\/eurekakidskosovo.com\/en\/wp-json\/wp\/v2\/types\/product"}],"wp:featuredmedia":[{"embeddable":true,"href":"https:\/\/eurekakidskosovo.com\/en\/wp-json\/wp\/v2\/media\/23429"}],"wp:attachment":[{"href":"https:\/\/eurekakidskosovo.com\/en\/wp-json\/wp\/v2\/media?parent=18546"}],"wp:term":[{"taxonomy":"product_brand","embeddable":true,"href":"https:\/\/eurekakidskosovo.com\/en\/wp-json\/wp\/v2\/product_brand?post=18546"},{"taxonomy":"product_cat","embeddable":true,"href":"https:\/\/eurekakidskosovo.com\/en\/wp-json\/wp\/v2\/product_cat?post=18546"},{"taxonomy":"product_tag","embeddable":true,"href":"https:\/\/eurekakidskosovo.com\/en\/wp-json\/wp\/v2\/product_tag?post=18546"}],"curies":[{"name":"wp","href":"https:\/\/api.w.org\/{rel}","templated":true}]}}