{"id":18562,"date":"2022-05-18T11:48:22","date_gmt":"2022-05-18T09:48:22","guid":{"rendered":"http:\/\/eurekakidskosovo.com\/?post_type=product&#038;p=18562"},"modified":"2024-06-03T00:07:10","modified_gmt":"2024-06-02T22:07:10","slug":"triplet","status":"publish","type":"product","link":"https:\/\/eurekakidskosovo.com\/en\/product\/triplet\/","title":{"rendered":"Triplet"},"content":{"rendered":"<p>Lopat\u00eb, grabuj\u00eb, sit\u00ebs dhe shum\u00eb m\u00eb tep\u00ebr.Triplet \u00ebsht\u00eb nj\u00eb lod\u00ebr unike multifunksionale q\u00eb e b\u00ebn krijimin e strukturave t\u00eb r\u00ebr\u00ebs arg\u00ebtuese dhe t\u00eb leht\u00eb! Nj\u00eb pjes\u00eb e lopat\u00ebs, p\u00ebr t\u00eb ndihmuar f\u00ebmij\u00ebt t\u00eb hapin gropa, t\u00eb nd\u00ebrtojn\u00eb themele dhe t\u00eb gdhendin hendeqe, nj\u00eb pjes\u00eb t\u00eb sit\u00ebsit t\u00eb r\u00ebr\u00ebs, p\u00ebr t\u00eb ndihmuar n\u00eb heqjen e guaskave dhe sedimenteve t\u00eb tjera, p\u00ebr r\u00ebr\u00eb t\u00eb l\u00ebmuar e t\u00eb form\u00ebsuar, pjes\u00ebrisht grabuj\u00eb, p\u00ebr t&#8217;i l\u00ebn\u00eb f\u00ebmij\u00ebt t\u00eb krijojn\u00eb dizajne shtes\u00eb. Doreza e zbraz\u00ebt mund t\u00eb p\u00ebrdoret edhe si gyp uji p\u00ebr t\u00eb p\u00ebrfunduar k\u00ebshtjellat m\u00eb t\u00eb bukura t\u00eb r\u00ebr\u00ebs ndonj\u00ebher\u00eb me artin e r\u00ebr\u00ebs!<\/p>\n<p><strong>Features:<\/strong><br \/>\n&#8211; Mjet 4 n\u00eb 1: lopat\u00eb, sit\u00eb, grabuj\u00eb dhe gyp me uj\u00eb ose r\u00ebr\u00eb<br \/>\n&#8211; Nxit imagjinat\u00ebn dhe kreativitetin<br \/>\n&#8211; P\u00ebrdoreni n\u00eb plazh, n\u00eb kopsht, n\u00eb tavolina me r\u00ebr\u00eb apo edhe n\u00eb vask\u00eb!<br \/>\n- Safe to use and super easy to clean<br \/>\n&#8211; B\u00ebr\u00eb nga plastika e q\u00ebndrueshme, e riciklueshme<\/p>\n<p><strong>Dimensions:<\/strong> 18,3 x 17,2 x 24,5 cm<br \/>\nPesha: 85gr<\/p>","protected":false},"excerpt":{"rendered":"<p>Lopat\u00eb, grabuj\u00eb, sit\u00ebs dhe shum\u00eb m\u00eb tep\u00ebr.Triplet \u00ebsht\u00eb nj\u00eb lod\u00ebr unike multifunksionale q\u00eb e b\u00ebn krijimin e strukturave t\u00eb r\u00ebr\u00ebs<\/p>","protected":false},"featured_media":23426,"template":"","meta":{"advanced_seo_description":"","jetpack_seo_html_title":"","jetpack_seo_noindex":false,"jetpack_post_was_ever_published":false},"product_brand":[],"product_cat":[2581,2428,2580],"product_tag":[],"class_list":{"0":"post-18562","1":"product","2":"type-product","3":"status-publish","4":"has-post-thumbnail","6":"product_cat-aksesore-uji","7":"product_cat-lodra-per-natyre","8":"product_cat-sporte-dhe-lojera-ne-natyre","10":"first","11":"instock","12":"featured","13":"taxable","14":"shipping-taxable","15":"purchasable","16":"product-type-simple"},"jetpack_likes_enabled":false,"jetpack_sharing_enabled":false,"_links":{"self":[{"href":"https:\/\/eurekakidskosovo.com\/en\/wp-json\/wp\/v2\/product\/18562","targetHints":{"allow":["GET"]}}],"collection":[{"href":"https:\/\/eurekakidskosovo.com\/en\/wp-json\/wp\/v2\/product"}],"about":[{"href":"https:\/\/eurekakidskosovo.com\/en\/wp-json\/wp\/v2\/types\/product"}],"wp:featuredmedia":[{"embeddable":true,"href":"https:\/\/eurekakidskosovo.com\/en\/wp-json\/wp\/v2\/media\/23426"}],"wp:attachment":[{"href":"https:\/\/eurekakidskosovo.com\/en\/wp-json\/wp\/v2\/media?parent=18562"}],"wp:term":[{"taxonomy":"product_brand","embeddable":true,"href":"https:\/\/eurekakidskosovo.com\/en\/wp-json\/wp\/v2\/product_brand?post=18562"},{"taxonomy":"product_cat","embeddable":true,"href":"https:\/\/eurekakidskosovo.com\/en\/wp-json\/wp\/v2\/product_cat?post=18562"},{"taxonomy":"product_tag","embeddable":true,"href":"https:\/\/eurekakidskosovo.com\/en\/wp-json\/wp\/v2\/product_tag?post=18562"}],"curies":[{"name":"wp","href":"https:\/\/api.w.org\/{rel}","templated":true}]}}