{"id":18598,"date":"2022-05-18T14:40:18","date_gmt":"2022-05-18T12:40:18","guid":{"rendered":"http:\/\/eurekakidskosovo.com\/?post_type=product&#038;p=18598"},"modified":"2025-05-30T00:28:45","modified_gmt":"2025-05-29T22:28:45","slug":"18598","status":"publish","type":"product","link":"https:\/\/eurekakidskosovo.com\/en\/product\/18598\/","title":{"rendered":"Kov\u00eb sferike 3.9L"},"content":{"rendered":"<p>Dizajni i zgjuar, modern dhe p\u00ebrfundimi i but\u00eb i Ballo-s e b\u00ebn t\u00eb leht\u00eb q\u00eb duart e vogla t\u00eb mbushin kov\u00ebn me uj\u00eb, t\u00eb vrapojn\u00eb n\u00eb plazh dhe t\u00eb derdhin ujin me leht\u00ebsi. Forma e saj sferike \u00ebsht\u00eb tep\u00ebr e q\u00ebndrueshme, duke rezultuar n\u00eb derdhje minimale. Bartja e ujit nga deti n\u00eb nj\u00eb k\u00ebshtjell\u00eb r\u00ebre nuk ka qen\u00eb kurr\u00eb kaq arg\u00ebtuese.Gjithashtu disponohet n\u00eb nj\u00eb madh\u00ebsi m\u00eb t\u00eb vog\u00ebl (1,70L) p\u00ebr f\u00ebmij\u00ebt m\u00eb t\u00eb vegj\u00ebl.<\/p>\n<p><strong>Features:<\/strong><br \/>\n&#8211; Dorez\u00eb ergonomike me kapje t\u00eb leht\u00eb<br \/>\n- Encourages imagination, creativity, outdoor play and interaction<br \/>\n&#8211; P\u00ebrdoreni n\u00eb plazh, n\u00eb kopsht apo edhe n\u00eb vask\u00eb!<br \/>\n&#8211; Parandalon derdhjen<br \/>\n- Safe to use and super easy to clean<br \/>\n&#8211; B\u00ebr\u00eb nga plastika e q\u00ebndrueshme, e riciklueshme pa BPA, latex dhe pa ftalate<\/p>\n<p><strong>Dimensions:<\/strong> 20 x 20 x 20 cm (3,9 L)<br \/>\nPesha: 310 gr<\/p>","protected":false},"excerpt":{"rendered":"<p>Dizajni i zgjuar, modern dhe p\u00ebrfundimi i but\u00eb i Ballo-s e b\u00ebn t\u00eb leht\u00eb q\u00eb duart e vogla t\u00eb mbushin<\/p>","protected":false},"featured_media":23419,"template":"","meta":{"advanced_seo_description":"","jetpack_seo_html_title":"","jetpack_seo_noindex":false,"jetpack_post_was_ever_published":false},"product_brand":[],"product_cat":[2733,2428,2580],"product_tag":[],"class_list":{"0":"post-18598","1":"product","2":"type-product","3":"status-publish","4":"has-post-thumbnail","6":"product_cat-aksesore-plazhi","7":"product_cat-lodra-per-natyre","8":"product_cat-sporte-dhe-lojera-ne-natyre","10":"first","11":"outofstock","12":"taxable","13":"shipping-taxable","14":"purchasable","15":"product-type-simple"},"jetpack_likes_enabled":false,"jetpack_sharing_enabled":false,"_links":{"self":[{"href":"https:\/\/eurekakidskosovo.com\/en\/wp-json\/wp\/v2\/product\/18598","targetHints":{"allow":["GET"]}}],"collection":[{"href":"https:\/\/eurekakidskosovo.com\/en\/wp-json\/wp\/v2\/product"}],"about":[{"href":"https:\/\/eurekakidskosovo.com\/en\/wp-json\/wp\/v2\/types\/product"}],"wp:featuredmedia":[{"embeddable":true,"href":"https:\/\/eurekakidskosovo.com\/en\/wp-json\/wp\/v2\/media\/23419"}],"wp:attachment":[{"href":"https:\/\/eurekakidskosovo.com\/en\/wp-json\/wp\/v2\/media?parent=18598"}],"wp:term":[{"taxonomy":"product_brand","embeddable":true,"href":"https:\/\/eurekakidskosovo.com\/en\/wp-json\/wp\/v2\/product_brand?post=18598"},{"taxonomy":"product_cat","embeddable":true,"href":"https:\/\/eurekakidskosovo.com\/en\/wp-json\/wp\/v2\/product_cat?post=18598"},{"taxonomy":"product_tag","embeddable":true,"href":"https:\/\/eurekakidskosovo.com\/en\/wp-json\/wp\/v2\/product_tag?post=18598"}],"curies":[{"name":"wp","href":"https:\/\/api.w.org\/{rel}","templated":true}]}}