{"id":18658,"date":"2022-05-18T20:29:13","date_gmt":"2022-05-18T18:29:13","guid":{"rendered":"http:\/\/eurekakidskosovo.com\/?post_type=product&#038;p=18658"},"modified":"2024-06-03T00:06:33","modified_gmt":"2024-06-02T22:06:33","slug":"kove-dhe-site","status":"publish","type":"product","link":"https:\/\/eurekakidskosovo.com\/en\/product\/kove-dhe-site\/","title":{"rendered":"Kov\u00eb dhe sit\u00eb r\u00ebre"},"content":{"rendered":"<p>Bucki, lodra thelb\u00ebsore p\u00ebr dit\u00ebt e nxehta n\u00eb plazh. Bucki garanton or\u00eb arg\u00ebtimi! P\u00ebrdorni kov\u00ebn dhe sit\u00ebn p\u00ebrkat\u00ebse p\u00ebr t\u00eb mbledhur, lar\u00eb dhe transportuar predha deti dhe thesare t\u00eb tjera t\u00eb vogla. A ju p\u00eblqen t\u00eb nd\u00ebrtoni k\u00ebshtjella me r\u00ebr\u00eb? Epo, at\u00ebher\u00eb Bucki \u00ebsht\u00eb mjeti i p\u00ebrsosur, pasi ka nj\u00eb form\u00eb t\u00eb p\u00ebrshtatshme dhe nj\u00eb dorez\u00eb t\u00eb klikueshme. P\u00ebr ata q\u00eb duan t\u00eb mbledhin gjethe, deg\u00ebza, lule t\u00eb vogla e t\u00eb tjera, Bucki \u00ebsht\u00eb gjithashtu shoq\u00ebruesi i p\u00ebrsosur! A do ta merrni me vete n\u00eb aventur\u00ebn tuaj t\u00eb radh\u00ebs?<\/p>\n<p><strong>Features:<\/strong><br \/>\n&#8211; Dorez\u00eb ergonomike e klikimit<br \/>\n&#8211; Stimulon imagjinat\u00ebn, kreativitetin, loj\u00ebn n\u00eb natyr\u00eb dhe nd\u00ebrveprimin<br \/>\n&#8211; P\u00ebrdoreni at\u00eb n\u00eb plazh, n\u00eb kopsht, n\u00eb sandbox ose n\u00eb pyll!<br \/>\n&#8211; I sigurt p\u00ebr t&#8217;u p\u00ebrdorur dhe i leht\u00eb p\u00ebr t&#8217;u pastruar<br \/>\n&#8211; B\u00ebr\u00eb nga plastika e q\u00ebndrueshme, e riciklueshme, pa BPA, latex dhe ftalate<br \/>\n&#8211; E disponueshme n\u00eb 3 kombinime ngjyrash lozonjare<\/p>\n<p><strong>Dimensions:<\/strong> 14 x 17,6 x 18,7 cm<br \/>\nPesha: 200 gr<\/p>","protected":false},"excerpt":{"rendered":"<p>Bucki, lodra thelb\u00ebsore p\u00ebr dit\u00ebt e nxehta n\u00eb plazh. Bucki garanton or\u00eb arg\u00ebtimi! P\u00ebrdorni kov\u00ebn dhe sit\u00ebn p\u00ebrkat\u00ebse p\u00ebr t\u00eb<\/p>","protected":false},"featured_media":22282,"template":"","meta":{"advanced_seo_description":"","jetpack_seo_html_title":"","jetpack_seo_noindex":false,"jetpack_post_was_ever_published":false},"product_brand":[],"product_cat":[2733,2428,2580],"product_tag":[],"class_list":{"0":"post-18658","1":"product","2":"type-product","3":"status-publish","4":"has-post-thumbnail","6":"product_cat-aksesore-plazhi","7":"product_cat-lodra-per-natyre","8":"product_cat-sporte-dhe-lojera-ne-natyre","10":"first","11":"instock","12":"taxable","13":"shipping-taxable","14":"purchasable","15":"product-type-simple"},"jetpack_likes_enabled":false,"jetpack_sharing_enabled":false,"_links":{"self":[{"href":"https:\/\/eurekakidskosovo.com\/en\/wp-json\/wp\/v2\/product\/18658","targetHints":{"allow":["GET"]}}],"collection":[{"href":"https:\/\/eurekakidskosovo.com\/en\/wp-json\/wp\/v2\/product"}],"about":[{"href":"https:\/\/eurekakidskosovo.com\/en\/wp-json\/wp\/v2\/types\/product"}],"wp:featuredmedia":[{"embeddable":true,"href":"https:\/\/eurekakidskosovo.com\/en\/wp-json\/wp\/v2\/media\/22282"}],"wp:attachment":[{"href":"https:\/\/eurekakidskosovo.com\/en\/wp-json\/wp\/v2\/media?parent=18658"}],"wp:term":[{"taxonomy":"product_brand","embeddable":true,"href":"https:\/\/eurekakidskosovo.com\/en\/wp-json\/wp\/v2\/product_brand?post=18658"},{"taxonomy":"product_cat","embeddable":true,"href":"https:\/\/eurekakidskosovo.com\/en\/wp-json\/wp\/v2\/product_cat?post=18658"},{"taxonomy":"product_tag","embeddable":true,"href":"https:\/\/eurekakidskosovo.com\/en\/wp-json\/wp\/v2\/product_tag?post=18658"}],"curies":[{"name":"wp","href":"https:\/\/api.w.org\/{rel}","templated":true}]}}