{"id":18729,"date":"2022-05-19T18:58:39","date_gmt":"2022-05-19T16:58:39","guid":{"rendered":"http:\/\/eurekakidskosovo.com\/?post_type=product&#038;p=18729"},"modified":"2022-12-31T21:54:45","modified_gmt":"2022-12-31T20:54:45","slug":"pishine-per-foshnje","status":"publish","type":"product","link":"https:\/\/eurekakidskosovo.com\/en\/product\/pishine-per-foshnje\/","title":{"rendered":"Pishin\u00eb p\u00ebr foshnje"},"content":{"rendered":"<p>Kthejeni kopshtin ose oborrin tuaj n\u00eb nj\u00eb oaz t\u00eb mbushur me arg\u00ebtim (p\u00ebr t\u00eb gjith\u00eb familjen) me Quut Dippy. Ngjyrat dhe printimet e saj elegante t\u00eb kujtojn\u00eb dit\u00ebt dembel\u00eb pran\u00eb pishin\u00ebs n\u00eb nj\u00eb parajs\u00eb tropikale. Fal\u00eb grafik\u00ebve t\u00eb gjalla t\u00eb jet\u00ebs ujore n\u00eb fund t\u00eb pishin\u00ebs, mund t\u00eb imagjinoni t\u00eb eksploroni oqeanin e thell\u00eb.<br \/>\nMbushni pishin\u00ebn me uj\u00eb p\u00ebr disa sp\u00ebrkatje serioze dhe ftohje n\u00eb dit\u00ebt e ngrohta t\u00eb ver\u00ebs. Pavar\u00ebsisht n\u00ebse po planifikoni nj\u00eb takim p\u00ebr loj\u00ebra, nj\u00eb pushim ose nj\u00eb fundjav\u00eb komode me familjen, pishina Quut do ta kthej\u00eb oborrin e sht\u00ebpis\u00eb tuaj n\u00eb strehimin m\u00eb t\u00eb mir\u00eb t\u00eb familjes verore.Mosha: Nga 12 muaj.<\/p>\n<p><strong>Features:<\/strong><br \/>\n&#8211; Vinil i q\u00ebndruesh\u00ebm<br \/>\n&#8211; Valvola t\u00eb lehta<br \/>\n&#8211; Nuk p\u00ebrmban ftalate dhe substanca t\u00eb tjera t\u00eb d\u00ebmshme<br \/>\n&#8211; 100% e riciklueshme<br \/>\n&#8211; V\u00ebllimi i p\u00ebraf\u00ebrt i ujit kur fryhet: 100 litra (50% e mbushur)<\/p>\n<p><strong>Dimensions:<\/strong> 80 x 20 cm<\/p>","protected":false},"excerpt":{"rendered":"<p>Kthejeni kopshtin ose oborrin tuaj n\u00eb nj\u00eb oaz t\u00eb mbushur me arg\u00ebtim (p\u00ebr t\u00eb gjith\u00eb familjen) me Quut Dippy. Ngjyrat<\/p>","protected":false},"featured_media":22207,"template":"","meta":{"advanced_seo_description":"","jetpack_seo_html_title":"","jetpack_seo_noindex":false,"jetpack_post_was_ever_published":false},"product_brand":[],"product_cat":[2733,2428,2580],"product_tag":[],"class_list":{"0":"post-18729","1":"product","2":"type-product","3":"status-publish","4":"has-post-thumbnail","6":"product_cat-aksesore-plazhi","7":"product_cat-lodra-per-natyre","8":"product_cat-sporte-dhe-lojera-ne-natyre","10":"first","11":"outofstock","12":"taxable","13":"shipping-taxable","14":"purchasable","15":"product-type-simple"},"jetpack_likes_enabled":false,"jetpack_sharing_enabled":false,"_links":{"self":[{"href":"https:\/\/eurekakidskosovo.com\/en\/wp-json\/wp\/v2\/product\/18729","targetHints":{"allow":["GET"]}}],"collection":[{"href":"https:\/\/eurekakidskosovo.com\/en\/wp-json\/wp\/v2\/product"}],"about":[{"href":"https:\/\/eurekakidskosovo.com\/en\/wp-json\/wp\/v2\/types\/product"}],"wp:featuredmedia":[{"embeddable":true,"href":"https:\/\/eurekakidskosovo.com\/en\/wp-json\/wp\/v2\/media\/22207"}],"wp:attachment":[{"href":"https:\/\/eurekakidskosovo.com\/en\/wp-json\/wp\/v2\/media?parent=18729"}],"wp:term":[{"taxonomy":"product_brand","embeddable":true,"href":"https:\/\/eurekakidskosovo.com\/en\/wp-json\/wp\/v2\/product_brand?post=18729"},{"taxonomy":"product_cat","embeddable":true,"href":"https:\/\/eurekakidskosovo.com\/en\/wp-json\/wp\/v2\/product_cat?post=18729"},{"taxonomy":"product_tag","embeddable":true,"href":"https:\/\/eurekakidskosovo.com\/en\/wp-json\/wp\/v2\/product_tag?post=18729"}],"curies":[{"name":"wp","href":"https:\/\/api.w.org\/{rel}","templated":true}]}}