{"id":18755,"date":"2022-05-19T19:37:22","date_gmt":"2022-05-19T17:37:22","guid":{"rendered":"http:\/\/eurekakidskosovo.com\/?post_type=product&#038;p=18755"},"modified":"2024-06-03T00:05:28","modified_gmt":"2024-06-02T22:05:28","slug":"forme-rere-7","status":"publish","type":"product","link":"https:\/\/eurekakidskosovo.com\/en\/product\/forme-rere-7\/","title":{"rendered":"Mold for sand"},"content":{"rendered":"<p>Magic Shapers jan\u00eb nj\u00eb ndryshim revolucionar p\u00ebr nj\u00eb lod\u00ebr klasike.<br \/>\nNo more heavy stuffing and flipping. To fill, move the shaper as it fills itself! Then just give a little tap, lift and do the magic\u2026 the shape is done. And your shapers will do their magic even with snowballs or baths !!<br \/>\nShapes can be decorated and finished according to your imagination. Add eyes and embellishments to make the shapes vivid. What will they do? A jellyfish, a cow or even a rocket?<\/p>\n<p><strong>Features:<\/strong><br \/>\n- Use sand, water, modeling clay, kinetic sand and snow!<br \/>\n&#8211; Dizajni ergonomik i dorezes me kapje te lehte, me rezultator me prekje te bute.<br \/>\n&#8211; Inkurajon imagjinat\u00ebn, loj\u00ebn n\u00eb natyr\u00ebn dhe nd\u00ebrveprimin<br \/>\n&#8211; I sigurt p\u00ebr t&#8217;u prekur dhe super i leht\u00eb p\u00ebr t&#8217;u pastruar<br \/>\n- Click and save for easy transport<br \/>\n&#8211; E b\u00ebr\u00eb nga plastika e lir\u00eb, e riciklueshme, pa BPA, latex dhe ftalate<\/p>","protected":false},"excerpt":{"rendered":"<p>Magic Shapers jan\u00eb nj\u00eb ndryshim revolucionar p\u00ebr nj\u00eb lod\u00ebr klasike. Nuk ka m\u00eb mbushje dhe rrokullisje t\u00eb r\u00ebnd\u00eb. P\u00ebr t\u00eb<\/p>","protected":false},"featured_media":22196,"template":"","meta":{"advanced_seo_description":"","jetpack_seo_html_title":"","jetpack_seo_noindex":false,"jetpack_post_was_ever_published":false},"product_brand":[],"product_cat":[2733,2428,2580],"product_tag":[],"class_list":{"0":"post-18755","1":"product","2":"type-product","3":"status-publish","4":"has-post-thumbnail","6":"product_cat-aksesore-plazhi","7":"product_cat-lodra-per-natyre","8":"product_cat-sporte-dhe-lojera-ne-natyre","10":"first","11":"instock","12":"featured","13":"taxable","14":"shipping-taxable","15":"purchasable","16":"product-type-simple"},"jetpack_likes_enabled":false,"jetpack_sharing_enabled":false,"_links":{"self":[{"href":"https:\/\/eurekakidskosovo.com\/en\/wp-json\/wp\/v2\/product\/18755","targetHints":{"allow":["GET"]}}],"collection":[{"href":"https:\/\/eurekakidskosovo.com\/en\/wp-json\/wp\/v2\/product"}],"about":[{"href":"https:\/\/eurekakidskosovo.com\/en\/wp-json\/wp\/v2\/types\/product"}],"wp:featuredmedia":[{"embeddable":true,"href":"https:\/\/eurekakidskosovo.com\/en\/wp-json\/wp\/v2\/media\/22196"}],"wp:attachment":[{"href":"https:\/\/eurekakidskosovo.com\/en\/wp-json\/wp\/v2\/media?parent=18755"}],"wp:term":[{"taxonomy":"product_brand","embeddable":true,"href":"https:\/\/eurekakidskosovo.com\/en\/wp-json\/wp\/v2\/product_brand?post=18755"},{"taxonomy":"product_cat","embeddable":true,"href":"https:\/\/eurekakidskosovo.com\/en\/wp-json\/wp\/v2\/product_cat?post=18755"},{"taxonomy":"product_tag","embeddable":true,"href":"https:\/\/eurekakidskosovo.com\/en\/wp-json\/wp\/v2\/product_tag?post=18755"}],"curies":[{"name":"wp","href":"https:\/\/api.w.org\/{rel}","templated":true}]}}