{"id":18775,"date":"2022-05-19T20:57:34","date_gmt":"2022-05-19T18:57:34","guid":{"rendered":"http:\/\/eurekakidskosovo.com\/?post_type=product&#038;p=18775"},"modified":"2024-06-03T00:05:10","modified_gmt":"2024-06-02T22:05:10","slug":"ujitese-e-madhe","status":"publish","type":"product","link":"https:\/\/eurekakidskosovo.com\/en\/product\/ujitese-e-madhe\/","title":{"rendered":"Ujit\u00ebse e madhe"},"content":{"rendered":"<p>Cana \u00ebsht\u00eb nj\u00eb ujit\u00ebse lozonjare me nj\u00eb dizajn ikonik dhe inovativ.<br \/>\nP\u00ebr t&#8217;u p\u00ebrdorur n\u00eb vask\u00ebn tuaj t\u00eb banj\u00ebs, n\u00eb sht\u00ebpi, n\u00eb plazh ose n\u00eb kopsht. Dy an\u00eb t\u00eb ndryshme dyfishojn\u00eb k\u00ebnaq\u00ebsin\u00eb p\u00ebr f\u00ebmij\u00ebt tuaj pasi ata mund t\u00eb sp\u00ebrkasin ose derdhin ujin sakt\u00ebsisht duke stimuluar aft\u00ebsit\u00eb e shk\u00eblqyera motorike.<br \/>\nDizajni fitues i \u00e7mimeve: \u00c7mimi i Dizajnit t\u00eb Produkteve Red Dot n\u00eb 2017<\/p>\n<p><strong>Features:<\/strong><br \/>\n&#8211; Dizajn ikonik dhe i p\u00ebrjetsh\u00ebm<br \/>\n&#8211; Dorez\u00eb ergonomike<br \/>\n&#8211; Dizajn kund\u00ebr derdhjes s\u00eb ujit<br \/>\n&#8211; 2 funksione: sp\u00ebrkatje dhe derdhje uji<br \/>\n&#8211; Mund t\u00eb p\u00ebrdoret n\u00eb vask\u00eb, kopsht dhe n\u00eb plazh<br \/>\n- Made of durable, recyclable plastic, free of BPA, latex and phthalates<\/p>\n<p><strong>Dimensions:<\/strong> 23,5 x 20 x 8 cm<br \/>\n<strong>Kapaciteti:<\/strong> 1 lit\u00ebr.<\/p>","protected":false},"excerpt":{"rendered":"<p>Cana \u00ebsht\u00eb nj\u00eb ujit\u00ebse lozonjare me nj\u00eb dizajn ikonik dhe inovativ. P\u00ebr t&#8217;u p\u00ebrdorur n\u00eb vask\u00ebn tuaj t\u00eb banj\u00ebs, n\u00eb<\/p>","protected":false},"featured_media":22189,"template":"","meta":{"advanced_seo_description":"","jetpack_seo_html_title":"","jetpack_seo_noindex":false,"jetpack_post_was_ever_published":false},"product_brand":[],"product_cat":[2733,2428,2580],"product_tag":[],"class_list":{"0":"post-18775","1":"product","2":"type-product","3":"status-publish","4":"has-post-thumbnail","6":"product_cat-aksesore-plazhi","7":"product_cat-lodra-per-natyre","8":"product_cat-sporte-dhe-lojera-ne-natyre","10":"first","11":"instock","12":"taxable","13":"shipping-taxable","14":"purchasable","15":"product-type-simple"},"jetpack_likes_enabled":false,"jetpack_sharing_enabled":false,"_links":{"self":[{"href":"https:\/\/eurekakidskosovo.com\/en\/wp-json\/wp\/v2\/product\/18775","targetHints":{"allow":["GET"]}}],"collection":[{"href":"https:\/\/eurekakidskosovo.com\/en\/wp-json\/wp\/v2\/product"}],"about":[{"href":"https:\/\/eurekakidskosovo.com\/en\/wp-json\/wp\/v2\/types\/product"}],"wp:featuredmedia":[{"embeddable":true,"href":"https:\/\/eurekakidskosovo.com\/en\/wp-json\/wp\/v2\/media\/22189"}],"wp:attachment":[{"href":"https:\/\/eurekakidskosovo.com\/en\/wp-json\/wp\/v2\/media?parent=18775"}],"wp:term":[{"taxonomy":"product_brand","embeddable":true,"href":"https:\/\/eurekakidskosovo.com\/en\/wp-json\/wp\/v2\/product_brand?post=18775"},{"taxonomy":"product_cat","embeddable":true,"href":"https:\/\/eurekakidskosovo.com\/en\/wp-json\/wp\/v2\/product_cat?post=18775"},{"taxonomy":"product_tag","embeddable":true,"href":"https:\/\/eurekakidskosovo.com\/en\/wp-json\/wp\/v2\/product_tag?post=18775"}],"curies":[{"name":"wp","href":"https:\/\/api.w.org\/{rel}","templated":true}]}}