{"id":18854,"date":"2022-05-20T14:41:59","date_gmt":"2022-05-20T12:41:59","guid":{"rendered":"http:\/\/eurekakidskosovo.com\/?post_type=product&#038;p=18854"},"modified":"2025-05-30T15:00:13","modified_gmt":"2025-05-30T13:00:13","slug":"puzzle-uji-5","status":"publish","type":"product","link":"https:\/\/eurekakidskosovo.com\/en\/product\/puzzle-uji-5\/","title":{"rendered":"Puzzle uji"},"content":{"rendered":"<p>B\u00ebhuni heroi i dit\u00ebs dhe shp\u00ebtoni dik\u00eb n\u00eb nevoj\u00eb.Gjith\u00e7ka \u00ebsht\u00eb e mundur me k\u00ebt\u00eb enigm\u00eb arg\u00ebtuese t\u00eb banj\u00ebs. B\u00ebjeni edhe m\u00eb t\u00eb madh k\u00ebndin e loj\u00ebrave dhe kombinoni me komplete t\u00eb tjera.Montimi i formave t\u00eb ndryshme ndihmon n\u00eb p\u00ebrmir\u00ebsimin e aft\u00ebsive motorike t\u00eb shk\u00eblqyera t\u00eb f\u00ebmij\u00ebve dhe stimulon kreativitetin dhe imagjinat\u00ebn e tyre.E p\u00ebrshtatshme nga 10 muaj<\/p>\n<p><strong>Features:<\/strong><br \/>\n&#8211; Stimulon aft\u00ebsit\u00eb e shk\u00eblqyera motorike<br \/>\n&#8211; Nxit loj\u00ebn krijuese<br \/>\n&#8211; Koh\u00eb cil\u00ebsore prind\/f\u00ebmij\u00eb<br \/>\n&#8211; Shkum\u00eb e but\u00eb pa BPA, ftalate dhe latex<br \/>\n\u2013 T\u00eb gjitha format jan\u00eb b\u00ebr\u00eb me shkum\u00eb t\u00eb but\u00eb, k\u00ebshtu q\u00eb ato q\u00ebndrojn\u00eb mbi det.<br \/>\n&#8211; Seti p\u00ebrmban 12 cop\u00eb<\/p>","protected":false},"excerpt":{"rendered":"<p>B\u00ebhuni heroi i dit\u00ebs dhe shp\u00ebtoni dik\u00eb n\u00eb nevoj\u00eb.Gjith\u00e7ka \u00ebsht\u00eb e mundur me k\u00ebt\u00eb enigm\u00eb arg\u00ebtuese t\u00eb banj\u00ebs. B\u00ebjeni edhe<\/p>","protected":false},"featured_media":22172,"template":"","meta":{"advanced_seo_description":"","jetpack_seo_html_title":"","jetpack_seo_noindex":false,"jetpack_post_was_ever_published":false},"product_brand":[],"product_cat":[2733,2581,2428],"product_tag":[],"class_list":{"0":"post-18854","1":"product","2":"type-product","3":"status-publish","4":"has-post-thumbnail","6":"product_cat-aksesore-plazhi","7":"product_cat-aksesore-uji","8":"product_cat-lodra-per-natyre","10":"first","11":"outofstock","12":"taxable","13":"shipping-taxable","14":"purchasable","15":"product-type-simple"},"jetpack_likes_enabled":false,"jetpack_sharing_enabled":false,"_links":{"self":[{"href":"https:\/\/eurekakidskosovo.com\/en\/wp-json\/wp\/v2\/product\/18854","targetHints":{"allow":["GET"]}}],"collection":[{"href":"https:\/\/eurekakidskosovo.com\/en\/wp-json\/wp\/v2\/product"}],"about":[{"href":"https:\/\/eurekakidskosovo.com\/en\/wp-json\/wp\/v2\/types\/product"}],"wp:featuredmedia":[{"embeddable":true,"href":"https:\/\/eurekakidskosovo.com\/en\/wp-json\/wp\/v2\/media\/22172"}],"wp:attachment":[{"href":"https:\/\/eurekakidskosovo.com\/en\/wp-json\/wp\/v2\/media?parent=18854"}],"wp:term":[{"taxonomy":"product_brand","embeddable":true,"href":"https:\/\/eurekakidskosovo.com\/en\/wp-json\/wp\/v2\/product_brand?post=18854"},{"taxonomy":"product_cat","embeddable":true,"href":"https:\/\/eurekakidskosovo.com\/en\/wp-json\/wp\/v2\/product_cat?post=18854"},{"taxonomy":"product_tag","embeddable":true,"href":"https:\/\/eurekakidskosovo.com\/en\/wp-json\/wp\/v2\/product_tag?post=18854"}],"curies":[{"name":"wp","href":"https:\/\/api.w.org\/{rel}","templated":true}]}}