{"id":18869,"date":"2022-05-20T15:26:09","date_gmt":"2022-05-20T13:26:09","guid":{"rendered":"http:\/\/eurekakidskosovo.com\/?post_type=product&#038;p=18869"},"modified":"2024-06-03T00:04:43","modified_gmt":"2024-06-02T22:04:43","slug":"puzzle-uji-7","status":"publish","type":"product","link":"https:\/\/eurekakidskosovo.com\/en\/product\/puzzle-uji-7\/","title":{"rendered":"Puzzle uji"},"content":{"rendered":"<p>Me Quut&#8217;s Dino World Puzzle ju mund t\u00eb udh\u00ebtoni n\u00eb an\u00ebn e pasme t\u00eb k\u00ebtyre dinosaur\u00ebve ujor\u00eb,n\u00eb nj\u00eb tok\u00eb parahistorike me vullkane q\u00eb shp\u00ebrthejn\u00eb, peisazhe dhe krijesa gjigante.Stimuloni imagjinat\u00ebn e f\u00ebmij\u00ebve tuaj, forconi fjalorin dhe aft\u00ebsit\u00eb e tyre p\u00ebr t\u00eb krijuar z\u00eb dhe ndihmojini ata t\u00eb zhvillojn\u00eb aft\u00ebsit\u00eb e tyre motorike! T\u00eb gjitha format jan\u00eb b\u00ebr\u00eb nga shkum\u00eb e but\u00eb EVA e cila i mban ato n\u00eb k\u00ebmb\u00eb.E p\u00ebrshtatshme nga 10 muaj<\/p>\n<p><strong>Features:<\/strong><br \/>\n&#8211; Stimulon aft\u00ebsit\u00eb e shk\u00eblqyera motorike<br \/>\n&#8211; Nxit loj\u00ebn krijuese<br \/>\n&#8211; Koh\u00eb cil\u00ebsore prind\/f\u00ebmij\u00eb<br \/>\n&#8211; Shkum\u00eb e but\u00eb pa BPA, ftalate dhe latex<br \/>\n&#8211; Seti p\u00ebrmban 12 cop\u00eb<br \/>\n&#8211; Kompleti p\u00ebrfshin edhe 2 kukulla me gishta.<\/p>","protected":false},"excerpt":{"rendered":"<p>Me Quut&#8217;s Dino World Puzzle ju mund t\u00eb udh\u00ebtoni n\u00eb an\u00ebn e pasme t\u00eb k\u00ebtyre dinosaur\u00ebve ujor\u00eb,n\u00eb nj\u00eb tok\u00eb parahistorike<\/p>","protected":false},"featured_media":22168,"template":"","meta":{"advanced_seo_description":"","jetpack_seo_html_title":"","jetpack_seo_noindex":false,"jetpack_post_was_ever_published":false},"product_brand":[],"product_cat":[2733,2581,2428],"product_tag":[],"class_list":{"0":"post-18869","1":"product","2":"type-product","3":"status-publish","4":"has-post-thumbnail","6":"product_cat-aksesore-plazhi","7":"product_cat-aksesore-uji","8":"product_cat-lodra-per-natyre","10":"first","11":"instock","12":"taxable","13":"shipping-taxable","14":"purchasable","15":"product-type-simple"},"jetpack_likes_enabled":false,"jetpack_sharing_enabled":false,"_links":{"self":[{"href":"https:\/\/eurekakidskosovo.com\/en\/wp-json\/wp\/v2\/product\/18869","targetHints":{"allow":["GET"]}}],"collection":[{"href":"https:\/\/eurekakidskosovo.com\/en\/wp-json\/wp\/v2\/product"}],"about":[{"href":"https:\/\/eurekakidskosovo.com\/en\/wp-json\/wp\/v2\/types\/product"}],"wp:featuredmedia":[{"embeddable":true,"href":"https:\/\/eurekakidskosovo.com\/en\/wp-json\/wp\/v2\/media\/22168"}],"wp:attachment":[{"href":"https:\/\/eurekakidskosovo.com\/en\/wp-json\/wp\/v2\/media?parent=18869"}],"wp:term":[{"taxonomy":"product_brand","embeddable":true,"href":"https:\/\/eurekakidskosovo.com\/en\/wp-json\/wp\/v2\/product_brand?post=18869"},{"taxonomy":"product_cat","embeddable":true,"href":"https:\/\/eurekakidskosovo.com\/en\/wp-json\/wp\/v2\/product_cat?post=18869"},{"taxonomy":"product_tag","embeddable":true,"href":"https:\/\/eurekakidskosovo.com\/en\/wp-json\/wp\/v2\/product_tag?post=18869"}],"curies":[{"name":"wp","href":"https:\/\/api.w.org\/{rel}","templated":true}]}}