{"id":18875,"date":"2022-05-20T15:40:23","date_gmt":"2022-05-20T13:40:23","guid":{"rendered":"http:\/\/eurekakidskosovo.com\/?post_type=product&#038;p=18875"},"modified":"2024-06-03T00:04:40","modified_gmt":"2024-06-02T22:04:40","slug":"forma-balancuese","status":"publish","type":"product","link":"https:\/\/eurekakidskosovo.com\/en\/product\/forma-balancuese\/","title":{"rendered":"Foam balance blocks"},"content":{"rendered":"<p>Kjo loj\u00eb zbavit\u00ebse balancuese nuk \u00ebsht\u00eb e shk\u00eblqyeshme vet\u00ebm p\u00ebr zhvillimin e aft\u00ebsive motorike,ai gjithashtu stimulon t\u00eb menduarit logjik dhe aft\u00ebsit\u00eb e nd\u00ebrtimit! Sa lart mund t\u00eb nd\u00ebrtoj\u00eb i vogli juaj dhe \u00e7far\u00eb figurash t\u00eb \u00e7mendura do t\u00eb krijojn\u00eb? 3 nga blloqet kan\u00eb nj\u00eb fytyr\u00eb lozonjare, n\u00eb m\u00ebnyr\u00eb q\u00eb f\u00ebmij\u00ebt t\u00eb mund t\u00eb l\u00ebn\u00eb imagjinat\u00ebn e tyre t\u00eb eg\u00ebr dhe t\u00eb krijojn\u00eb lloj-lloj tregimesh.<\/p>\n<p><strong>Features:<\/strong><br \/>\n&#8211; Lod\u00ebr e but\u00eb p\u00ebr grumbullimin e shkum\u00ebs<br \/>\n&#8211; Pa BPA, ftalate dhe latex<br \/>\n- 10 pieces<\/p>","protected":false},"excerpt":{"rendered":"<p>Kjo loj\u00eb zbavit\u00ebse balancuese nuk \u00ebsht\u00eb e shk\u00eblqyeshme vet\u00ebm p\u00ebr zhvillimin e aft\u00ebsive motorike,ai gjithashtu stimulon t\u00eb menduarit logjik dhe<\/p>","protected":false},"featured_media":22167,"template":"","meta":{"advanced_seo_description":"","jetpack_seo_html_title":"","jetpack_seo_noindex":false,"jetpack_post_was_ever_published":false},"product_brand":[],"product_cat":[2548,2549,2547,2429,2541],"product_tag":[],"class_list":{"0":"post-18875","1":"product","2":"type-product","3":"status-publish","4":"has-post-thumbnail","6":"product_cat-12-deri-ne-18-muaj","7":"product_cat-18-deri-ne-24-muaj","8":"product_cat-6-deri-ne-12-muaj","9":"product_cat-lodra-per-bebe","10":"product_cat-lodra-stimuluese","12":"first","13":"instock","14":"featured","15":"taxable","16":"shipping-taxable","17":"purchasable","18":"product-type-simple"},"jetpack_likes_enabled":false,"jetpack_sharing_enabled":false,"_links":{"self":[{"href":"https:\/\/eurekakidskosovo.com\/en\/wp-json\/wp\/v2\/product\/18875","targetHints":{"allow":["GET"]}}],"collection":[{"href":"https:\/\/eurekakidskosovo.com\/en\/wp-json\/wp\/v2\/product"}],"about":[{"href":"https:\/\/eurekakidskosovo.com\/en\/wp-json\/wp\/v2\/types\/product"}],"wp:featuredmedia":[{"embeddable":true,"href":"https:\/\/eurekakidskosovo.com\/en\/wp-json\/wp\/v2\/media\/22167"}],"wp:attachment":[{"href":"https:\/\/eurekakidskosovo.com\/en\/wp-json\/wp\/v2\/media?parent=18875"}],"wp:term":[{"taxonomy":"product_brand","embeddable":true,"href":"https:\/\/eurekakidskosovo.com\/en\/wp-json\/wp\/v2\/product_brand?post=18875"},{"taxonomy":"product_cat","embeddable":true,"href":"https:\/\/eurekakidskosovo.com\/en\/wp-json\/wp\/v2\/product_cat?post=18875"},{"taxonomy":"product_tag","embeddable":true,"href":"https:\/\/eurekakidskosovo.com\/en\/wp-json\/wp\/v2\/product_tag?post=18875"}],"curies":[{"name":"wp","href":"https:\/\/api.w.org\/{rel}","templated":true}]}}