{"id":19226,"date":"2022-06-08T02:28:32","date_gmt":"2022-06-08T00:28:32","guid":{"rendered":"http:\/\/eurekakidskosovo.com\/?post_type=product&#038;p=19226"},"modified":"2025-06-07T12:04:35","modified_gmt":"2025-06-07T10:04:35","slug":"peshqir-plazhi-terracotta","status":"publish","type":"product","link":"https:\/\/eurekakidskosovo.com\/en\/product\/peshqir-plazhi-terracotta\/","title":{"rendered":"Peshqir plazhi-Terracotta Games"},"content":{"rendered":"<p>Jetoni jet\u00ebn tuaj n\u00eb diell me SUNNYLiFE. T\u00eb pushosh n\u00eb r\u00ebr\u00eb sapo u b\u00eb shum\u00eb m\u00eb luksoze me peshqirin e loj\u00ebrave Luxe. Esenciali i k\u00ebsaj vere dyfishohet si nj\u00eb tabel\u00eb loje, me pjes\u00eb t\u00eb loj\u00ebrave prej druri t\u00eb p\u00ebrfshira p\u00ebr t\u00eb luajtur shah ose dam\u00eb<\/p>\n<p><strong>Features:<\/strong><br \/>\n- 100% cotton.<br \/>\n-Lak qendror i varur.<br \/>\n&#8211; Vjen me 32 copa loje t\u00eb gdhendura prej druri p\u00ebr t\u00eb luajtur shah dhe dam\u00eb, duke p\u00ebrfshir\u00eb nj\u00eb \u00e7ant\u00eb EVA me zinxhir p\u00ebr copat e loj\u00ebs.<\/p>\n<p><strong>Dimensionet e produktit:<\/strong><br \/>\n90 x 160 x 0,5 cm<\/p>","protected":false},"excerpt":{"rendered":"<p>Jetoni jet\u00ebn tuaj n\u00eb diell me SUNNYLiFE. T\u00eb pushosh n\u00eb r\u00ebr\u00eb sapo u b\u00eb shum\u00eb m\u00eb luksoze me peshqirin e<\/p>","protected":false},"featured_media":22001,"template":"","meta":{"advanced_seo_description":"","jetpack_seo_html_title":"","jetpack_seo_noindex":false,"jetpack_post_was_ever_published":false},"product_brand":[],"product_cat":[2733,2428],"product_tag":[],"class_list":{"0":"post-19226","1":"product","2":"type-product","3":"status-publish","4":"has-post-thumbnail","6":"product_cat-aksesore-plazhi","7":"product_cat-lodra-per-natyre","9":"first","10":"instock","11":"sale","12":"taxable","13":"shipping-taxable","14":"purchasable","15":"product-type-simple"},"jetpack_likes_enabled":false,"jetpack_sharing_enabled":false,"_links":{"self":[{"href":"https:\/\/eurekakidskosovo.com\/en\/wp-json\/wp\/v2\/product\/19226","targetHints":{"allow":["GET"]}}],"collection":[{"href":"https:\/\/eurekakidskosovo.com\/en\/wp-json\/wp\/v2\/product"}],"about":[{"href":"https:\/\/eurekakidskosovo.com\/en\/wp-json\/wp\/v2\/types\/product"}],"wp:featuredmedia":[{"embeddable":true,"href":"https:\/\/eurekakidskosovo.com\/en\/wp-json\/wp\/v2\/media\/22001"}],"wp:attachment":[{"href":"https:\/\/eurekakidskosovo.com\/en\/wp-json\/wp\/v2\/media?parent=19226"}],"wp:term":[{"taxonomy":"product_brand","embeddable":true,"href":"https:\/\/eurekakidskosovo.com\/en\/wp-json\/wp\/v2\/product_brand?post=19226"},{"taxonomy":"product_cat","embeddable":true,"href":"https:\/\/eurekakidskosovo.com\/en\/wp-json\/wp\/v2\/product_cat?post=19226"},{"taxonomy":"product_tag","embeddable":true,"href":"https:\/\/eurekakidskosovo.com\/en\/wp-json\/wp\/v2\/product_tag?post=19226"}],"curies":[{"name":"wp","href":"https:\/\/api.w.org\/{rel}","templated":true}]}}