{"id":19319,"date":"2022-06-09T20:24:50","date_gmt":"2022-06-09T18:24:50","guid":{"rendered":"http:\/\/eurekakidskosovo.com\/?post_type=product&#038;p=19319"},"modified":"2025-05-15T20:52:37","modified_gmt":"2025-05-15T18:52:37","slug":"komardare-vintage","status":"publish","type":"product","link":"https:\/\/eurekakidskosovo.com\/en\/product\/komardare-vintage\/","title":{"rendered":"Komardare-Vintage"},"content":{"rendered":"<p>Lundroni n\u00eb parajs\u00eb k\u00ebt\u00eb ver\u00eb me Unaz\u00ebn e pishin\u00ebs Sun Vintage. Si pjes\u00eb e koleksionit ton\u00eb Vintage, Unaza Vintage Pool \u00ebsht\u00eb nj\u00eb klasik i rifreskuar i krijuar p\u00ebr t&#8217;ju kthyer n\u00eb koh\u00eb! B\u00ebr\u00eb nga PVC luksoze me suport pambuku, t\u00eb gjitha lundruesit vintage jan\u00eb t\u00eb buta n\u00eb prekje dhe t\u00eb dizajnuara p\u00ebr t\u00eb pasur nj\u00eb ndjesi retro.Mosha: Nga 6 vje\u00e7.<\/p>\n<p><strong>Features:<\/strong><br \/>\n&#8211; Pesha maksimale: 100 kg.<br \/>\n&#8211; P\u00ebrfshin shirit riparimi n\u00eb rast shpimesh.<br \/>\n&#8211; B\u00ebr\u00eb nga PVC e q\u00ebndrueshme, jo toksike pa ftalat.<\/p>\n<p><strong>Dimensionet e produktit:<\/strong><br \/>\n110 x 110 x 35 cm<\/p>","protected":false},"excerpt":{"rendered":"<p>Lundroni n\u00eb parajs\u00eb k\u00ebt\u00eb ver\u00eb me Unaz\u00ebn e pishin\u00ebs Sun Vintage. Si pjes\u00eb e koleksionit ton\u00eb Vintage, Unaza Vintage Pool<\/p>","protected":false},"featured_media":21971,"template":"","meta":{"advanced_seo_description":"","jetpack_seo_html_title":"","jetpack_seo_noindex":false,"jetpack_post_was_ever_published":false},"product_brand":[],"product_cat":[2733,2428],"product_tag":[],"class_list":{"0":"post-19319","1":"product","2":"type-product","3":"status-publish","4":"has-post-thumbnail","6":"product_cat-aksesore-plazhi","7":"product_cat-lodra-per-natyre","9":"first","10":"instock","11":"sale","12":"featured","13":"taxable","14":"shipping-taxable","15":"purchasable","16":"product-type-simple"},"jetpack_likes_enabled":false,"jetpack_sharing_enabled":false,"_links":{"self":[{"href":"https:\/\/eurekakidskosovo.com\/en\/wp-json\/wp\/v2\/product\/19319","targetHints":{"allow":["GET"]}}],"collection":[{"href":"https:\/\/eurekakidskosovo.com\/en\/wp-json\/wp\/v2\/product"}],"about":[{"href":"https:\/\/eurekakidskosovo.com\/en\/wp-json\/wp\/v2\/types\/product"}],"wp:featuredmedia":[{"embeddable":true,"href":"https:\/\/eurekakidskosovo.com\/en\/wp-json\/wp\/v2\/media\/21971"}],"wp:attachment":[{"href":"https:\/\/eurekakidskosovo.com\/en\/wp-json\/wp\/v2\/media?parent=19319"}],"wp:term":[{"taxonomy":"product_brand","embeddable":true,"href":"https:\/\/eurekakidskosovo.com\/en\/wp-json\/wp\/v2\/product_brand?post=19319"},{"taxonomy":"product_cat","embeddable":true,"href":"https:\/\/eurekakidskosovo.com\/en\/wp-json\/wp\/v2\/product_cat?post=19319"},{"taxonomy":"product_tag","embeddable":true,"href":"https:\/\/eurekakidskosovo.com\/en\/wp-json\/wp\/v2\/product_tag?post=19319"}],"curies":[{"name":"wp","href":"https:\/\/api.w.org\/{rel}","templated":true}]}}