{"id":19338,"date":"2022-06-09T21:18:48","date_gmt":"2022-06-09T19:18:48","guid":{"rendered":"http:\/\/eurekakidskosovo.com\/?post_type=product&#038;p=19338"},"modified":"2023-07-25T21:26:05","modified_gmt":"2023-07-25T19:26:05","slug":"pompe-elektrike-ajri","status":"publish","type":"product","link":"https:\/\/eurekakidskosovo.com\/en\/product\/pompe-elektrike-ajri\/","title":{"rendered":"Pomp\u00eb elektrike ajri"},"content":{"rendered":"<p>B\u00ebjeni sezonin e diellit nj\u00eb p\u00ebr t&#8217;u mbajtur mend me fryrjet e famshme t\u00eb Sunnylife. Kurseni frym\u00ebn tuaj p\u00ebr fest\u00ebn dhe pishin\u00ebn me Pomp\u00ebn Elektrike t\u00eb Ajrit.<\/p>\n<p><strong>Features:<\/strong><br \/>\n&#8211; Funksionimi 220-240V, 130W, 50Hz AC.<br \/>\n&#8211; Fryhen dhe shfryhen.<br \/>\n&#8211; Madh\u00ebsia e gryk\u00ebs x3.<br \/>\n&#8211; E pershtatshme per moshat 12+<\/p>\n<p><strong>Dimensionet e produktit:<\/strong><br \/>\n11 x 9 x 10 cm<\/p>","protected":false},"excerpt":{"rendered":"<p>B\u00ebjeni sezonin e diellit nj\u00eb p\u00ebr t&#8217;u mbajtur mend me fryrjet e famshme t\u00eb Sunnylife. Kurseni frym\u00ebn tuaj p\u00ebr fest\u00ebn<\/p>","protected":false},"featured_media":21966,"template":"","meta":{"advanced_seo_description":"","jetpack_seo_html_title":"","jetpack_seo_noindex":false,"jetpack_post_was_ever_published":false},"product_brand":[],"product_cat":[2733,2428],"product_tag":[],"class_list":{"0":"post-19338","1":"product","2":"type-product","3":"status-publish","4":"has-post-thumbnail","6":"product_cat-aksesore-plazhi","7":"product_cat-lodra-per-natyre","9":"first","10":"outofstock","11":"taxable","12":"shipping-taxable","13":"purchasable","14":"product-type-simple"},"jetpack_likes_enabled":false,"jetpack_sharing_enabled":false,"_links":{"self":[{"href":"https:\/\/eurekakidskosovo.com\/en\/wp-json\/wp\/v2\/product\/19338","targetHints":{"allow":["GET"]}}],"collection":[{"href":"https:\/\/eurekakidskosovo.com\/en\/wp-json\/wp\/v2\/product"}],"about":[{"href":"https:\/\/eurekakidskosovo.com\/en\/wp-json\/wp\/v2\/types\/product"}],"wp:featuredmedia":[{"embeddable":true,"href":"https:\/\/eurekakidskosovo.com\/en\/wp-json\/wp\/v2\/media\/21966"}],"wp:attachment":[{"href":"https:\/\/eurekakidskosovo.com\/en\/wp-json\/wp\/v2\/media?parent=19338"}],"wp:term":[{"taxonomy":"product_brand","embeddable":true,"href":"https:\/\/eurekakidskosovo.com\/en\/wp-json\/wp\/v2\/product_brand?post=19338"},{"taxonomy":"product_cat","embeddable":true,"href":"https:\/\/eurekakidskosovo.com\/en\/wp-json\/wp\/v2\/product_cat?post=19338"},{"taxonomy":"product_tag","embeddable":true,"href":"https:\/\/eurekakidskosovo.com\/en\/wp-json\/wp\/v2\/product_tag?post=19338"}],"curies":[{"name":"wp","href":"https:\/\/api.w.org\/{rel}","templated":true}]}}