{"id":19353,"date":"2022-06-10T01:03:13","date_gmt":"2022-06-09T23:03:13","guid":{"rendered":"http:\/\/eurekakidskosovo.com\/?post_type=product&#038;p=19353"},"modified":"2025-05-15T20:50:34","modified_gmt":"2025-05-15T18:50:34","slug":"top-plazhi-3d-monty-the-monster","status":"publish","type":"product","link":"https:\/\/eurekakidskosovo.com\/en\/product\/top-plazhi-3d-monty-the-monster\/","title":{"rendered":"Top plazhi 3D-Monty the monster"},"content":{"rendered":"<p>Vera \u00ebsht\u00eb m\u00eb arg\u00ebtuese me SUNNYLiFE! K\u00ebrceni me topin 3D t\u00eb plazhit.Mosha: Nga 3 vje\u00e7.<\/p>\n<p><strong>Features:<\/strong><br \/>\n&#8211; P\u00ebrmban ikon\u00ebn e p\u00ebrbind\u00ebshit 3D me sy t\u00eb \u00e7uditsh\u00ebm brenda topit t\u00eb fryr\u00eb.<br \/>\n&#8211; Print ombre me gradient.<br \/>\n&#8211; P\u00ebrfshin shirit riparimi n\u00eb rast shpimesh.<br \/>\n&#8211; B\u00ebr\u00eb nga PVC e q\u00ebndrueshme, jo toksike pa fatalate.<\/p>\n<p><strong>Dimensionet e produktit:<\/strong><br \/>\n32 x 32 x 32 cm<\/p>","protected":false},"excerpt":{"rendered":"<p>Vera \u00ebsht\u00eb m\u00eb arg\u00ebtuese me SUNNYLiFE! K\u00ebrceni me topin 3D t\u00eb plazhit.Mosha: Nga 3 vje\u00e7. Karakteristikat: &#8211; P\u00ebrmban ikon\u00ebn e<\/p>","protected":false},"featured_media":21960,"template":"","meta":{"advanced_seo_description":"","jetpack_seo_html_title":"","jetpack_seo_noindex":false,"jetpack_post_was_ever_published":false},"product_brand":[],"product_cat":[2733,2428],"product_tag":[],"class_list":{"0":"post-19353","1":"product","2":"type-product","3":"status-publish","4":"has-post-thumbnail","6":"product_cat-aksesore-plazhi","7":"product_cat-lodra-per-natyre","9":"first","10":"instock","11":"sale","12":"featured","13":"taxable","14":"shipping-taxable","15":"purchasable","16":"product-type-simple"},"jetpack_likes_enabled":false,"jetpack_sharing_enabled":false,"_links":{"self":[{"href":"https:\/\/eurekakidskosovo.com\/en\/wp-json\/wp\/v2\/product\/19353","targetHints":{"allow":["GET"]}}],"collection":[{"href":"https:\/\/eurekakidskosovo.com\/en\/wp-json\/wp\/v2\/product"}],"about":[{"href":"https:\/\/eurekakidskosovo.com\/en\/wp-json\/wp\/v2\/types\/product"}],"wp:featuredmedia":[{"embeddable":true,"href":"https:\/\/eurekakidskosovo.com\/en\/wp-json\/wp\/v2\/media\/21960"}],"wp:attachment":[{"href":"https:\/\/eurekakidskosovo.com\/en\/wp-json\/wp\/v2\/media?parent=19353"}],"wp:term":[{"taxonomy":"product_brand","embeddable":true,"href":"https:\/\/eurekakidskosovo.com\/en\/wp-json\/wp\/v2\/product_brand?post=19353"},{"taxonomy":"product_cat","embeddable":true,"href":"https:\/\/eurekakidskosovo.com\/en\/wp-json\/wp\/v2\/product_cat?post=19353"},{"taxonomy":"product_tag","embeddable":true,"href":"https:\/\/eurekakidskosovo.com\/en\/wp-json\/wp\/v2\/product_tag?post=19353"}],"curies":[{"name":"wp","href":"https:\/\/api.w.org\/{rel}","templated":true}]}}