{"id":19363,"date":"2022-06-10T01:22:34","date_gmt":"2022-06-09T23:22:34","guid":{"rendered":"http:\/\/eurekakidskosovo.com\/?post_type=product&#038;p=19363"},"modified":"2025-05-15T20:49:46","modified_gmt":"2025-05-15T18:49:46","slug":"top-plazhi-3d-smiley-2","status":"publish","type":"product","link":"https:\/\/eurekakidskosovo.com\/en\/product\/top-plazhi-3d-smiley-2\/","title":{"rendered":"Top plazhi 3D-Smiley"},"content":{"rendered":"<p><span style=\"font-family: -apple-system, BlinkMacSystemFont, 'Segoe UI', Roboto, Oxygen-Sans, Ubuntu, Cantarell, 'Helvetica Neue', sans-serif\">Vera \u00ebsht\u00eb m\u00eb arg\u00ebtuese me SUNNYLiFE! K\u00ebrceni me topin 3D t\u00eb plazhit.Mosha: Nga 3 vje\u00e7.<\/span><\/p>\n<p><strong>Features:<\/strong><br \/>\n&#8211; P\u00ebrmban ikon\u00ebn 3D Smiley brenda topit t\u00eb fryr\u00eb.<br \/>\n&#8211; Shk\u00eblqim i brendsh\u00ebm me rrjedhje t\u00eb lir\u00eb.<br \/>\n&#8211; Valvula speciale e krijuar p\u00ebr t\u00eb parandaluar daljen e shk\u00eblqimit nga topi.<br \/>\n&#8211; P\u00ebrfshin shirit riparimi n\u00eb rast shpimesh.<br \/>\n&#8211; B\u00ebr\u00eb nga PVC e q\u00ebndrueshme, jo toksike pa fatalate.<br \/>\n&#8211; Bashk\u00ebpunimi zyrtar i SMILEY p\u00ebr 50 vjetorin.<\/p>\n<p><strong>Dimensionet e produktit:<\/strong><br \/>\n35 x 35 x 35 cm<\/p>","protected":false},"excerpt":{"rendered":"<p>Vera \u00ebsht\u00eb m\u00eb arg\u00ebtuese me SUNNYLiFE! K\u00ebrceni me topin 3D t\u00eb plazhit.Mosha: Nga 3 vje\u00e7. Karakteristikat: &#8211; P\u00ebrmban ikon\u00ebn 3D<\/p>","protected":false},"featured_media":21958,"template":"","meta":{"advanced_seo_description":"","jetpack_seo_html_title":"","jetpack_seo_noindex":false,"jetpack_post_was_ever_published":false},"product_brand":[],"product_cat":[2733,2428],"product_tag":[],"class_list":{"0":"post-19363","1":"product","2":"type-product","3":"status-publish","4":"has-post-thumbnail","6":"product_cat-aksesore-plazhi","7":"product_cat-lodra-per-natyre","9":"first","10":"instock","11":"sale","12":"taxable","13":"shipping-taxable","14":"purchasable","15":"product-type-simple"},"jetpack_likes_enabled":false,"jetpack_sharing_enabled":false,"_links":{"self":[{"href":"https:\/\/eurekakidskosovo.com\/en\/wp-json\/wp\/v2\/product\/19363","targetHints":{"allow":["GET"]}}],"collection":[{"href":"https:\/\/eurekakidskosovo.com\/en\/wp-json\/wp\/v2\/product"}],"about":[{"href":"https:\/\/eurekakidskosovo.com\/en\/wp-json\/wp\/v2\/types\/product"}],"wp:featuredmedia":[{"embeddable":true,"href":"https:\/\/eurekakidskosovo.com\/en\/wp-json\/wp\/v2\/media\/21958"}],"wp:attachment":[{"href":"https:\/\/eurekakidskosovo.com\/en\/wp-json\/wp\/v2\/media?parent=19363"}],"wp:term":[{"taxonomy":"product_brand","embeddable":true,"href":"https:\/\/eurekakidskosovo.com\/en\/wp-json\/wp\/v2\/product_brand?post=19363"},{"taxonomy":"product_cat","embeddable":true,"href":"https:\/\/eurekakidskosovo.com\/en\/wp-json\/wp\/v2\/product_cat?post=19363"},{"taxonomy":"product_tag","embeddable":true,"href":"https:\/\/eurekakidskosovo.com\/en\/wp-json\/wp\/v2\/product_tag?post=19363"}],"curies":[{"name":"wp","href":"https:\/\/api.w.org\/{rel}","templated":true}]}}