{"id":22337,"date":"2022-10-18T20:26:19","date_gmt":"2022-10-18T18:26:19","guid":{"rendered":"https:\/\/eurekakidskosovo.com\/?post_type=product&#038;p=22337"},"modified":"2023-08-31T18:26:38","modified_gmt":"2023-08-31T16:26:38","slug":"lule-dhe-flutura-trekendeshi-per-femije","status":"publish","type":"product","link":"https:\/\/eurekakidskosovo.com\/en\/product\/lule-dhe-flutura-trekendeshi-per-femije\/","title":{"rendered":"Lule dhe flutura trek\u00ebnd\u00ebshi p\u00ebr f\u00ebmij\u00eb"},"content":{"rendered":"<p>Eksploroni natyr\u00ebn me zogun e vog\u00ebl Abby dhe miqt\u00eb e saj. I dh\u00ebn\u00eb n\u00eb nj\u00eb s\u00ebr\u00eb ngjyrimesh t\u00ebrheq\u00ebse, ky Trek\u00ebnd\u00ebsh i Aktivitetit super i but\u00eb do t\u00eb nxis\u00eb kureshtjen e foshnj\u00ebs tuaj. Ka shum\u00eb p\u00ebr t\u00eb zbuluar gjat\u00eb periudh\u00ebs s\u00eb barkut! \u00c7do an\u00eb ka nj\u00eb aktivitet t\u00eb ndrysh\u00ebm dhe \u00ebsht\u00eb e veshur me tekstura, forma dhe tipare t\u00eb ndryshme stimuluese.Mosha e rekomanduar 0+ muaj.<\/p>\n<p>P\u00ebrmasat:35cm x 19cm x 20cm<\/p>","protected":false},"excerpt":{"rendered":"<p>Eksploroni natyr\u00ebn me zogun e vog\u00ebl Abby dhe miqt\u00eb e saj. I dh\u00ebn\u00eb n\u00eb nj\u00eb s\u00ebr\u00eb ngjyrimesh t\u00ebrheq\u00ebse, ky Trek\u00ebnd\u00ebsh<\/p>","protected":false},"featured_media":22338,"template":"","meta":{"advanced_seo_description":"","jetpack_seo_html_title":"","jetpack_seo_noindex":false,"jetpack_post_was_ever_published":false},"product_brand":[],"product_cat":[2550,2545,2548,2549,2546,2547,2542,2543,2537,2429,2541],"product_tag":[],"class_list":{"0":"post-22337","1":"product","2":"type-product","3":"status-publish","4":"has-post-thumbnail","6":"product_cat-24-muaj","7":"product_cat-0-deri-ne-3-muaj","8":"product_cat-12-deri-ne-18-muaj","9":"product_cat-18-deri-ne-24-muaj","10":"product_cat-3-deri-ne-6-muaj","11":"product_cat-6-deri-ne-12-muaj","12":"product_cat-lodra-edukative-lodra-per-bebe","13":"product_cat-lodra-muzikore","14":"product_cat-lodra-per-bebe-lodra-per-bebe","15":"product_cat-lodra-per-bebe","16":"product_cat-lodra-stimuluese","18":"first","19":"outofstock","20":"taxable","21":"shipping-taxable","22":"purchasable","23":"product-type-simple"},"jetpack_likes_enabled":false,"jetpack_sharing_enabled":false,"_links":{"self":[{"href":"https:\/\/eurekakidskosovo.com\/en\/wp-json\/wp\/v2\/product\/22337","targetHints":{"allow":["GET"]}}],"collection":[{"href":"https:\/\/eurekakidskosovo.com\/en\/wp-json\/wp\/v2\/product"}],"about":[{"href":"https:\/\/eurekakidskosovo.com\/en\/wp-json\/wp\/v2\/types\/product"}],"wp:featuredmedia":[{"embeddable":true,"href":"https:\/\/eurekakidskosovo.com\/en\/wp-json\/wp\/v2\/media\/22338"}],"wp:attachment":[{"href":"https:\/\/eurekakidskosovo.com\/en\/wp-json\/wp\/v2\/media?parent=22337"}],"wp:term":[{"taxonomy":"product_brand","embeddable":true,"href":"https:\/\/eurekakidskosovo.com\/en\/wp-json\/wp\/v2\/product_brand?post=22337"},{"taxonomy":"product_cat","embeddable":true,"href":"https:\/\/eurekakidskosovo.com\/en\/wp-json\/wp\/v2\/product_cat?post=22337"},{"taxonomy":"product_tag","embeddable":true,"href":"https:\/\/eurekakidskosovo.com\/en\/wp-json\/wp\/v2\/product_tag?post=22337"}],"curies":[{"name":"wp","href":"https:\/\/api.w.org\/{rel}","templated":true}]}}