{"id":22408,"date":"2022-10-19T10:53:40","date_gmt":"2022-10-19T08:53:40","guid":{"rendered":"https:\/\/eurekakidskosovo.com\/?post_type=product&#038;p=22408"},"modified":"2024-06-02T23:59:00","modified_gmt":"2024-06-02T21:59:00","slug":"gure-moes","status":"publish","type":"product","link":"https:\/\/eurekakidskosovo.com\/en\/product\/gure-moes\/","title":{"rendered":"Gur\u00eb Moes"},"content":{"rendered":"<p>Ky grup arg\u00ebtues prej 5 tullash i jep mund\u00ebsi loj\u00ebs s\u00eb hapur n\u00eb form\u00ebn e tij m\u00eb t\u00eb past\u00ebr. Nga &#8220;dyshemeja \u00ebsht\u00eb lav\u00eb&#8221; deri te pllakat kund\u00ebr rr\u00ebshqitjes n\u00eb banj\u00eb, vendosni vet\u00eb se \u00e7far\u00eb mund t\u00eb b\u00ebni me k\u00ebt\u00eb grup t\u00eb bukur me 5 gur\u00eb.<br \/>\nMund ta p\u00ebrdorni edhe n\u00eb banj\u00eb, dush apo pishin\u00eb. \u00cbsht\u00eb gjithashtu e k\u00ebndshme t\u00eb dini se kur jan\u00eb t\u00eb lagur, ngjiten n\u00eb murin e banj\u00ebs ose dushit.<br \/>\nMateriali MOES p\u00ebrb\u00ebhet nga nj\u00eb shkum\u00eb EVA e fort\u00eb dhe e but\u00eb, e testuar EN-71. Kjo shkum\u00eb \u00ebsht\u00eb shum\u00eb e leht\u00eb, e leht\u00eb p\u00ebr t&#8217;u lar\u00eb dhe nuk p\u00ebrmban substanca t\u00eb d\u00ebmshme.<br \/>\nMosha e rekomanduar 3vje\u00e7 +.<\/p>","protected":false},"excerpt":{"rendered":"<p>Ky grup arg\u00ebtues prej 5 tullash i jep mund\u00ebsi loj\u00ebs s\u00eb hapur n\u00eb form\u00ebn e tij m\u00eb t\u00eb past\u00ebr. Nga<\/p>","protected":false},"featured_media":22409,"template":"","meta":{"advanced_seo_description":"","jetpack_seo_html_title":"","jetpack_seo_noindex":false},"product_brand":[],"product_cat":[2558,2559,2733,2488,2428,2430,2580],"product_tag":[],"class_list":{"0":"post-22408","1":"product","2":"type-product","3":"status-publish","4":"has-post-thumbnail","6":"product_cat-5-deri-ne-8-vjet","7":"product_cat-8-deri-ne-12-vjet","8":"product_cat-aksesore-plazhi","9":"product_cat-lodra-per-krijues","10":"product_cat-lodra-per-natyre","11":"product_cat-lojera-simbolike","12":"product_cat-sporte-dhe-lojera-ne-natyre","14":"first","15":"instock","16":"taxable","17":"shipping-taxable","18":"purchasable","19":"product-type-simple"},"jetpack_likes_enabled":false,"jetpack_sharing_enabled":false,"_links":{"self":[{"href":"https:\/\/eurekakidskosovo.com\/en\/wp-json\/wp\/v2\/product\/22408","targetHints":{"allow":["GET"]}}],"collection":[{"href":"https:\/\/eurekakidskosovo.com\/en\/wp-json\/wp\/v2\/product"}],"about":[{"href":"https:\/\/eurekakidskosovo.com\/en\/wp-json\/wp\/v2\/types\/product"}],"wp:featuredmedia":[{"embeddable":true,"href":"https:\/\/eurekakidskosovo.com\/en\/wp-json\/wp\/v2\/media\/22409"}],"wp:attachment":[{"href":"https:\/\/eurekakidskosovo.com\/en\/wp-json\/wp\/v2\/media?parent=22408"}],"wp:term":[{"taxonomy":"product_brand","embeddable":true,"href":"https:\/\/eurekakidskosovo.com\/en\/wp-json\/wp\/v2\/product_brand?post=22408"},{"taxonomy":"product_cat","embeddable":true,"href":"https:\/\/eurekakidskosovo.com\/en\/wp-json\/wp\/v2\/product_cat?post=22408"},{"taxonomy":"product_tag","embeddable":true,"href":"https:\/\/eurekakidskosovo.com\/en\/wp-json\/wp\/v2\/product_tag?post=22408"}],"curies":[{"name":"wp","href":"https:\/\/api.w.org\/{rel}","templated":true}]}}