{"id":22434,"date":"2022-10-19T11:55:52","date_gmt":"2022-10-19T09:55:52","guid":{"rendered":"https:\/\/eurekakidskosovo.com\/?post_type=product&#038;p=22434"},"modified":"2024-06-02T23:58:48","modified_gmt":"2024-06-02T21:58:48","slug":"breshka-moes","status":"publish","type":"product","link":"https:\/\/eurekakidskosovo.com\/en\/product\/breshka-moes\/","title":{"rendered":"Breshka Moes"},"content":{"rendered":"<p>A ka \u00ebnd\u00ebrruar gjithmon\u00eb f\u00ebmija juaj t\u00eb ulet n\u00eb kurrizin e nj\u00eb breshke? Me setin MOES Turtle, kjo \u00ebnd\u00ebrr mund t\u00eb b\u00ebhet realitet! P\u00ebrve\u00e7 kal\u00ebrimit t\u00eb breshkave, f\u00ebmija juaj mund t\u00eb b\u00ebj\u00eb shum\u00eb m\u00eb tep\u00ebr gj\u00ebra me to, t\u00eb tilla si balancimi, l\u00ebkundje, s\u00ebrf dhe nd\u00ebrtimi i nj\u00eb shtegu.A jeni gati p\u00ebr k\u00ebt\u00eb aventur\u00eb?<br \/>\nManuali p\u00ebr t\u00eb luajtur Moes \u00ebsht\u00eb i pafund. Arg\u00ebtimi dhe kreativiteti jan\u00eb qendrore. P\u00ebrve\u00e7 k\u00ebsaj, kjo form\u00eb e loj\u00ebs s\u00eb hapur stimulon zhvillimin motorik t\u00eb f\u00ebmij\u00ebs suaj.<br \/>\nP\u00ebr m\u00eb tep\u00ebr, ky sy t\u00ebrheq\u00ebs p\u00ebrshtatet n\u00eb m\u00ebnyr\u00eb t\u00eb p\u00ebrkryer n\u00eb \u00e7do brendshme.<br \/>\nMateriali p\u00ebrb\u00ebhet nga nj\u00eb shkum\u00eb EVA e fort\u00eb dhe e but\u00eb, e testuar EN-71, e leht\u00eb, e leht\u00eb p\u00ebr t&#8217;u lar\u00eb dhe nuk p\u00ebrmban substanca t\u00eb d\u00ebmshme.<\/p>","protected":false},"excerpt":{"rendered":"<p>A ka \u00ebnd\u00ebrruar gjithmon\u00eb f\u00ebmija juaj t\u00eb ulet n\u00eb kurrizin e nj\u00eb breshke? Me setin MOES Turtle, kjo \u00ebnd\u00ebrr mund<\/p>","protected":false},"featured_media":22435,"template":"","meta":{"advanced_seo_description":"","jetpack_seo_html_title":"","jetpack_seo_noindex":false,"jetpack_post_was_ever_published":false},"product_brand":[],"product_cat":[2589,2590,2591,2488,2428,2578,2580],"product_tag":[],"class_list":{"0":"post-22434","1":"product","2":"type-product","3":"status-publish","4":"has-post-thumbnail","6":"product_cat-2-deri-ne-5-vjet-lodra-per-natyre","7":"product_cat-5-deri-ne-8-vjet-lodra-per-natyre","8":"product_cat-8-deri-ne-12-vjet-lodra-per-natyre","9":"product_cat-lodra-per-krijues","10":"product_cat-lodra-per-natyre","11":"product_cat-luhatje","12":"product_cat-sporte-dhe-lojera-ne-natyre","14":"first","15":"instock","16":"taxable","17":"shipping-taxable","18":"purchasable","19":"product-type-simple"},"jetpack_likes_enabled":false,"jetpack_sharing_enabled":false,"_links":{"self":[{"href":"https:\/\/eurekakidskosovo.com\/en\/wp-json\/wp\/v2\/product\/22434","targetHints":{"allow":["GET"]}}],"collection":[{"href":"https:\/\/eurekakidskosovo.com\/en\/wp-json\/wp\/v2\/product"}],"about":[{"href":"https:\/\/eurekakidskosovo.com\/en\/wp-json\/wp\/v2\/types\/product"}],"wp:featuredmedia":[{"embeddable":true,"href":"https:\/\/eurekakidskosovo.com\/en\/wp-json\/wp\/v2\/media\/22435"}],"wp:attachment":[{"href":"https:\/\/eurekakidskosovo.com\/en\/wp-json\/wp\/v2\/media?parent=22434"}],"wp:term":[{"taxonomy":"product_brand","embeddable":true,"href":"https:\/\/eurekakidskosovo.com\/en\/wp-json\/wp\/v2\/product_brand?post=22434"},{"taxonomy":"product_cat","embeddable":true,"href":"https:\/\/eurekakidskosovo.com\/en\/wp-json\/wp\/v2\/product_cat?post=22434"},{"taxonomy":"product_tag","embeddable":true,"href":"https:\/\/eurekakidskosovo.com\/en\/wp-json\/wp\/v2\/product_tag?post=22434"}],"curies":[{"name":"wp","href":"https:\/\/api.w.org\/{rel}","templated":true}]}}