{"id":22447,"date":"2022-10-19T12:21:19","date_gmt":"2022-10-19T10:21:19","guid":{"rendered":"https:\/\/eurekakidskosovo.com\/?post_type=product&#038;p=22447"},"modified":"2024-05-04T22:26:19","modified_gmt":"2024-05-04T20:26:19","slug":"zebra-moes","status":"publish","type":"product","link":"https:\/\/eurekakidskosovo.com\/en\/product\/zebra-moes\/","title":{"rendered":"Zebra Moes"},"content":{"rendered":"<p>Kush guxon t\u00eb ec\u00eb me zeb\u00ebr?<br \/>\nZebra n\u00eb ngjyrat e saj origjinale si\u00e7 e njohim ne nga jeta e eg\u00ebr e v\u00ebrtet\u00eb ofron or\u00eb kal\u00ebrimi dhe arg\u00ebtimi me loj\u00ebra.<br \/>\nZebra ka rrota gome q\u00eb mund t\u00eb rrotullohen 360\u00b0, k\u00ebshtu q\u00eb ju mund ta drejtoni Zebra n\u00eb heshtje dhe pa g\u00ebrvishtje n\u00eb t\u00eb gjitha sip\u00ebrfaqet.<br \/>\nMateriali p\u00ebrb\u00ebhet nga nj\u00eb shkum\u00eb EVA e fort\u00eb dhe e but\u00eb, e testuar EN-71, e leht\u00eb, e leht\u00eb p\u00ebr t&#8217;u lar\u00eb dhe nuk p\u00ebrmban substanca t\u00eb d\u00ebmshme.<\/p>","protected":false},"excerpt":{"rendered":"<p>Kush guxon t\u00eb ec\u00eb me zeb\u00ebr? Zebra n\u00eb ngjyrat e saj origjinale si\u00e7 e njohim ne nga jeta e eg\u00ebr<\/p>","protected":false},"featured_media":22448,"template":"","meta":{"advanced_seo_description":"","jetpack_seo_html_title":"","jetpack_seo_noindex":false,"jetpack_post_was_ever_published":false},"product_brand":[],"product_cat":[2590,2591,2428,2580],"product_tag":[],"class_list":{"0":"post-22447","1":"product","2":"type-product","3":"status-publish","4":"has-post-thumbnail","6":"product_cat-5-deri-ne-8-vjet-lodra-per-natyre","7":"product_cat-8-deri-ne-12-vjet-lodra-per-natyre","8":"product_cat-lodra-per-natyre","9":"product_cat-sporte-dhe-lojera-ne-natyre","11":"first","12":"outofstock","13":"taxable","14":"shipping-taxable","15":"purchasable","16":"product-type-simple"},"jetpack_likes_enabled":false,"jetpack_sharing_enabled":false,"_links":{"self":[{"href":"https:\/\/eurekakidskosovo.com\/en\/wp-json\/wp\/v2\/product\/22447","targetHints":{"allow":["GET"]}}],"collection":[{"href":"https:\/\/eurekakidskosovo.com\/en\/wp-json\/wp\/v2\/product"}],"about":[{"href":"https:\/\/eurekakidskosovo.com\/en\/wp-json\/wp\/v2\/types\/product"}],"wp:featuredmedia":[{"embeddable":true,"href":"https:\/\/eurekakidskosovo.com\/en\/wp-json\/wp\/v2\/media\/22448"}],"wp:attachment":[{"href":"https:\/\/eurekakidskosovo.com\/en\/wp-json\/wp\/v2\/media?parent=22447"}],"wp:term":[{"taxonomy":"product_brand","embeddable":true,"href":"https:\/\/eurekakidskosovo.com\/en\/wp-json\/wp\/v2\/product_brand?post=22447"},{"taxonomy":"product_cat","embeddable":true,"href":"https:\/\/eurekakidskosovo.com\/en\/wp-json\/wp\/v2\/product_cat?post=22447"},{"taxonomy":"product_tag","embeddable":true,"href":"https:\/\/eurekakidskosovo.com\/en\/wp-json\/wp\/v2\/product_tag?post=22447"}],"curies":[{"name":"wp","href":"https:\/\/api.w.org\/{rel}","templated":true}]}}