{"id":22461,"date":"2022-10-19T13:21:15","date_gmt":"2022-10-19T11:21:15","guid":{"rendered":"https:\/\/eurekakidskosovo.com\/?post_type=product&#038;p=22461"},"modified":"2023-11-17T21:03:11","modified_gmt":"2023-11-17T20:03:11","slug":"puzzle-blloqe-moes","status":"publish","type":"product","link":"https:\/\/eurekakidskosovo.com\/en\/product\/puzzle-blloqe-moes\/","title":{"rendered":"Puzzle Blloqe Moes"},"content":{"rendered":"<p>K\u00ebto blloqe arg\u00ebtuese enigmash p\u00ebrb\u00ebhen nga 11 blloqe unike<br \/>\nOr\u00eb arg\u00ebtimi, imagjinoni dhe nd\u00ebrtoni kullat m\u00eb unike,<br \/>\nk\u00ebshtjella dhe struktura. K\u00ebto blloqe jan\u00eb t\u00eb p\u00ebrshtatshme si p\u00ebr m\u00eb t\u00eb vegjlit ashtu edhe p\u00ebr nd\u00ebrtuesit m\u00eb me p\u00ebrvoj\u00eb, t\u00eb cil\u00ebt mund t&#8217;i rregullojn\u00eb blloqet s\u00eb bashku dhe t\u00eb nd\u00ebrtojn\u00eb struktura m\u00eb sfiduese.<br \/>\nMateriali p\u00ebrb\u00ebhet nga nj\u00eb shkum\u00eb EVA e fort\u00eb dhe e but\u00eb, e testuar EN-71, e leht\u00eb, e leht\u00eb p\u00ebr t&#8217;u lar\u00eb dhe nuk p\u00ebrmban.Mosha e rekomanduar 1+ vje\u00e7.<\/p>","protected":false},"excerpt":{"rendered":"<p>K\u00ebto blloqe arg\u00ebtuese enigmash p\u00ebrb\u00ebhen nga 11 blloqe unike Or\u00eb arg\u00ebtimi, imagjinoni dhe nd\u00ebrtoni kullat m\u00eb unike, k\u00ebshtjella dhe struktura.<\/p>","protected":false},"featured_media":22462,"template":"","meta":{"advanced_seo_description":"","jetpack_seo_html_title":"","jetpack_seo_noindex":false,"jetpack_post_was_ever_published":false},"product_brand":[],"product_cat":[2574,2575,2576,2427,2428,2430,2572],"product_tag":[],"class_list":{"0":"post-22461","1":"product","2":"type-product","3":"status-publish","4":"has-post-thumbnail","6":"product_cat-2-deri-ne-5-vjet-lodra-edukative","7":"product_cat-5-deri-ne-8-vjet-lodra-edukative","8":"product_cat-8-deri-ne-12-vjet-lodra-edukative","9":"product_cat-lodra-edukative","10":"product_cat-lodra-per-natyre","11":"product_cat-lojera-simbolike","12":"product_cat-puzzles","14":"first","15":"outofstock","16":"taxable","17":"shipping-taxable","18":"purchasable","19":"product-type-simple"},"jetpack_likes_enabled":false,"jetpack_sharing_enabled":false,"_links":{"self":[{"href":"https:\/\/eurekakidskosovo.com\/en\/wp-json\/wp\/v2\/product\/22461","targetHints":{"allow":["GET"]}}],"collection":[{"href":"https:\/\/eurekakidskosovo.com\/en\/wp-json\/wp\/v2\/product"}],"about":[{"href":"https:\/\/eurekakidskosovo.com\/en\/wp-json\/wp\/v2\/types\/product"}],"wp:featuredmedia":[{"embeddable":true,"href":"https:\/\/eurekakidskosovo.com\/en\/wp-json\/wp\/v2\/media\/22462"}],"wp:attachment":[{"href":"https:\/\/eurekakidskosovo.com\/en\/wp-json\/wp\/v2\/media?parent=22461"}],"wp:term":[{"taxonomy":"product_brand","embeddable":true,"href":"https:\/\/eurekakidskosovo.com\/en\/wp-json\/wp\/v2\/product_brand?post=22461"},{"taxonomy":"product_cat","embeddable":true,"href":"https:\/\/eurekakidskosovo.com\/en\/wp-json\/wp\/v2\/product_cat?post=22461"},{"taxonomy":"product_tag","embeddable":true,"href":"https:\/\/eurekakidskosovo.com\/en\/wp-json\/wp\/v2\/product_tag?post=22461"}],"curies":[{"name":"wp","href":"https:\/\/api.w.org\/{rel}","templated":true}]}}