{"id":23493,"date":"2022-11-02T22:20:13","date_gmt":"2022-11-02T21:20:13","guid":{"rendered":"https:\/\/eurekakidskosovo.com\/?post_type=product&#038;p=23493"},"modified":"2022-12-31T21:12:25","modified_gmt":"2022-12-31T20:12:25","slug":"babyzen-yoyo%c2%b2-karroce-11","status":"publish","type":"product","link":"https:\/\/eurekakidskosovo.com\/en\/product\/babyzen-yoyo%c2%b2-karroce-11\/","title":{"rendered":"BabyZen YOYO\u00b2 Karroc\u00eb"},"content":{"rendered":"<p>Karroca e re YOYO\u00b2 p\u00ebrfiton nga fleksibiliteti dhe amortizimi i pashembullt, fal\u00eb pezullimeve t\u00eb reja individuale n\u00eb t\u00eb kat\u00ebr rrotat, duke i lejuar karroc\u00ebs t\u00eb lundroj\u00eb n\u00eb m\u00ebnyr\u00eb t\u00eb p\u00ebrsosur n\u00eb t\u00eb gjitha llojet e sip\u00ebrfaqeve.YOYO\u00b2 \u00ebsht\u00eb jasht\u00ebzakonisht i fort\u00eb dhe i leht\u00eb fal\u00eb materialeve t\u00eb tij me cil\u00ebsi t\u00eb lart\u00eb. Me aliazh alumini, \u00e7elik inoks dhe plastik\u00eb teknike t\u00eb p\u00ebrforcuar me fibra xhami, karroca juaj do t\u00eb zgjas\u00eb p\u00ebr disa breza.Karroca YOYO\u00b2 paloset dhe shpaloset me nj\u00ebr\u00ebn dor\u00eb, mund t\u00eb mbahet mbi supe, rr\u00ebshqet kudo, ruhet leht\u00ebsisht dhe udh\u00ebton me ju,si nj\u00eb bagazh dore si n\u00eb versionin 0+ ashtu edhe n\u00eb 6+. Karroca YOYO\u00b2 rritet me f\u00ebmij\u00ebn tuaj. Zgjidhni variantin e sediljes p\u00ebr t&#8217;u p\u00ebrshtatur n\u00eb korniz\u00eb dhe p\u00ebrshtateni at\u00eb sipas nevojave tuaja:<br \/>\nPaketa 0+ e t\u00eb porsalindurve do ta mbaj\u00eb f\u00ebmij\u00ebn tuaj t\u00eb sigurt q\u00eb nga lindja, shtrir\u00eb p\u00ebrball\u00eb jush. (shitet ve\u00e7mas)<br \/>\nPaketa me 6+ e lejon f\u00ebmij\u00ebn tuaj t\u00eb ulet p\u00ebrball\u00eb rrug\u00ebs, nga 6 muajsh e tutje. (ky set)<\/p>\n<p><strong>Features:<\/strong><br \/>\n&#8211; Korniza e re e p\u00ebrforcuar \u00ebsht\u00eb miratuar p\u00ebr 22 kg.<br \/>\n&#8211; Pezullim i ri i pavarur me 4 rrota. Teknologjia e par\u00eb e llojit (e b\u00ebr\u00eb me nj\u00eb elastomer Hytrel), duke siguruar YOYO2 me elasticitet t\u00eb pakrahasuesh\u00ebm dhe thithjen e goditjeve.<br \/>\n&#8211; Timon i ri prej l\u00ebkure artificiale premium: m\u00eb rezistent dhe higjienik, me siguri m\u00eb t\u00eb madhe fal\u00eb rripit lidh\u00ebs.<br \/>\n&#8211; Dizajni i ri universal i shtr\u00ebngimit: m\u00eb i k\u00ebndsh\u00ebm n\u00eb prekje dhe m\u00eb i leht\u00eb p\u00ebr t&#8217;u trajtuar.<br \/>\n&#8211; Dhe nj\u00eb \u00e7ant\u00eb e madhe e dor\u00ebs s\u00eb miratuar nga IATA q\u00eb \u00ebsht\u00eb n\u00ebn parimin e rekomanduar prej 56 x 45 x 25 cm<br \/>\n&#8211; Mbulesa e shiut shitet ve\u00e7mas.<\/p>\n<p><strong>Dimensions:<\/strong><br \/>\n&#8211; Palosja ultra-kompakte e tipit YOYO ka p\u00ebrmasa: 52 x 44 x 18 cm<br \/>\n&#8211; Pesha: 6,2 kg<\/p>","protected":false},"excerpt":{"rendered":"<p>Karroca e re YOYO\u00b2 p\u00ebrfiton nga fleksibiliteti dhe amortizimi i pashembullt, fal\u00eb pezullimeve t\u00eb reja individuale n\u00eb t\u00eb kat\u00ebr rrotat,<\/p>","protected":false},"featured_media":23494,"template":"","meta":{"advanced_seo_description":"","jetpack_seo_html_title":"","jetpack_seo_noindex":false,"jetpack_post_was_ever_published":false},"product_brand":[],"product_cat":[2760,2758,2759,2754,2753,2428],"product_tag":[],"class_list":{"0":"post-23493","1":"product","2":"type-product","3":"status-publish","4":"has-post-thumbnail","6":"product_cat-24-muaj-lodra-per-natyre","7":"product_cat-12-deri-ne-18-muaj-lodra-per-natyre","8":"product_cat-18-deri-ne-24-muaj-lodra-per-natyre","9":"product_cat-6-deri-ne-12-muaj-lodra-per-natyre","10":"product_cat-karroca-lodra-per-natyre","11":"product_cat-lodra-per-natyre","13":"first","14":"outofstock","15":"taxable","16":"shipping-taxable","17":"purchasable","18":"product-type-simple"},"jetpack_likes_enabled":false,"jetpack_sharing_enabled":false,"_links":{"self":[{"href":"https:\/\/eurekakidskosovo.com\/en\/wp-json\/wp\/v2\/product\/23493","targetHints":{"allow":["GET"]}}],"collection":[{"href":"https:\/\/eurekakidskosovo.com\/en\/wp-json\/wp\/v2\/product"}],"about":[{"href":"https:\/\/eurekakidskosovo.com\/en\/wp-json\/wp\/v2\/types\/product"}],"wp:featuredmedia":[{"embeddable":true,"href":"https:\/\/eurekakidskosovo.com\/en\/wp-json\/wp\/v2\/media\/23494"}],"wp:attachment":[{"href":"https:\/\/eurekakidskosovo.com\/en\/wp-json\/wp\/v2\/media?parent=23493"}],"wp:term":[{"taxonomy":"product_brand","embeddable":true,"href":"https:\/\/eurekakidskosovo.com\/en\/wp-json\/wp\/v2\/product_brand?post=23493"},{"taxonomy":"product_cat","embeddable":true,"href":"https:\/\/eurekakidskosovo.com\/en\/wp-json\/wp\/v2\/product_cat?post=23493"},{"taxonomy":"product_tag","embeddable":true,"href":"https:\/\/eurekakidskosovo.com\/en\/wp-json\/wp\/v2\/product_tag?post=23493"}],"curies":[{"name":"wp","href":"https:\/\/api.w.org\/{rel}","templated":true}]}}