{"id":24047,"date":"2022-11-18T11:45:42","date_gmt":"2022-11-18T10:45:42","guid":{"rendered":"https:\/\/eurekakidskosovo.com\/?post_type=product&#038;p=24047"},"modified":"2023-11-01T18:24:51","modified_gmt":"2023-11-01T17:24:51","slug":"white-tutu-clips-and-wand","status":"publish","type":"product","link":"https:\/\/eurekakidskosovo.com\/en\/product\/white-tutu-clips-and-wand\/","title":{"rendered":"Aksesor\u00eb balerine"},"content":{"rendered":"<p>Me k\u00ebt\u00eb fund\u00eb dhe aksesor\u00ebt e saj t\u00eb kuq, t\u00eb vegjlit do t\u00eb mund t\u00eb krijojn\u00eb p\u00ebrrallat dhe tregimet e tyre. Veshja bashk\u00ebpunon me loj\u00ebn e tyre simbolike duke zhvilluar k\u00ebshtu kreativitetin dhe imagjinat\u00ebn e tyre.<br \/>\nAge: From 5 years.<\/p>\n<p>Features:<br \/>\n&#8211; Ngjyra: e kuqe<br \/>\n&#8211; P\u00ebrfshin dy kap\u00ebse flok\u00ebsh dhe nj\u00eb shkop<br \/>\n&#8211; Nj\u00eb madh\u00ebsi i p\u00ebrshtatet t\u00eb gjith\u00ebve<\/p>\n<p>Dimensions:<br \/>\nNj\u00eb mas\u00eb.<\/p>","protected":false},"excerpt":{"rendered":"<p>Me k\u00ebt\u00eb fund\u00eb dhe aksesor\u00ebt e saj t\u00eb kuq, t\u00eb vegjlit do t\u00eb mund t\u00eb krijojn\u00eb p\u00ebrrallat dhe tregimet e<\/p>","protected":false},"featured_media":24048,"template":"","meta":{"advanced_seo_description":"","jetpack_seo_html_title":"","jetpack_seo_noindex":false,"jetpack_post_was_ever_published":false},"product_brand":[],"product_cat":[2602,2598,2886,2488],"product_tag":[],"class_list":{"0":"post-24047","1":"product","2":"type-product","3":"status-publish","4":"has-post-thumbnail","6":"product_cat-5-deri-ne-8-vjet-lodra-per-krijues","7":"product_cat-bizhuteri","8":"product_cat-kostume","9":"product_cat-lodra-per-krijues","11":"first","12":"outofstock","13":"taxable","14":"shipping-taxable","15":"purchasable","16":"product-type-simple"},"jetpack_likes_enabled":false,"jetpack_sharing_enabled":false,"_links":{"self":[{"href":"https:\/\/eurekakidskosovo.com\/en\/wp-json\/wp\/v2\/product\/24047","targetHints":{"allow":["GET"]}}],"collection":[{"href":"https:\/\/eurekakidskosovo.com\/en\/wp-json\/wp\/v2\/product"}],"about":[{"href":"https:\/\/eurekakidskosovo.com\/en\/wp-json\/wp\/v2\/types\/product"}],"wp:featuredmedia":[{"embeddable":true,"href":"https:\/\/eurekakidskosovo.com\/en\/wp-json\/wp\/v2\/media\/24048"}],"wp:attachment":[{"href":"https:\/\/eurekakidskosovo.com\/en\/wp-json\/wp\/v2\/media?parent=24047"}],"wp:term":[{"taxonomy":"product_brand","embeddable":true,"href":"https:\/\/eurekakidskosovo.com\/en\/wp-json\/wp\/v2\/product_brand?post=24047"},{"taxonomy":"product_cat","embeddable":true,"href":"https:\/\/eurekakidskosovo.com\/en\/wp-json\/wp\/v2\/product_cat?post=24047"},{"taxonomy":"product_tag","embeddable":true,"href":"https:\/\/eurekakidskosovo.com\/en\/wp-json\/wp\/v2\/product_tag?post=24047"}],"curies":[{"name":"wp","href":"https:\/\/api.w.org\/{rel}","templated":true}]}}