{"id":24464,"date":"2022-11-24T14:22:10","date_gmt":"2022-11-24T13:22:10","guid":{"rendered":"https:\/\/eurekakidskosovo.com\/?post_type=product&#038;p=24464"},"modified":"2024-06-02T23:56:26","modified_gmt":"2024-06-02T21:56:26","slug":"kostume-per-vajza-8","status":"publish","type":"product","link":"https:\/\/eurekakidskosovo.com\/en\/product\/kostume-per-vajza-8\/","title":{"rendered":"Kostum p\u00ebr vajza"},"content":{"rendered":"<p>Madh\u00ebsia e kostumit p\u00ebr f\u00ebmij\u00eb Joy M: Koleksioni i kukullave Kruselings \u00ebsht\u00eb frym\u00ebzuar nga nj\u00eb histori fantazie. Ata thon\u00eb se paqja mbret\u00ebroi p\u00ebr qindra vjet n\u00eb bot\u00ebn e \u00ebndrrave, derisa u shfaq\u00ebn disa p\u00ebrbind\u00ebsha dhe p\u00ebrmbys\u00ebn gjith\u00e7ka. K\u00ebshtu, pes\u00eb vajza q\u00eb jetonin n\u00eb kontinente t\u00eb ndryshme u thirr\u00ebn nga &#8220;Opali i Zjarrit&#8221;, nj\u00eb fuqi misterioze q\u00eb i b\u00ebri ato roje t\u00eb Bot\u00ebs s\u00eb \u00cbndrrave. K\u00ebto pes\u00eb vajza jan\u00eb Kruseling\u00ebt dhe misioni i tyre \u00ebsht\u00eb t\u00eb luftojn\u00eb makthet dhe t\u00eb p\u00ebrhapin \u00ebndrra t\u00eb \u00ebmbla p\u00ebr t\u00eb gjith\u00eb. Joy \u00ebsht\u00eb nga Nju Jorku dhe \u00ebsht\u00eb jeta e fest\u00ebs, q\u00eb nxjerr energji t\u00eb vazhdueshme, humor t\u00eb mir\u00eb dhe pozitivitet. Ajo ka flok\u00eb ka\u00e7urrela kafe. Ajo p\u00ebrfaq\u00ebson besimin.<\/p>\n<p>Age: From 5 years.<\/p>\n<p>Features:<br \/>\n&#8211; I pershtatshem per femije me gjatesi 110 &#8211; 125 cm.<br \/>\n&#8211; Ky set p\u00ebrfshin kostumin Kruseling Joy p\u00ebrmasat M dhe krah\u00ebt e zanave<\/p>","protected":false},"excerpt":{"rendered":"<p>Madh\u00ebsia e kostumit p\u00ebr f\u00ebmij\u00eb Joy M: Koleksioni i kukullave Kruselings \u00ebsht\u00eb frym\u00ebzuar nga nj\u00eb histori fantazie. Ata thon\u00eb se<\/p>","protected":false},"featured_media":24465,"template":"","meta":{"advanced_seo_description":"","jetpack_seo_html_title":"","jetpack_seo_noindex":false,"jetpack_post_was_ever_published":false},"product_brand":[],"product_cat":[2886],"product_tag":[],"class_list":{"0":"post-24464","1":"product","2":"type-product","3":"status-publish","4":"has-post-thumbnail","6":"product_cat-kostume","8":"first","9":"instock","10":"taxable","11":"shipping-taxable","12":"purchasable","13":"product-type-simple"},"jetpack_likes_enabled":false,"jetpack_sharing_enabled":false,"_links":{"self":[{"href":"https:\/\/eurekakidskosovo.com\/en\/wp-json\/wp\/v2\/product\/24464","targetHints":{"allow":["GET"]}}],"collection":[{"href":"https:\/\/eurekakidskosovo.com\/en\/wp-json\/wp\/v2\/product"}],"about":[{"href":"https:\/\/eurekakidskosovo.com\/en\/wp-json\/wp\/v2\/types\/product"}],"wp:featuredmedia":[{"embeddable":true,"href":"https:\/\/eurekakidskosovo.com\/en\/wp-json\/wp\/v2\/media\/24465"}],"wp:attachment":[{"href":"https:\/\/eurekakidskosovo.com\/en\/wp-json\/wp\/v2\/media?parent=24464"}],"wp:term":[{"taxonomy":"product_brand","embeddable":true,"href":"https:\/\/eurekakidskosovo.com\/en\/wp-json\/wp\/v2\/product_brand?post=24464"},{"taxonomy":"product_cat","embeddable":true,"href":"https:\/\/eurekakidskosovo.com\/en\/wp-json\/wp\/v2\/product_cat?post=24464"},{"taxonomy":"product_tag","embeddable":true,"href":"https:\/\/eurekakidskosovo.com\/en\/wp-json\/wp\/v2\/product_tag?post=24464"}],"curies":[{"name":"wp","href":"https:\/\/api.w.org\/{rel}","templated":true}]}}