{"id":24786,"date":"2022-12-15T13:14:12","date_gmt":"2022-12-15T12:14:12","guid":{"rendered":"https:\/\/eurekakidskosovo.com\/?post_type=product&#038;p=24786"},"modified":"2023-12-08T17:37:21","modified_gmt":"2023-12-08T16:37:21","slug":"arkitektet-gjigante","status":"publish","type":"product","link":"https:\/\/eurekakidskosovo.com\/en\/product\/arkitektet-gjigante\/","title":{"rendered":"Arkitekt\u00ebt Gjigant\u00eb"},"content":{"rendered":"<p>Blloqet e nd\u00ebrtimit jan\u00eb nj\u00eb lod\u00ebr edukative. Blloqet e nd\u00ebrtimit t\u00eb tap\u00ebs i m\u00ebsojn\u00eb t\u00eb vegjlit p\u00ebr shkakun dhe efektin, promovojn\u00eb aft\u00ebsit\u00eb e tyre t\u00eb shk\u00eblqyera motorike dhe l\u00ebn\u00eb t\u00eb lir\u00eb imagjinat\u00ebn e tyre. Fal\u00eb natyr\u00ebs s\u00eb tyre unike, ato jan\u00eb ve\u00e7an\u00ebrisht t\u00eb shk\u00eblqyera p\u00ebr grumbullimin, rreshtimin, nd\u00ebrtimin me dhe madje edhe p\u00ebr rr\u00ebzimin e kullave t\u00eb blloqeve pa nj\u00eb p\u00ebrplasje me z\u00eb t\u00eb lart\u00eb ose rrezik l\u00ebndimi. T\u00eb p\u00ebrshtatshme p\u00ebr t\u00eb promovuar shkatht\u00ebsin\u00eb p\u00ebrmes loj\u00ebs fal\u00eb struktur\u00ebs s\u00eb tyre shum\u00eb t\u00eb ve\u00e7ant\u00eb, blloqet tona nd\u00ebrtimore jan\u00eb t\u00eb p\u00ebrshtatshme p\u00ebr f\u00ebmij\u00eb t\u00eb vegj\u00ebl vet\u00ebm 18 muajsh.<br \/>\nKulla t\u00eb larta, qytete me ngjyra t\u00eb ndezura dhe loj\u00ebra zbavit\u00ebse &#8211; imagjinata e t\u00eb vegj\u00eblve tan\u00eb nuk ka kufi me k\u00ebto blloqe nd\u00ebrtimi shum\u00ebngjyr\u00ebsh. Kjo do t\u00eb thot\u00eb q\u00eb arkitekt\u00ebt e s\u00eb nes\u00ebrmes mund t\u00eb l\u00ebn\u00eb t\u00eb lir\u00eb dhe t\u00eb p\u00ebrmir\u00ebsojn\u00eb aft\u00ebsit\u00eb e tyre t\u00eb projektimit duke nd\u00ebrtuar nd\u00ebrtime imagjinative. Blloqet gjithashtu mund t\u00eb renditen sipas form\u00ebs dhe ngjyr\u00ebs. Ju madje mund t&#8217;i p\u00ebrdorni ato si nj\u00eb m\u00ebnyr\u00eb arg\u00ebtuese p\u00ebr t\u00eb praktikuar num\u00ebrimin.<\/p>\n<p>Thjesht fshijeni me nj\u00eb leck\u00eb t\u00eb lagur<\/p>\n<p>Mos harroni: Crok \u00ebsht\u00eb nj\u00eb produkt natyral, q\u00eb do t\u00eb thot\u00eb se pjes\u00ebt e vogla mund t\u00eb lirohen. Kjo \u00ebsht\u00eb krejt\u00ebsisht normale dhe nuk ndikon n\u00eb asnj\u00eb m\u00ebnyr\u00eb funksionin e lodr\u00ebs.<\/p>","protected":false},"excerpt":{"rendered":"<p>Blloqet e nd\u00ebrtimit jan\u00eb nj\u00eb lod\u00ebr edukative. Blloqet e nd\u00ebrtimit t\u00eb tap\u00ebs i m\u00ebsojn\u00eb t\u00eb vegjlit p\u00ebr shkakun dhe efektin,<\/p>","protected":false},"featured_media":24787,"template":"","meta":{"advanced_seo_description":"","jetpack_seo_html_title":"","jetpack_seo_noindex":false,"jetpack_post_was_ever_published":false},"product_brand":[],"product_cat":[2557,2427,2553,2430],"product_tag":[],"class_list":{"0":"post-24786","1":"product","2":"type-product","3":"status-publish","4":"has-post-thumbnail","6":"product_cat-2-deri-ne-5-vjet","7":"product_cat-lodra-edukative","8":"product_cat-lodra-ndertimore","9":"product_cat-lojera-simbolike","11":"first","12":"outofstock","13":"taxable","14":"shipping-taxable","15":"purchasable","16":"product-type-simple"},"jetpack_likes_enabled":false,"jetpack_sharing_enabled":false,"_links":{"self":[{"href":"https:\/\/eurekakidskosovo.com\/en\/wp-json\/wp\/v2\/product\/24786","targetHints":{"allow":["GET"]}}],"collection":[{"href":"https:\/\/eurekakidskosovo.com\/en\/wp-json\/wp\/v2\/product"}],"about":[{"href":"https:\/\/eurekakidskosovo.com\/en\/wp-json\/wp\/v2\/types\/product"}],"wp:featuredmedia":[{"embeddable":true,"href":"https:\/\/eurekakidskosovo.com\/en\/wp-json\/wp\/v2\/media\/24787"}],"wp:attachment":[{"href":"https:\/\/eurekakidskosovo.com\/en\/wp-json\/wp\/v2\/media?parent=24786"}],"wp:term":[{"taxonomy":"product_brand","embeddable":true,"href":"https:\/\/eurekakidskosovo.com\/en\/wp-json\/wp\/v2\/product_brand?post=24786"},{"taxonomy":"product_cat","embeddable":true,"href":"https:\/\/eurekakidskosovo.com\/en\/wp-json\/wp\/v2\/product_cat?post=24786"},{"taxonomy":"product_tag","embeddable":true,"href":"https:\/\/eurekakidskosovo.com\/en\/wp-json\/wp\/v2\/product_tag?post=24786"}],"curies":[{"name":"wp","href":"https:\/\/api.w.org\/{rel}","templated":true}]}}