{"id":25250,"date":"2023-07-12T12:32:12","date_gmt":"2023-07-12T10:32:12","guid":{"rendered":"https:\/\/eurekakidskosovo.com\/?post_type=product&#038;p=25250"},"modified":"2025-05-15T21:08:59","modified_gmt":"2025-05-15T19:08:59","slug":"komandare-me-shkelqim","status":"publish","type":"product","link":"https:\/\/eurekakidskosovo.com\/en\/product\/komandare-me-shkelqim\/","title":{"rendered":"Komandare me shk\u00eblqim"},"content":{"rendered":"<p>NOTONI N\u00cb PARAJS\u00cb<br \/>\nKush thot\u00eb se inflatables jan\u00eb vet\u00ebm p\u00ebr f\u00ebmij\u00ebt? Unaza Glitter Pool Ring \u00ebsht\u00eb sa klas dhe arg\u00ebtuese p\u00ebr seancat e sofistikuara t\u00eb daljeve n\u00eb pishin\u00eb. E mbushur me konfeti holografik t\u00eb argjendt\u00eb n\u00eb form\u00eb ylli, kjo unaz\u00eb vezulluese e pishin\u00ebs do t\u00eb shk\u00eblqej\u00eb dhe do t\u00eb shk\u00eblqej\u00eb duke sjell\u00eb diell n\u00eb jet\u00ebn tuaj gjat\u00eb gjith\u00eb vitit! Unaza klasike e pishin\u00ebs \u00ebsht\u00eb k\u00ebtu p\u00ebr t\u00eb q\u00ebndruar, \u00ebsht\u00eb aksesori i p\u00ebrsosur p\u00ebr t\u00eb p\u00ebrdit\u00ebsuar stilin tuaj veror k\u00ebt\u00eb sezon.<\/p>\n<p>Features:<br \/>\n-Pesha Maksimale: 100 kg.<br \/>\n-P\u00ebrfshin shk\u00eblqim me rrjedhje t\u00eb lir\u00eb.<br \/>\nValvula speciale e krijuar p\u00ebr t\u00eb parandaluar daljen e shk\u00eblqimit -nga fryrja.<br \/>\n-P\u00ebrfshin patch riparimi n\u00eb rast shpimesh.<br \/>\n-B\u00ebr\u00eb nga PVC e q\u00ebndrueshme, jo toksike pa ftalat.<\/p>\n<p>Dimensions:<br \/>\n110 x 110 x 35 cm<\/p>","protected":false},"excerpt":{"rendered":"<p>NOTONI N\u00cb PARAJS\u00cb Kush thot\u00eb se inflatables jan\u00eb vet\u00ebm p\u00ebr f\u00ebmij\u00ebt? Unaza Glitter Pool Ring \u00ebsht\u00eb sa klas dhe arg\u00ebtuese<\/p>","protected":false},"featured_media":25408,"template":"","meta":{"advanced_seo_description":"","jetpack_seo_html_title":"","jetpack_seo_noindex":false,"jetpack_post_was_ever_published":false},"product_brand":[],"product_cat":[2733,2581,2428],"product_tag":[],"class_list":{"0":"post-25250","1":"product","2":"type-product","3":"status-publish","4":"has-post-thumbnail","6":"product_cat-aksesore-plazhi","7":"product_cat-aksesore-uji","8":"product_cat-lodra-per-natyre","10":"first","11":"outofstock","12":"taxable","13":"shipping-taxable","14":"purchasable","15":"product-type-simple"},"jetpack_likes_enabled":false,"jetpack_sharing_enabled":false,"_links":{"self":[{"href":"https:\/\/eurekakidskosovo.com\/en\/wp-json\/wp\/v2\/product\/25250","targetHints":{"allow":["GET"]}}],"collection":[{"href":"https:\/\/eurekakidskosovo.com\/en\/wp-json\/wp\/v2\/product"}],"about":[{"href":"https:\/\/eurekakidskosovo.com\/en\/wp-json\/wp\/v2\/types\/product"}],"wp:featuredmedia":[{"embeddable":true,"href":"https:\/\/eurekakidskosovo.com\/en\/wp-json\/wp\/v2\/media\/25408"}],"wp:attachment":[{"href":"https:\/\/eurekakidskosovo.com\/en\/wp-json\/wp\/v2\/media?parent=25250"}],"wp:term":[{"taxonomy":"product_brand","embeddable":true,"href":"https:\/\/eurekakidskosovo.com\/en\/wp-json\/wp\/v2\/product_brand?post=25250"},{"taxonomy":"product_cat","embeddable":true,"href":"https:\/\/eurekakidskosovo.com\/en\/wp-json\/wp\/v2\/product_cat?post=25250"},{"taxonomy":"product_tag","embeddable":true,"href":"https:\/\/eurekakidskosovo.com\/en\/wp-json\/wp\/v2\/product_tag?post=25250"}],"curies":[{"name":"wp","href":"https:\/\/api.w.org\/{rel}","templated":true}]}}