{"id":25267,"date":"2023-07-12T13:14:50","date_gmt":"2023-07-12T11:14:50","guid":{"rendered":"https:\/\/eurekakidskosovo.com\/?post_type=product&#038;p=25267"},"modified":"2025-05-15T20:40:48","modified_gmt":"2025-05-15T18:40:48","slug":"pishine-backyard","status":"publish","type":"product","link":"https:\/\/eurekakidskosovo.com\/en\/product\/pishine-backyard\/","title":{"rendered":"Pishin\u00eb-Backyard"},"content":{"rendered":"<p>Vera \u00ebsht\u00eb m\u00eb arg\u00ebtuese me SUNNYLife! Ftojini gj\u00ebrat me pishin\u00ebn e fryr\u00eb t\u00eb oborrit t\u00eb sht\u00ebpis\u00eb apo n\u00eb plazh\u00eb. \u00cbsht\u00eb madh\u00ebsia perfekte q\u00eb t\u00eb vegjlit t\u00eb sp\u00ebrkasin dhe t\u00eb luajn\u00eb t\u00eb sigurt!<\/p>\n<p>Features:<br \/>\n&#8211; Kapaciteti: 31 litra<br \/>\n-Pishina e re n\u00eb form\u00eb guaska.<br \/>\n-Dyshemeja e but\u00eb e fryr\u00eb p\u00ebr rehati shtes\u00eb.<br \/>\n-Madh\u00ebsi e madhe p\u00ebr arg\u00ebtim familjar.<br \/>\n-E pershtatshme per femije 3 vjec e lart.<br \/>\n-P\u00ebrfshin cop\u00ebn e riparimit t\u00eb shpimit.<br \/>\n-B\u00ebr\u00eb nga PVC e q\u00ebndrueshme, jo toksike pa ftalate.<\/p>\n<p>Dimensions:<br \/>\n145 x 135 x 34 cm<\/p>","protected":false},"excerpt":{"rendered":"<p>Vera \u00ebsht\u00eb m\u00eb arg\u00ebtuese me SUNNYLife! Ftojini gj\u00ebrat me pishin\u00ebn e fryr\u00eb t\u00eb oborrit t\u00eb sht\u00ebpis\u00eb apo n\u00eb plazh\u00eb. \u00cbsht\u00eb<\/p>","protected":false},"featured_media":25268,"template":"","meta":{"advanced_seo_description":"","jetpack_seo_html_title":"","jetpack_seo_noindex":false,"jetpack_post_was_ever_published":false},"product_brand":[],"product_cat":[2590,2733,2581,2582,2428],"product_tag":[],"class_list":{"0":"post-25267","1":"product","2":"type-product","3":"status-publish","4":"has-post-thumbnail","6":"product_cat-5-deri-ne-8-vjet-lodra-per-natyre","7":"product_cat-aksesore-plazhi","8":"product_cat-aksesore-uji","9":"product_cat-inflatables","10":"product_cat-lodra-per-natyre","12":"first","13":"instock","14":"sale","15":"taxable","16":"shipping-taxable","17":"purchasable","18":"product-type-simple"},"jetpack_likes_enabled":false,"jetpack_sharing_enabled":false,"_links":{"self":[{"href":"https:\/\/eurekakidskosovo.com\/en\/wp-json\/wp\/v2\/product\/25267","targetHints":{"allow":["GET"]}}],"collection":[{"href":"https:\/\/eurekakidskosovo.com\/en\/wp-json\/wp\/v2\/product"}],"about":[{"href":"https:\/\/eurekakidskosovo.com\/en\/wp-json\/wp\/v2\/types\/product"}],"wp:featuredmedia":[{"embeddable":true,"href":"https:\/\/eurekakidskosovo.com\/en\/wp-json\/wp\/v2\/media\/25268"}],"wp:attachment":[{"href":"https:\/\/eurekakidskosovo.com\/en\/wp-json\/wp\/v2\/media?parent=25267"}],"wp:term":[{"taxonomy":"product_brand","embeddable":true,"href":"https:\/\/eurekakidskosovo.com\/en\/wp-json\/wp\/v2\/product_brand?post=25267"},{"taxonomy":"product_cat","embeddable":true,"href":"https:\/\/eurekakidskosovo.com\/en\/wp-json\/wp\/v2\/product_cat?post=25267"},{"taxonomy":"product_tag","embeddable":true,"href":"https:\/\/eurekakidskosovo.com\/en\/wp-json\/wp\/v2\/product_tag?post=25267"}],"curies":[{"name":"wp","href":"https:\/\/api.w.org\/{rel}","templated":true}]}}