{"id":25272,"date":"2023-07-12T13:30:31","date_gmt":"2023-07-12T11:30:31","guid":{"rendered":"https:\/\/eurekakidskosovo.com\/?post_type=product&#038;p=25272"},"modified":"2025-05-15T20:40:35","modified_gmt":"2025-05-15T18:40:35","slug":"dyshek-plazhi-2ne1","status":"publish","type":"product","link":"https:\/\/eurekakidskosovo.com\/en\/product\/dyshek-plazhi-2ne1\/","title":{"rendered":"Dyshek plazhi 2n\u00eb1"},"content":{"rendered":"<p>E dizenjuar p\u00ebr t&#8217;u p\u00ebrdorur edhe si ndenj\u00ebse p\u00ebrforcuese edhe si mb\u00ebshtet\u00ebse, karrigia e fryr\u00eb Lilo 2-n\u00eb-1 \u00ebsht\u00eb super elegant dhe me shum\u00eb q\u00ebllime.<br \/>\nSi pjes\u00eb e koleksionit ton\u00eb Glitter, Karrigia Glitter inflatable Lilo \u00ebsht\u00eb sa klas dhe arg\u00ebtuese. Flota transparente \u00ebsht\u00eb e mbushur me konfeti holografike argjendi p\u00ebr t\u00eb sjell\u00eb shk\u00eblqim n\u00eb jet\u00ebn tuaj gjat\u00eb gjith\u00eb vitit! \u00cbsht\u00eb aksesori perfekt i pishin\u00ebs p\u00ebr t\u00eb ngritur stilin tuaj veror k\u00ebt\u00eb sezon. Karrigia Glitter inflatable Lilo do t\u00eb shk\u00eblqej\u00eb dhe do t\u00eb shk\u00eblqej\u00eb rrug\u00ebn e saj n\u00eb zemr\u00ebn tuaj.<\/p>\n<p>Features:<br \/>\n-Pesha maksimale: 100 kg<br \/>\n-P\u00ebr p\u00ebrdorim vet\u00ebm n\u00eb uj\u00eb.<br \/>\n-Dizajni i p\u00ebrmir\u00ebsuar me sked\u00eb velcro ju lejon t\u00eb uleni rehat me stabilitet.<br \/>\n-Shpaloset p\u00ebr tu b\u00ebr\u00eb dyshek<br \/>\n-P\u00ebrfshin shk\u00eblqim me rrjedhje t\u00eb lir\u00eb.<br \/>\n-Valvula speciale e krijuar p\u00ebr t\u00eb parandaluar daljen e shk\u00eblqimit nga fryrja.<br \/>\n-P\u00ebrfshin patch riparimi n\u00eb rast shpimesh.<br \/>\n-B\u00ebr\u00eb nga PVC e q\u00ebndrueshme, jo toksike pa ftalat.<\/p>\n<p>Dimensions:<br \/>\n90 x 165 x 50 cm<\/p>","protected":false},"excerpt":{"rendered":"<p>E dizenjuar p\u00ebr t&#8217;u p\u00ebrdorur edhe si ndenj\u00ebse p\u00ebrforcuese edhe si mb\u00ebshtet\u00ebse, karrigia e fryr\u00eb Lilo 2-n\u00eb-1 \u00ebsht\u00eb super elegant<\/p>","protected":false},"featured_media":25273,"template":"","meta":{"advanced_seo_description":"","jetpack_seo_html_title":"","jetpack_seo_noindex":false,"jetpack_post_was_ever_published":false},"product_brand":[],"product_cat":[2733,2581,2582,2428],"product_tag":[],"class_list":{"0":"post-25272","1":"product","2":"type-product","3":"status-publish","4":"has-post-thumbnail","6":"product_cat-aksesore-plazhi","7":"product_cat-aksesore-uji","8":"product_cat-inflatables","9":"product_cat-lodra-per-natyre","11":"first","12":"instock","13":"sale","14":"taxable","15":"shipping-taxable","16":"purchasable","17":"product-type-simple"},"jetpack_likes_enabled":false,"jetpack_sharing_enabled":false,"_links":{"self":[{"href":"https:\/\/eurekakidskosovo.com\/en\/wp-json\/wp\/v2\/product\/25272","targetHints":{"allow":["GET"]}}],"collection":[{"href":"https:\/\/eurekakidskosovo.com\/en\/wp-json\/wp\/v2\/product"}],"about":[{"href":"https:\/\/eurekakidskosovo.com\/en\/wp-json\/wp\/v2\/types\/product"}],"wp:featuredmedia":[{"embeddable":true,"href":"https:\/\/eurekakidskosovo.com\/en\/wp-json\/wp\/v2\/media\/25273"}],"wp:attachment":[{"href":"https:\/\/eurekakidskosovo.com\/en\/wp-json\/wp\/v2\/media?parent=25272"}],"wp:term":[{"taxonomy":"product_brand","embeddable":true,"href":"https:\/\/eurekakidskosovo.com\/en\/wp-json\/wp\/v2\/product_brand?post=25272"},{"taxonomy":"product_cat","embeddable":true,"href":"https:\/\/eurekakidskosovo.com\/en\/wp-json\/wp\/v2\/product_cat?post=25272"},{"taxonomy":"product_tag","embeddable":true,"href":"https:\/\/eurekakidskosovo.com\/en\/wp-json\/wp\/v2\/product_tag?post=25272"}],"curies":[{"name":"wp","href":"https:\/\/api.w.org\/{rel}","templated":true}]}}