{"id":25281,"date":"2023-07-12T13:43:23","date_gmt":"2023-07-12T11:43:23","guid":{"rendered":"https:\/\/eurekakidskosovo.com\/?post_type=product&#038;p=25281"},"modified":"2025-05-15T20:40:17","modified_gmt":"2025-05-15T18:40:17","slug":"sperkates-gjigande","status":"publish","type":"product","link":"https:\/\/eurekakidskosovo.com\/en\/product\/sperkates-gjigande\/","title":{"rendered":"Sp\u00ebrkat\u00ebs gjigand\u00eb uji"},"content":{"rendered":"<p>Vera \u00ebsht\u00eb m\u00eb arg\u00ebtuese me SUNNYLife! Freskohuni dhe zhytuni n\u00eb dushin magjik t\u00eb sp\u00ebrkat\u00ebsit gjigant inflatable SUNNYLiFE.<\/p>\n<p>Features:<br \/>\n&#8211; Print ombre.<br \/>\n-Sp\u00ebrkat uj\u00eb nga bishti.<br \/>\n-Xhep uji n\u00eb baz\u00eb p\u00ebr q\u00ebndrueshm\u00ebri.<br \/>\n-P\u00ebrfshin cop\u00ebz\u00ebn e riparimit t\u00eb shpimit.<br \/>\n-B\u00ebr\u00eb nga PVC e q\u00ebndrueshme, jo toksike, pa ftalate.<\/p>\n<p>Dimensions:<br \/>\n120 x 90 x 200 cm<\/p>","protected":false},"excerpt":{"rendered":"<p>Vera \u00ebsht\u00eb m\u00eb arg\u00ebtuese me SUNNYLife! Freskohuni dhe zhytuni n\u00eb dushin magjik t\u00eb sp\u00ebrkat\u00ebsit gjigant inflatable SUNNYLiFE. Karakteristikat: &#8211; Print<\/p>","protected":false},"featured_media":25282,"template":"","meta":{"advanced_seo_description":"","jetpack_seo_html_title":"","jetpack_seo_noindex":false,"jetpack_post_was_ever_published":false},"product_brand":[],"product_cat":[2590,2591,2733,2581,2582,2428],"product_tag":[],"class_list":{"0":"post-25281","1":"product","2":"type-product","3":"status-publish","4":"has-post-thumbnail","6":"product_cat-5-deri-ne-8-vjet-lodra-per-natyre","7":"product_cat-8-deri-ne-12-vjet-lodra-per-natyre","8":"product_cat-aksesore-plazhi","9":"product_cat-aksesore-uji","10":"product_cat-inflatables","11":"product_cat-lodra-per-natyre","13":"first","14":"instock","15":"sale","16":"taxable","17":"shipping-taxable","18":"purchasable","19":"product-type-simple"},"jetpack_likes_enabled":false,"jetpack_sharing_enabled":false,"_links":{"self":[{"href":"https:\/\/eurekakidskosovo.com\/en\/wp-json\/wp\/v2\/product\/25281","targetHints":{"allow":["GET"]}}],"collection":[{"href":"https:\/\/eurekakidskosovo.com\/en\/wp-json\/wp\/v2\/product"}],"about":[{"href":"https:\/\/eurekakidskosovo.com\/en\/wp-json\/wp\/v2\/types\/product"}],"wp:featuredmedia":[{"embeddable":true,"href":"https:\/\/eurekakidskosovo.com\/en\/wp-json\/wp\/v2\/media\/25282"}],"wp:attachment":[{"href":"https:\/\/eurekakidskosovo.com\/en\/wp-json\/wp\/v2\/media?parent=25281"}],"wp:term":[{"taxonomy":"product_brand","embeddable":true,"href":"https:\/\/eurekakidskosovo.com\/en\/wp-json\/wp\/v2\/product_brand?post=25281"},{"taxonomy":"product_cat","embeddable":true,"href":"https:\/\/eurekakidskosovo.com\/en\/wp-json\/wp\/v2\/product_cat?post=25281"},{"taxonomy":"product_tag","embeddable":true,"href":"https:\/\/eurekakidskosovo.com\/en\/wp-json\/wp\/v2\/product_tag?post=25281"}],"curies":[{"name":"wp","href":"https:\/\/api.w.org\/{rel}","templated":true}]}}