{"id":25320,"date":"2023-07-13T10:03:36","date_gmt":"2023-07-13T08:03:36","guid":{"rendered":"https:\/\/eurekakidskosovo.com\/?post_type=product&#038;p=25320"},"modified":"2025-05-15T20:39:07","modified_gmt":"2025-05-15T18:39:07","slug":"dysheku-casa-blanca","status":"publish","type":"product","link":"https:\/\/eurekakidskosovo.com\/en\/product\/dysheku-casa-blanca\/","title":{"rendered":"Dysheku- Casa Blanca"},"content":{"rendered":"<p>Shtrihuni dhe relaksohuni nd\u00ebrsa jeni n\u00eb stil. Lounger Casa Blanca Luxe Lie-On \u00ebsht\u00eb pa mundim elegant, i p\u00ebrjetsh\u00ebm dhe i sofistikuar, i p\u00ebrsosur p\u00ebr not, relaksim dhe banja dielli. I projektuar p\u00ebr t\u00eb vendosur oazin tuaj pran\u00eb pishin\u00ebs, ky mbyt\u00ebs i madh \u00ebsht\u00eb sa i rehatsh\u00ebm dhe i q\u00ebndruesh\u00ebm. Q\u00ebndroni n\u00eb trend me kremin dhe ngjyr\u00ebn e bardh\u00eb minimaliste dhe \u00e7oni ver\u00ebn tuaj n\u00eb nj\u00eb nivel tjet\u00ebr.<\/p>\n<p>Features:<br \/>\n-Pesha maksimale 100 kg<br \/>\n-Mbulesa prej p\u00eblhure e l\u00ebvizshme e veshur p\u00ebr p\u00ebrdorim t\u00eb jasht\u00ebm.<br \/>\n-Pjesa e brendshme e fryr\u00eb e b\u00ebr\u00eb nga PVC e q\u00ebndrueshme, jo toksike pa ftalat.<br \/>\n-P\u00ebrfshin patch riparimi n\u00eb rast shpimesh.<\/p>\n<p>Dimensions:<br \/>\n180 x 85 x 50 cm<\/p>","protected":false},"excerpt":{"rendered":"<p>Shtrihuni dhe relaksohuni nd\u00ebrsa jeni n\u00eb stil. Lounger Casa Blanca Luxe Lie-On \u00ebsht\u00eb pa mundim elegant, i p\u00ebrjetsh\u00ebm dhe i<\/p>","protected":false},"featured_media":25321,"template":"","meta":{"advanced_seo_description":"","jetpack_seo_html_title":"","jetpack_seo_noindex":false,"jetpack_post_was_ever_published":false},"product_brand":[],"product_cat":[2733,2581,2582,2428],"product_tag":[],"class_list":{"0":"post-25320","1":"product","2":"type-product","3":"status-publish","4":"has-post-thumbnail","6":"product_cat-aksesore-plazhi","7":"product_cat-aksesore-uji","8":"product_cat-inflatables","9":"product_cat-lodra-per-natyre","11":"first","12":"instock","13":"sale","14":"taxable","15":"shipping-taxable","16":"purchasable","17":"product-type-simple"},"jetpack_likes_enabled":false,"jetpack_sharing_enabled":false,"_links":{"self":[{"href":"https:\/\/eurekakidskosovo.com\/en\/wp-json\/wp\/v2\/product\/25320","targetHints":{"allow":["GET"]}}],"collection":[{"href":"https:\/\/eurekakidskosovo.com\/en\/wp-json\/wp\/v2\/product"}],"about":[{"href":"https:\/\/eurekakidskosovo.com\/en\/wp-json\/wp\/v2\/types\/product"}],"wp:featuredmedia":[{"embeddable":true,"href":"https:\/\/eurekakidskosovo.com\/en\/wp-json\/wp\/v2\/media\/25321"}],"wp:attachment":[{"href":"https:\/\/eurekakidskosovo.com\/en\/wp-json\/wp\/v2\/media?parent=25320"}],"wp:term":[{"taxonomy":"product_brand","embeddable":true,"href":"https:\/\/eurekakidskosovo.com\/en\/wp-json\/wp\/v2\/product_brand?post=25320"},{"taxonomy":"product_cat","embeddable":true,"href":"https:\/\/eurekakidskosovo.com\/en\/wp-json\/wp\/v2\/product_cat?post=25320"},{"taxonomy":"product_tag","embeddable":true,"href":"https:\/\/eurekakidskosovo.com\/en\/wp-json\/wp\/v2\/product_tag?post=25320"}],"curies":[{"name":"wp","href":"https:\/\/api.w.org\/{rel}","templated":true}]}}