{"id":25326,"date":"2023-07-13T10:28:56","date_gmt":"2023-07-13T08:28:56","guid":{"rendered":"https:\/\/eurekakidskosovo.com\/?post_type=product&#038;p=25326"},"modified":"2025-06-14T18:53:32","modified_gmt":"2025-06-14T16:53:32","slug":"surfboard","status":"publish","type":"product","link":"https:\/\/eurekakidskosovo.com\/en\/product\/surfboard\/","title":{"rendered":"Surfboard"},"content":{"rendered":"<p>KALOR\u00cbSI I VAL\u00cbS. Vera \u00ebsht\u00eb m\u00eb arg\u00ebtuese me SUNNYLife! Kapini ato val\u00eb gjat\u00eb gjith\u00eb dit\u00ebs me SUNNYLiFE Ride With Me S\u00ebrf Float.<\/p>\n<p>Features:<br \/>\n-Pesha Maksimale: 100 kg<br \/>\n-P\u00ebrmban doreza an\u00ebsore dhe pend\u00eb xhepi uji p\u00ebr q\u00ebndrueshm\u00ebri.<br \/>\n-P\u00ebrfshin patch riparimi n\u00eb rast shpimesh.<br \/>\n-B\u00ebr\u00eb nga PVC e q\u00ebndrueshme, jo toksike pa ftalat.<br \/>\n-Mosha e rekomanduar: 6+<\/p>\n<p>Dimensio ne:<br \/>\n150 x 50 x 30 cm<\/p>","protected":false},"excerpt":{"rendered":"<p>KALOR\u00cbSI I VAL\u00cbS. Vera \u00ebsht\u00eb m\u00eb arg\u00ebtuese me SUNNYLife! Kapini ato val\u00eb gjat\u00eb gjith\u00eb dit\u00ebs me SUNNYLiFE Ride With Me<\/p>","protected":false},"featured_media":25327,"template":"","meta":{"advanced_seo_description":"","jetpack_seo_html_title":"","jetpack_seo_noindex":false,"jetpack_post_was_ever_published":false},"product_brand":[],"product_cat":[2590,2591,2733,2581,2582,2428],"product_tag":[],"class_list":{"0":"post-25326","1":"product","2":"type-product","3":"status-publish","4":"has-post-thumbnail","6":"product_cat-5-deri-ne-8-vjet-lodra-per-natyre","7":"product_cat-8-deri-ne-12-vjet-lodra-per-natyre","8":"product_cat-aksesore-plazhi","9":"product_cat-aksesore-uji","10":"product_cat-inflatables","11":"product_cat-lodra-per-natyre","13":"first","14":"outofstock","15":"sale","16":"taxable","17":"shipping-taxable","18":"purchasable","19":"product-type-simple"},"jetpack_likes_enabled":false,"jetpack_sharing_enabled":false,"_links":{"self":[{"href":"https:\/\/eurekakidskosovo.com\/en\/wp-json\/wp\/v2\/product\/25326","targetHints":{"allow":["GET"]}}],"collection":[{"href":"https:\/\/eurekakidskosovo.com\/en\/wp-json\/wp\/v2\/product"}],"about":[{"href":"https:\/\/eurekakidskosovo.com\/en\/wp-json\/wp\/v2\/types\/product"}],"wp:featuredmedia":[{"embeddable":true,"href":"https:\/\/eurekakidskosovo.com\/en\/wp-json\/wp\/v2\/media\/25327"}],"wp:attachment":[{"href":"https:\/\/eurekakidskosovo.com\/en\/wp-json\/wp\/v2\/media?parent=25326"}],"wp:term":[{"taxonomy":"product_brand","embeddable":true,"href":"https:\/\/eurekakidskosovo.com\/en\/wp-json\/wp\/v2\/product_brand?post=25326"},{"taxonomy":"product_cat","embeddable":true,"href":"https:\/\/eurekakidskosovo.com\/en\/wp-json\/wp\/v2\/product_cat?post=25326"},{"taxonomy":"product_tag","embeddable":true,"href":"https:\/\/eurekakidskosovo.com\/en\/wp-json\/wp\/v2\/product_tag?post=25326"}],"curies":[{"name":"wp","href":"https:\/\/api.w.org\/{rel}","templated":true}]}}