{"id":25343,"date":"2023-07-13T11:04:43","date_gmt":"2023-07-13T09:04:43","guid":{"rendered":"https:\/\/eurekakidskosovo.com\/?post_type=product&#038;p=25343"},"modified":"2025-05-15T20:37:52","modified_gmt":"2025-05-15T18:37:52","slug":"surfboard-3","status":"publish","type":"product","link":"https:\/\/eurekakidskosovo.com\/en\/product\/surfboard-3\/","title":{"rendered":"Surfboard"},"content":{"rendered":"<p>KALOR\u00cbSI I VAL\u00cbS. Vera \u00ebsht\u00eb m\u00eb arg\u00ebtuese me SUNNYLife! Kapni ato val\u00eb gjat\u00eb gjith\u00eb dit\u00ebs me d\u00ebrras\u00ebn boogie t\u00eb fryr\u00eb SUNNYLiFE.<\/p>\n<p>Features:<br \/>\n-Pesha maksimale 50 kg<br \/>\n-Doreza t\u00eb forta p\u00ebr stabilitet.<br \/>\n-P\u00ebrfshin cop\u00ebn e riparimit t\u00eb shpimit.<br \/>\n-B\u00ebr\u00eb nga PVC e q\u00ebndrueshme, jo toksike pa ftalate.<br \/>\n&#8211; Mosha e rekomanduar:6+<\/p>\n<p>Dimensions:<br \/>\n110 x 60 x 15 cm<\/p>","protected":false},"excerpt":{"rendered":"<p>KALOR\u00cbSI I VAL\u00cbS. Vera \u00ebsht\u00eb m\u00eb arg\u00ebtuese me SUNNYLife! Kapni ato val\u00eb gjat\u00eb gjith\u00eb dit\u00ebs me d\u00ebrras\u00ebn boogie t\u00eb fryr\u00eb<\/p>","protected":false},"featured_media":25344,"template":"","meta":{"advanced_seo_description":"","jetpack_seo_html_title":"","jetpack_seo_noindex":false,"jetpack_post_was_ever_published":false},"product_brand":[],"product_cat":[2590,2591,2733,2581,2582,2428],"product_tag":[],"class_list":{"0":"post-25343","1":"product","2":"type-product","3":"status-publish","4":"has-post-thumbnail","6":"product_cat-5-deri-ne-8-vjet-lodra-per-natyre","7":"product_cat-8-deri-ne-12-vjet-lodra-per-natyre","8":"product_cat-aksesore-plazhi","9":"product_cat-aksesore-uji","10":"product_cat-inflatables","11":"product_cat-lodra-per-natyre","13":"first","14":"instock","15":"sale","16":"taxable","17":"shipping-taxable","18":"purchasable","19":"product-type-simple"},"jetpack_likes_enabled":false,"jetpack_sharing_enabled":false,"_links":{"self":[{"href":"https:\/\/eurekakidskosovo.com\/en\/wp-json\/wp\/v2\/product\/25343","targetHints":{"allow":["GET"]}}],"collection":[{"href":"https:\/\/eurekakidskosovo.com\/en\/wp-json\/wp\/v2\/product"}],"about":[{"href":"https:\/\/eurekakidskosovo.com\/en\/wp-json\/wp\/v2\/types\/product"}],"wp:featuredmedia":[{"embeddable":true,"href":"https:\/\/eurekakidskosovo.com\/en\/wp-json\/wp\/v2\/media\/25344"}],"wp:attachment":[{"href":"https:\/\/eurekakidskosovo.com\/en\/wp-json\/wp\/v2\/media?parent=25343"}],"wp:term":[{"taxonomy":"product_brand","embeddable":true,"href":"https:\/\/eurekakidskosovo.com\/en\/wp-json\/wp\/v2\/product_brand?post=25343"},{"taxonomy":"product_cat","embeddable":true,"href":"https:\/\/eurekakidskosovo.com\/en\/wp-json\/wp\/v2\/product_cat?post=25343"},{"taxonomy":"product_tag","embeddable":true,"href":"https:\/\/eurekakidskosovo.com\/en\/wp-json\/wp\/v2\/product_tag?post=25343"}],"curies":[{"name":"wp","href":"https:\/\/api.w.org\/{rel}","templated":true}]}}