{"id":25348,"date":"2023-07-13T11:14:00","date_gmt":"2023-07-13T09:14:00","guid":{"rendered":"https:\/\/eurekakidskosovo.com\/?post_type=product&#038;p=25348"},"modified":"2025-05-15T20:37:35","modified_gmt":"2025-05-15T18:37:35","slug":"kapel-noti","status":"publish","type":"product","link":"https:\/\/eurekakidskosovo.com\/en\/product\/kapel-noti\/","title":{"rendered":"Kapel noti"},"content":{"rendered":"<p>Vera \u00ebsht\u00eb m\u00eb arg\u00ebtuese me SUNNYLiFE! Vazhdo dhe hidhu n\u00eb arg\u00ebtimin e pishin\u00ebs me kapel\u00ebn e notit SUNNYLiFE, aksesorin m\u00eb t\u00eb lezetsh\u00ebm t\u00eb notit t\u00eb ver\u00ebs!<\/p>\n<p>Features:<br \/>\n-Silikoni me cil\u00ebsi t\u00eb lart\u00eb p\u00ebr p\u00ebrshtatje dhe rehati optimale.<br \/>\n-P\u00ebrmban sy dhe kthetra silikoni 3D.<br \/>\n-E pershtatshme per femije 3-9 vjec.<br \/>\n-I mban flok\u00ebt t\u00eb past\u00ebr dhe t\u00eb that\u00eb.<\/p>","protected":false},"excerpt":{"rendered":"<p>Vera \u00ebsht\u00eb m\u00eb arg\u00ebtuese me SUNNYLiFE! Vazhdo dhe hidhu n\u00eb arg\u00ebtimin e pishin\u00ebs me kapel\u00ebn e notit SUNNYLiFE, aksesorin m\u00eb<\/p>","protected":false},"featured_media":25349,"template":"","meta":{"advanced_seo_description":"","jetpack_seo_html_title":"","jetpack_seo_noindex":false,"jetpack_post_was_ever_published":false},"product_brand":[],"product_cat":[2589,2590,2733,2581,2428],"product_tag":[],"class_list":{"0":"post-25348","1":"product","2":"type-product","3":"status-publish","4":"has-post-thumbnail","6":"product_cat-2-deri-ne-5-vjet-lodra-per-natyre","7":"product_cat-5-deri-ne-8-vjet-lodra-per-natyre","8":"product_cat-aksesore-plazhi","9":"product_cat-aksesore-uji","10":"product_cat-lodra-per-natyre","12":"first","13":"instock","14":"sale","15":"taxable","16":"shipping-taxable","17":"purchasable","18":"product-type-simple"},"jetpack_likes_enabled":false,"jetpack_sharing_enabled":false,"_links":{"self":[{"href":"https:\/\/eurekakidskosovo.com\/en\/wp-json\/wp\/v2\/product\/25348","targetHints":{"allow":["GET"]}}],"collection":[{"href":"https:\/\/eurekakidskosovo.com\/en\/wp-json\/wp\/v2\/product"}],"about":[{"href":"https:\/\/eurekakidskosovo.com\/en\/wp-json\/wp\/v2\/types\/product"}],"wp:featuredmedia":[{"embeddable":true,"href":"https:\/\/eurekakidskosovo.com\/en\/wp-json\/wp\/v2\/media\/25349"}],"wp:attachment":[{"href":"https:\/\/eurekakidskosovo.com\/en\/wp-json\/wp\/v2\/media?parent=25348"}],"wp:term":[{"taxonomy":"product_brand","embeddable":true,"href":"https:\/\/eurekakidskosovo.com\/en\/wp-json\/wp\/v2\/product_brand?post=25348"},{"taxonomy":"product_cat","embeddable":true,"href":"https:\/\/eurekakidskosovo.com\/en\/wp-json\/wp\/v2\/product_cat?post=25348"},{"taxonomy":"product_tag","embeddable":true,"href":"https:\/\/eurekakidskosovo.com\/en\/wp-json\/wp\/v2\/product_tag?post=25348"}],"curies":[{"name":"wp","href":"https:\/\/api.w.org\/{rel}","templated":true}]}}