{"id":25360,"date":"2023-07-13T11:43:09","date_gmt":"2023-07-13T09:43:09","guid":{"rendered":"https:\/\/eurekakidskosovo.com\/?post_type=product&#038;p=25360"},"modified":"2025-05-15T21:10:13","modified_gmt":"2025-05-15T19:10:13","slug":"syze-noti","status":"publish","type":"product","link":"https:\/\/eurekakidskosovo.com\/en\/product\/syze-noti\/","title":{"rendered":"Syze noti"},"content":{"rendered":"<p>Vera \u00ebsht\u00eb m\u00eb arg\u00ebtuese me SUNNYLife! Vazhdo dhe hidhu n\u00eb arg\u00ebtimin n\u00eb pishin\u00eb me Syzet Mini Swim SUNNYLiFE, aksesori m\u00eb i lezetsh\u00ebm i notit p\u00ebr ver\u00ebn!<\/p>\n<p>Features:<br \/>\n-Lente 380 t\u00eb mbrojtura nga UV, t\u00eb p\u00ebrshtatshme p\u00ebr -p\u00ebrdorim t\u00eb jasht\u00ebm.<br \/>\n-Mosha 3-9 vje\u00e7.<br \/>\n-Rrip i gjer\u00eb silikoni i rregulluesh\u00ebm parandalon rr\u00ebshqitjen dhe p\u00ebrmir\u00ebson p\u00ebrshtatjen.<br \/>\n-Syze me dy pjes\u00eb me cop\u00eb litari silikoni.<br \/>\n-Efekti kund\u00ebr mjegull\u00ebs rrit qart\u00ebsin\u00eb.<br \/>\n-Ur\u00eb e rregullueshme e hund\u00ebs p\u00ebr t&#8217;iu p\u00ebrshtatur shum\u00eb formave t\u00eb fytyr\u00ebs.<\/p>","protected":false},"excerpt":{"rendered":"<p>Vera \u00ebsht\u00eb m\u00eb arg\u00ebtuese me SUNNYLife! Vazhdo dhe hidhu n\u00eb arg\u00ebtimin n\u00eb pishin\u00eb me Syzet Mini Swim SUNNYLiFE, aksesori m\u00eb<\/p>","protected":false},"featured_media":25361,"template":"","meta":{"advanced_seo_description":"","jetpack_seo_html_title":"","jetpack_seo_noindex":false},"product_brand":[],"product_cat":[2589,2590,2733,2581,2428],"product_tag":[],"class_list":{"0":"post-25360","1":"product","2":"type-product","3":"status-publish","4":"has-post-thumbnail","6":"product_cat-2-deri-ne-5-vjet-lodra-per-natyre","7":"product_cat-5-deri-ne-8-vjet-lodra-per-natyre","8":"product_cat-aksesore-plazhi","9":"product_cat-aksesore-uji","10":"product_cat-lodra-per-natyre","12":"first","13":"outofstock","14":"taxable","15":"shipping-taxable","16":"purchasable","17":"product-type-simple"},"jetpack_likes_enabled":false,"jetpack_sharing_enabled":false,"_links":{"self":[{"href":"https:\/\/eurekakidskosovo.com\/en\/wp-json\/wp\/v2\/product\/25360","targetHints":{"allow":["GET"]}}],"collection":[{"href":"https:\/\/eurekakidskosovo.com\/en\/wp-json\/wp\/v2\/product"}],"about":[{"href":"https:\/\/eurekakidskosovo.com\/en\/wp-json\/wp\/v2\/types\/product"}],"wp:featuredmedia":[{"embeddable":true,"href":"https:\/\/eurekakidskosovo.com\/en\/wp-json\/wp\/v2\/media\/25361"}],"wp:attachment":[{"href":"https:\/\/eurekakidskosovo.com\/en\/wp-json\/wp\/v2\/media?parent=25360"}],"wp:term":[{"taxonomy":"product_brand","embeddable":true,"href":"https:\/\/eurekakidskosovo.com\/en\/wp-json\/wp\/v2\/product_brand?post=25360"},{"taxonomy":"product_cat","embeddable":true,"href":"https:\/\/eurekakidskosovo.com\/en\/wp-json\/wp\/v2\/product_cat?post=25360"},{"taxonomy":"product_tag","embeddable":true,"href":"https:\/\/eurekakidskosovo.com\/en\/wp-json\/wp\/v2\/product_tag?post=25360"}],"curies":[{"name":"wp","href":"https:\/\/api.w.org\/{rel}","templated":true}]}}