{"id":25383,"date":"2023-07-13T12:25:58","date_gmt":"2023-07-13T10:25:58","guid":{"rendered":"https:\/\/eurekakidskosovo.com\/?post_type=product&#038;p=25383"},"modified":"2025-05-15T20:21:58","modified_gmt":"2025-05-15T18:21:58","slug":"dyshek-plazhi","status":"publish","type":"product","link":"https:\/\/eurekakidskosovo.com\/en\/product\/dyshek-plazhi\/","title":{"rendered":"Dyshek plazhi"},"content":{"rendered":"<p>Vera \u00ebsht\u00eb m\u00eb arg\u00ebtuese me SUNNYLife! Shtrihuni, relaksohuni dhe lundroni n\u00eb parajs\u00eb me Luxe Lie-On Limon Float. \u00cbsht\u00eb koha p\u00ebr ta \u00e7uar ver\u00ebn n\u00eb nivelin tjet\u00ebr me gam\u00ebn e famshme t\u00eb lundrimit t\u00eb SUNNYLiFE n\u00eb Insta.<\/p>\n<p>Karakteristika:<br \/>\nPesha maksimale: 100 kg<br \/>\n-Pik\u00eb t\u00ebrheq\u00ebse e fort\u00eb p\u00ebr t\u00eb siguruar notimin kur nuk p\u00ebrdoret.<br \/>\n-P\u00ebrfshin patch riparimi n\u00eb rast shpimesh.<br \/>\n-B\u00ebr\u00eb nga PVC e q\u00ebndrueshme, jo toksike pa ftalat.<br \/>\n-Mosha e rekomanduar: 6+<\/p>\n<p>Dimensions:<br \/>\n176 x 102 x 18 cm<\/p>","protected":false},"excerpt":{"rendered":"<p>Vera \u00ebsht\u00eb m\u00eb arg\u00ebtuese me SUNNYLife! Shtrihuni, relaksohuni dhe lundroni n\u00eb parajs\u00eb me Luxe Lie-On Limon Float. \u00cbsht\u00eb koha p\u00ebr<\/p>","protected":false},"featured_media":25384,"template":"","meta":{"advanced_seo_description":"","jetpack_seo_html_title":"","jetpack_seo_noindex":false,"jetpack_post_was_ever_published":false},"product_brand":[],"product_cat":[2590,2591,2733,2581,2582,2428],"product_tag":[],"class_list":{"0":"post-25383","1":"product","2":"type-product","3":"status-publish","4":"has-post-thumbnail","6":"product_cat-5-deri-ne-8-vjet-lodra-per-natyre","7":"product_cat-8-deri-ne-12-vjet-lodra-per-natyre","8":"product_cat-aksesore-plazhi","9":"product_cat-aksesore-uji","10":"product_cat-inflatables","11":"product_cat-lodra-per-natyre","13":"first","14":"instock","15":"sale","16":"taxable","17":"shipping-taxable","18":"purchasable","19":"product-type-simple"},"jetpack_likes_enabled":false,"jetpack_sharing_enabled":false,"_links":{"self":[{"href":"https:\/\/eurekakidskosovo.com\/en\/wp-json\/wp\/v2\/product\/25383","targetHints":{"allow":["GET"]}}],"collection":[{"href":"https:\/\/eurekakidskosovo.com\/en\/wp-json\/wp\/v2\/product"}],"about":[{"href":"https:\/\/eurekakidskosovo.com\/en\/wp-json\/wp\/v2\/types\/product"}],"wp:featuredmedia":[{"embeddable":true,"href":"https:\/\/eurekakidskosovo.com\/en\/wp-json\/wp\/v2\/media\/25384"}],"wp:attachment":[{"href":"https:\/\/eurekakidskosovo.com\/en\/wp-json\/wp\/v2\/media?parent=25383"}],"wp:term":[{"taxonomy":"product_brand","embeddable":true,"href":"https:\/\/eurekakidskosovo.com\/en\/wp-json\/wp\/v2\/product_brand?post=25383"},{"taxonomy":"product_cat","embeddable":true,"href":"https:\/\/eurekakidskosovo.com\/en\/wp-json\/wp\/v2\/product_cat?post=25383"},{"taxonomy":"product_tag","embeddable":true,"href":"https:\/\/eurekakidskosovo.com\/en\/wp-json\/wp\/v2\/product_tag?post=25383"}],"curies":[{"name":"wp","href":"https:\/\/api.w.org\/{rel}","templated":true}]}}