{"id":25387,"date":"2023-07-13T13:14:28","date_gmt":"2023-07-13T11:14:28","guid":{"rendered":"https:\/\/eurekakidskosovo.com\/?post_type=product&#038;p=25387"},"modified":"2025-05-15T20:21:43","modified_gmt":"2025-05-15T18:21:43","slug":"set-lodra-plazhi","status":"publish","type":"product","link":"https:\/\/eurekakidskosovo.com\/en\/product\/set-lodra-plazhi\/","title":{"rendered":"Set lodra plazhi"},"content":{"rendered":"<p>G\u00ebrmoni dhe nd\u00ebrtoni me k\u00ebt\u00eb grup kov\u00eb dhe lopata t\u00eb ndritshme agrumesh. Nga plazhi n\u00eb banj\u00eb dhe kudo n\u00eb mes, lodrat e buta, silikoni t\u00eb SUNNYLiFE p\u00ebr koh\u00ebn e sp\u00ebrkatjes jan\u00eb t\u00eb dizajnuara p\u00ebr or\u00eb t\u00eb t\u00ebra arg\u00ebtimi. E p\u00ebrkryer p\u00ebr duart e vogla, grupi fleksib\u00ebl i kov\u00ebs dhe lopat\u00ebs silikoni \u00ebsht\u00eb i kompletuar me kall\u00ebpe t\u00eb lezetshme r\u00ebre SUNNYLiFE p\u00ebr t&#8217;i dh\u00ebn\u00eb jet\u00eb krijimeve t\u00eb tyre. Plus, i gjith\u00eb kompleti \u00ebsht\u00eb i leht\u00eb dhe i pap\u00ebrshkuesh\u00ebm nga uji, k\u00ebshtu q\u00eb ju mund t\u00eb sillni koh\u00ebn e loj\u00ebs me vete kudo q\u00eb t\u00eb shkoni! Inkurajoni kreativitetin dhe loj\u00ebn imagjinative t\u00eb ujit p\u00ebr t\u00eb vegjlit tuaj me Setin me 5 cop\u00eb Citrus Bucket &amp; Spade.<\/p>\n<p>Karakteristika:<br \/>\n-Dorez\u00eb me litar najloni.<br \/>\n-Silikoni i p\u00ebrshtatsh\u00ebm p\u00ebr larje ne en\u00eblarse, i cil\u00ebsis\u00eb s\u00eb ushqimit.<br \/>\n-B\u00ebr\u00eb nga 100% silikoni.<br \/>\n-Mosha e rekomanduar: 2+<\/p>","protected":false},"excerpt":{"rendered":"<p>G\u00ebrmoni dhe nd\u00ebrtoni me k\u00ebt\u00eb grup kov\u00eb dhe lopata t\u00eb ndritshme agrumesh. Nga plazhi n\u00eb banj\u00eb dhe kudo n\u00eb mes,<\/p>","protected":false},"featured_media":25388,"template":"","meta":{"advanced_seo_description":"","jetpack_seo_html_title":"","jetpack_seo_noindex":false,"jetpack_post_was_ever_published":false},"product_brand":[],"product_cat":[2589,2733,2581,2428],"product_tag":[],"class_list":{"0":"post-25387","1":"product","2":"type-product","3":"status-publish","4":"has-post-thumbnail","6":"product_cat-2-deri-ne-5-vjet-lodra-per-natyre","7":"product_cat-aksesore-plazhi","8":"product_cat-aksesore-uji","9":"product_cat-lodra-per-natyre","11":"first","12":"instock","13":"sale","14":"taxable","15":"shipping-taxable","16":"purchasable","17":"product-type-simple"},"jetpack_likes_enabled":false,"jetpack_sharing_enabled":false,"_links":{"self":[{"href":"https:\/\/eurekakidskosovo.com\/en\/wp-json\/wp\/v2\/product\/25387","targetHints":{"allow":["GET"]}}],"collection":[{"href":"https:\/\/eurekakidskosovo.com\/en\/wp-json\/wp\/v2\/product"}],"about":[{"href":"https:\/\/eurekakidskosovo.com\/en\/wp-json\/wp\/v2\/types\/product"}],"wp:featuredmedia":[{"embeddable":true,"href":"https:\/\/eurekakidskosovo.com\/en\/wp-json\/wp\/v2\/media\/25388"}],"wp:attachment":[{"href":"https:\/\/eurekakidskosovo.com\/en\/wp-json\/wp\/v2\/media?parent=25387"}],"wp:term":[{"taxonomy":"product_brand","embeddable":true,"href":"https:\/\/eurekakidskosovo.com\/en\/wp-json\/wp\/v2\/product_brand?post=25387"},{"taxonomy":"product_cat","embeddable":true,"href":"https:\/\/eurekakidskosovo.com\/en\/wp-json\/wp\/v2\/product_cat?post=25387"},{"taxonomy":"product_tag","embeddable":true,"href":"https:\/\/eurekakidskosovo.com\/en\/wp-json\/wp\/v2\/product_tag?post=25387"}],"curies":[{"name":"wp","href":"https:\/\/api.w.org\/{rel}","templated":true}]}}