{"id":25447,"date":"2023-07-15T10:33:09","date_gmt":"2023-07-15T08:33:09","guid":{"rendered":"https:\/\/eurekakidskosovo.com\/?post_type=product&#038;p=25447"},"modified":"2023-08-22T21:03:16","modified_gmt":"2023-08-22T19:03:16","slug":"unaze-ocean-treasure","status":"publish","type":"product","link":"https:\/\/eurekakidskosovo.com\/en\/product\/unaze-ocean-treasure\/","title":{"rendered":"Unaz\u00eb-Ocean treasure"},"content":{"rendered":"<p>Vera \u00ebsht\u00eb m\u00eb arg\u00ebtuese me SUNNYLife! Ndihmojeni vog\u00eblushin tuaj t\u00eb arg\u00ebtohet dhe t\u00eb fitoj\u00eb besim n\u00eb uj\u00eb me Unaz\u00ebn SUNNYLiFE Kiddy Pool!<\/p>\n<p>Features:<br \/>\n-Pesha maksimale: 30 kg \/ 66 lbs.<br \/>\n-Mosha 3-6 vjec.<br \/>\n-Dizajn i ndar\u00eb p\u00ebr hyrje dhe dalje t\u00eb leht\u00eb.<br \/>\n-P\u00ebrfshin cop\u00ebn e riparimit t\u00eb shpimit.<br \/>\n-B\u00ebr\u00eb nga PVC e q\u00ebndrueshme, jo toksike pa ftalate.<\/p>","protected":false},"excerpt":{"rendered":"<p>Vera \u00ebsht\u00eb m\u00eb arg\u00ebtuese me SUNNYLife! Ndihmojeni vog\u00eblushin tuaj t\u00eb arg\u00ebtohet dhe t\u00eb fitoj\u00eb besim n\u00eb uj\u00eb me Unaz\u00ebn SUNNYLiFE<\/p>","protected":false},"featured_media":25448,"template":"","meta":{"advanced_seo_description":"","jetpack_seo_html_title":"","jetpack_seo_noindex":false,"jetpack_post_was_ever_published":false},"product_brand":[],"product_cat":[2733,2581,2582,2428],"product_tag":[],"class_list":{"0":"post-25447","1":"product","2":"type-product","3":"status-publish","4":"has-post-thumbnail","6":"product_cat-aksesore-plazhi","7":"product_cat-aksesore-uji","8":"product_cat-inflatables","9":"product_cat-lodra-per-natyre","11":"first","12":"outofstock","13":"taxable","14":"shipping-taxable","15":"purchasable","16":"product-type-simple"},"jetpack_likes_enabled":false,"jetpack_sharing_enabled":false,"_links":{"self":[{"href":"https:\/\/eurekakidskosovo.com\/en\/wp-json\/wp\/v2\/product\/25447","targetHints":{"allow":["GET"]}}],"collection":[{"href":"https:\/\/eurekakidskosovo.com\/en\/wp-json\/wp\/v2\/product"}],"about":[{"href":"https:\/\/eurekakidskosovo.com\/en\/wp-json\/wp\/v2\/types\/product"}],"wp:featuredmedia":[{"embeddable":true,"href":"https:\/\/eurekakidskosovo.com\/en\/wp-json\/wp\/v2\/media\/25448"}],"wp:attachment":[{"href":"https:\/\/eurekakidskosovo.com\/en\/wp-json\/wp\/v2\/media?parent=25447"}],"wp:term":[{"taxonomy":"product_brand","embeddable":true,"href":"https:\/\/eurekakidskosovo.com\/en\/wp-json\/wp\/v2\/product_brand?post=25447"},{"taxonomy":"product_cat","embeddable":true,"href":"https:\/\/eurekakidskosovo.com\/en\/wp-json\/wp\/v2\/product_cat?post=25447"},{"taxonomy":"product_tag","embeddable":true,"href":"https:\/\/eurekakidskosovo.com\/en\/wp-json\/wp\/v2\/product_tag?post=25447"}],"curies":[{"name":"wp","href":"https:\/\/api.w.org\/{rel}","templated":true}]}}