{"id":25455,"date":"2023-07-15T11:06:00","date_gmt":"2023-07-15T09:06:00","guid":{"rendered":"https:\/\/eurekakidskosovo.com\/?post_type=product&#038;p=25455"},"modified":"2023-09-12T17:55:34","modified_gmt":"2023-09-12T15:55:34","slug":"pishine-per-femije-5","status":"publish","type":"product","link":"https:\/\/eurekakidskosovo.com\/en\/product\/pishine-per-femije-5\/","title":{"rendered":"Pishin\u00eb p\u00ebr f\u00ebmij\u00eb"},"content":{"rendered":"<p>Vera \u00ebsht\u00eb m\u00eb arg\u00ebtuese me SUNNYLife! Merrini lodrat p\u00ebr nj\u00eb argetim me or\u00eb te t\u00ebra n\u00eb SUNNYLiFE Kiddy Pool k\u00ebt\u00eb ver\u00eb. \u00cbsht\u00eb madh\u00ebsia perfekte q\u00eb t\u00eb vegjlit t\u00eb sp\u00ebrkasin dhe t\u00eb luajn\u00eb n\u00eb siguri!<\/p>\n<p>Features<br \/>\n-Kapaciteti i ujit: 31L<br \/>\n-Mosha +12 muaj.<br \/>\n-Projektuar me mbules\u00eb dielli p\u00ebr t&#8217;i mbajtur f\u00ebmij\u00ebt larg nxeht\u00ebsis\u00eb dhe diellit.<br \/>\n-Dyshemeja e but\u00eb e fryr\u00eb e mbushur p\u00ebr rehati shtes\u00eb.<br \/>\n-Spina e kullimit p\u00ebr \u00e7lirim t\u00eb leht\u00eb t\u00eb ujit.<br \/>\n-P\u00ebrfshin patch riparimi n\u00eb rast shpimesh.<br \/>\n-B\u00ebr\u00eb nga PVC e q\u00ebndrueshme, jo toksike pa ftalat.<\/p>\n<p>Dimensions:<br \/>\n120 x 100 x 77 cm<\/p>","protected":false},"excerpt":{"rendered":"<p>Vera \u00ebsht\u00eb m\u00eb arg\u00ebtuese me SUNNYLife! Merrini lodrat p\u00ebr nj\u00eb argetim me or\u00eb te t\u00ebra n\u00eb SUNNYLiFE Kiddy Pool k\u00ebt\u00eb<\/p>","protected":false},"featured_media":25456,"template":"","meta":{"advanced_seo_description":"","jetpack_seo_html_title":"","jetpack_seo_noindex":false,"jetpack_post_was_ever_published":false},"product_brand":[],"product_cat":[2758,2759,2733,2581],"product_tag":[],"class_list":{"0":"post-25455","1":"product","2":"type-product","3":"status-publish","4":"has-post-thumbnail","6":"product_cat-12-deri-ne-18-muaj-lodra-per-natyre","7":"product_cat-18-deri-ne-24-muaj-lodra-per-natyre","8":"product_cat-aksesore-plazhi","9":"product_cat-aksesore-uji","11":"first","12":"outofstock","13":"taxable","14":"shipping-taxable","15":"purchasable","16":"product-type-simple"},"jetpack_likes_enabled":false,"jetpack_sharing_enabled":false,"_links":{"self":[{"href":"https:\/\/eurekakidskosovo.com\/en\/wp-json\/wp\/v2\/product\/25455","targetHints":{"allow":["GET"]}}],"collection":[{"href":"https:\/\/eurekakidskosovo.com\/en\/wp-json\/wp\/v2\/product"}],"about":[{"href":"https:\/\/eurekakidskosovo.com\/en\/wp-json\/wp\/v2\/types\/product"}],"wp:featuredmedia":[{"embeddable":true,"href":"https:\/\/eurekakidskosovo.com\/en\/wp-json\/wp\/v2\/media\/25456"}],"wp:attachment":[{"href":"https:\/\/eurekakidskosovo.com\/en\/wp-json\/wp\/v2\/media?parent=25455"}],"wp:term":[{"taxonomy":"product_brand","embeddable":true,"href":"https:\/\/eurekakidskosovo.com\/en\/wp-json\/wp\/v2\/product_brand?post=25455"},{"taxonomy":"product_cat","embeddable":true,"href":"https:\/\/eurekakidskosovo.com\/en\/wp-json\/wp\/v2\/product_cat?post=25455"},{"taxonomy":"product_tag","embeddable":true,"href":"https:\/\/eurekakidskosovo.com\/en\/wp-json\/wp\/v2\/product_tag?post=25455"}],"curies":[{"name":"wp","href":"https:\/\/api.w.org\/{rel}","templated":true}]}}