{"id":25495,"date":"2023-07-15T14:48:34","date_gmt":"2023-07-15T12:48:34","guid":{"rendered":"https:\/\/eurekakidskosovo.com\/?post_type=product&#038;p=25495"},"modified":"2024-08-09T18:57:37","modified_gmt":"2024-08-09T16:57:37","slug":"jelek-noti-2-3-vjec-7","status":"publish","type":"product","link":"https:\/\/eurekakidskosovo.com\/en\/product\/jelek-noti-2-3-vjec-7\/","title":{"rendered":"Jelek noti 2-3 vje\u00e7"},"content":{"rendered":"<p>Zhytuni n\u00eb arg\u00ebtimin gjat\u00eb pishin\u00ebs me gam\u00ebn ton\u00eb m\u00eb t\u00eb shitur t\u00eb jelek\u00ebve t\u00eb notit p\u00ebr f\u00ebmij\u00eb. Jeleku i notit sigurisht q\u00eb do t\u00eb admirohet nga f\u00ebmij\u00ebt dhe t\u00eb rriturit. E b\u00ebr\u00eb nga neopreni i q\u00ebndruesh\u00ebm p\u00ebr gjall\u00ebri dhe ngroht\u00ebsi, jeleku i notit p\u00ebr f\u00ebmij\u00eb \u00ebsht\u00eb super i rehatsh\u00ebm p\u00ebr t\u00eb vegjlit. Jeleku p\u00ebrmban gjithashtu nj\u00eb rrip sigurie t\u00eb rregullueshme midis k\u00ebmb\u00ebve dhe zinxhirit t\u00eb p\u00ebrparm\u00eb p\u00ebr t\u2019u siguruar q\u00eb t\u00eb jet\u00eb i besuesh\u00ebm dhe i p\u00ebrshtatsh\u00ebm. Ndihmojeni vog\u00eblushin tuaj t\u00eb arg\u00ebtohet dhe t\u00eb fitoj\u00eb besim n\u00eb uj\u00eb me jelekun e notit SUNNYLiFE Kids, aksesori m\u00eb i lezetsh\u00ebm i notit p\u00ebr ver\u00ebn!<\/p>\n<p>Features:<br \/>\n\u2013 Pesha maksimale: 18 kg<br \/>\n\u2013 Zhvillon aft\u00ebsit\u00eb e notit duke nd\u00ebrtuar gjithashtu besimin tek notar\u00ebt e rinj.<br \/>\n\u2013 B\u00ebr\u00eb nga neopreni i q\u00ebndruesh\u00ebm p\u00ebr l\u00ebvizje dhe ngroht\u00ebsi.<br \/>\n\u2013 Rrip qendror i p\u00ebrparm\u00eb me fole velcro p\u00ebr mbajtje t\u00eb sigurt.<br \/>\n\u2013 F\u00ebmij\u00ebt duhet t\u00eb jen\u00eb n\u00ebn mbik\u00ebqyrje kur p\u00ebrdorin k\u00ebt\u00eb produkt.<\/p>\n<p>Dimensionet e produktit:<br \/>\n33.5 x 35 x 6 cm<\/p>","protected":false},"excerpt":{"rendered":"<p>Zhytuni n\u00eb arg\u00ebtimin gjat\u00eb pishin\u00ebs me gam\u00ebn ton\u00eb m\u00eb t\u00eb shitur t\u00eb jelek\u00ebve t\u00eb notit p\u00ebr f\u00ebmij\u00eb. Jeleku i notit<\/p>","protected":false},"featured_media":25497,"template":"","meta":{"advanced_seo_description":"","jetpack_seo_html_title":"","jetpack_seo_noindex":false,"jetpack_post_was_ever_published":false},"product_brand":[],"product_cat":[2733,2581,2428],"product_tag":[],"class_list":{"0":"post-25495","1":"product","2":"type-product","3":"status-publish","4":"has-post-thumbnail","6":"product_cat-aksesore-plazhi","7":"product_cat-aksesore-uji","8":"product_cat-lodra-per-natyre","10":"first","11":"outofstock","12":"taxable","13":"shipping-taxable","14":"purchasable","15":"product-type-simple"},"jetpack_likes_enabled":false,"jetpack_sharing_enabled":false,"_links":{"self":[{"href":"https:\/\/eurekakidskosovo.com\/en\/wp-json\/wp\/v2\/product\/25495","targetHints":{"allow":["GET"]}}],"collection":[{"href":"https:\/\/eurekakidskosovo.com\/en\/wp-json\/wp\/v2\/product"}],"about":[{"href":"https:\/\/eurekakidskosovo.com\/en\/wp-json\/wp\/v2\/types\/product"}],"wp:featuredmedia":[{"embeddable":true,"href":"https:\/\/eurekakidskosovo.com\/en\/wp-json\/wp\/v2\/media\/25497"}],"wp:attachment":[{"href":"https:\/\/eurekakidskosovo.com\/en\/wp-json\/wp\/v2\/media?parent=25495"}],"wp:term":[{"taxonomy":"product_brand","embeddable":true,"href":"https:\/\/eurekakidskosovo.com\/en\/wp-json\/wp\/v2\/product_brand?post=25495"},{"taxonomy":"product_cat","embeddable":true,"href":"https:\/\/eurekakidskosovo.com\/en\/wp-json\/wp\/v2\/product_cat?post=25495"},{"taxonomy":"product_tag","embeddable":true,"href":"https:\/\/eurekakidskosovo.com\/en\/wp-json\/wp\/v2\/product_tag?post=25495"}],"curies":[{"name":"wp","href":"https:\/\/api.w.org\/{rel}","templated":true}]}}