{"id":25528,"date":"2023-07-18T21:17:56","date_gmt":"2023-07-18T19:17:56","guid":{"rendered":"https:\/\/eurekakidskosovo.com\/?post_type=product&#038;p=25528"},"modified":"2025-05-15T20:05:43","modified_gmt":"2025-05-15T18:05:43","slug":"set-zhytjeje-strawberry","status":"publish","type":"product","link":"https:\/\/eurekakidskosovo.com\/en\/product\/set-zhytjeje-strawberry\/","title":{"rendered":"Set zhytjeje-Strawberry"},"content":{"rendered":"<p>Vera \u00ebsht\u00eb m\u00eb arg\u00ebtuese me SUNNYLife! Zhyt ver\u00ebn t\u00ebnde m\u00eb t\u00eb mir\u00eb deri tani me SUNNYLiFE Dive Set!<\/p>\n<p>Features:<br \/>\n-Mask\u00eb e re me element 3D.<br \/>\n-P\u00ebr t\u2019iu p\u00ebrshtatur madh\u00ebsis\u00eb s\u00eb k\u00ebpuc\u00ebve EU 35-38, UK 3-5, US 4-8.<br \/>\n-Seti p\u00ebrfshin mask\u00eb x1, snorkel x1, shami x2 dhe \u00e7ant\u00eb transporti x1.<br \/>\n-Rrip i rregulluesh\u00ebm n\u00eb mask\u00eb p\u00ebr t\u00eb parandaluar rr\u00ebshqitjen dhe p\u00ebr t\u00eb siguruar nj\u00eb p\u00ebrshtatje t\u00eb rehatshme.<br \/>\n-Rrip rrotullues i rregulluesh\u00ebm p\u00ebr t\u2019u rritur me ju.<\/p>","protected":false},"excerpt":{"rendered":"<p>Vera \u00ebsht\u00eb m\u00eb arg\u00ebtuese me SUNNYLife! Zhyt ver\u00ebn t\u00ebnde m\u00eb t\u00eb mir\u00eb deri tani me SUNNYLiFE Dive Set! Karakteristikat: -Mask\u00eb<\/p>","protected":false},"featured_media":25529,"template":"","meta":{"advanced_seo_description":"","jetpack_seo_html_title":"","jetpack_seo_noindex":false,"jetpack_post_was_ever_published":false},"product_brand":[],"product_cat":[2733,2581],"product_tag":[],"class_list":{"0":"post-25528","1":"product","2":"type-product","3":"status-publish","4":"has-post-thumbnail","6":"product_cat-aksesore-plazhi","7":"product_cat-aksesore-uji","9":"first","10":"instock","11":"sale","12":"taxable","13":"shipping-taxable","14":"purchasable","15":"product-type-simple"},"jetpack_likes_enabled":false,"jetpack_sharing_enabled":false,"_links":{"self":[{"href":"https:\/\/eurekakidskosovo.com\/en\/wp-json\/wp\/v2\/product\/25528","targetHints":{"allow":["GET"]}}],"collection":[{"href":"https:\/\/eurekakidskosovo.com\/en\/wp-json\/wp\/v2\/product"}],"about":[{"href":"https:\/\/eurekakidskosovo.com\/en\/wp-json\/wp\/v2\/types\/product"}],"wp:featuredmedia":[{"embeddable":true,"href":"https:\/\/eurekakidskosovo.com\/en\/wp-json\/wp\/v2\/media\/25529"}],"wp:attachment":[{"href":"https:\/\/eurekakidskosovo.com\/en\/wp-json\/wp\/v2\/media?parent=25528"}],"wp:term":[{"taxonomy":"product_brand","embeddable":true,"href":"https:\/\/eurekakidskosovo.com\/en\/wp-json\/wp\/v2\/product_brand?post=25528"},{"taxonomy":"product_cat","embeddable":true,"href":"https:\/\/eurekakidskosovo.com\/en\/wp-json\/wp\/v2\/product_cat?post=25528"},{"taxonomy":"product_tag","embeddable":true,"href":"https:\/\/eurekakidskosovo.com\/en\/wp-json\/wp\/v2\/product_tag?post=25528"}],"curies":[{"name":"wp","href":"https:\/\/api.w.org\/{rel}","templated":true}]}}