{"id":25557,"date":"2023-07-19T21:31:34","date_gmt":"2023-07-19T19:31:34","guid":{"rendered":"https:\/\/eurekakidskosovo.com\/?post_type=product&#038;p=25557"},"modified":"2025-05-15T21:05:08","modified_gmt":"2025-05-15T19:05:08","slug":"the-pool","status":"publish","type":"product","link":"https:\/\/eurekakidskosovo.com\/en\/product\/the-pool\/","title":{"rendered":"The Pool"},"content":{"rendered":"<p>Vera \u00ebsht\u00eb m\u00eb arg\u00ebtuese me SUNNYLiFE! Sillni atmosfer\u00ebn e pushimeve n\u00eb oborrin e sht\u00ebpis\u00eb tuaj. \u00cbsht\u00eb koha p\u00ebr t\u00eb shkuar nga pishina p\u00ebr t&#8217;u freskuar me The Pool.<\/p>\n<p>Features:<br \/>\n-Kapaciteti i ujit: 377L<br \/>\n-Vezullimi holografik i yjeve.<br \/>\n-Valvula speciale e krijuar p\u00ebr t\u00eb parandaluar daljen e shk\u00eblqimit nga fryrja.<br \/>\n-Madh\u00ebsi e madhe p\u00ebr arg\u00ebtim familjar n\u00eb oborrin e sht\u00ebpis\u00eb.<br \/>\n-P\u00ebrshtatet deri n\u00eb 3 t\u00eb rritur dhe ideale p\u00ebr f\u00ebmij\u00ebt e mosh\u00ebs 6 vje\u00e7 e lart.<br \/>\n-P\u00ebrfshin patch riparimi n\u00eb rast shpimesh.<br \/>\n-B\u00ebr\u00eb nga PVC e q\u00ebndrueshme, jo toksike pa ftalat.<\/p>","protected":false},"excerpt":{"rendered":"<p>Vera \u00ebsht\u00eb m\u00eb arg\u00ebtuese me SUNNYLiFE! Sillni atmosfer\u00ebn e pushimeve n\u00eb oborrin e sht\u00ebpis\u00eb tuaj. \u00cbsht\u00eb koha p\u00ebr t\u00eb shkuar<\/p>","protected":false},"featured_media":25558,"template":"","meta":{"advanced_seo_description":"","jetpack_seo_html_title":"","jetpack_seo_noindex":false,"jetpack_post_was_ever_published":false},"product_brand":[],"product_cat":[2733,2581,2582],"product_tag":[],"class_list":{"0":"post-25557","1":"product","2":"type-product","3":"status-publish","4":"has-post-thumbnail","6":"product_cat-aksesore-plazhi","7":"product_cat-aksesore-uji","8":"product_cat-inflatables","10":"first","11":"outofstock","12":"sale","13":"taxable","14":"shipping-taxable","15":"purchasable","16":"product-type-simple"},"jetpack_likes_enabled":false,"jetpack_sharing_enabled":false,"_links":{"self":[{"href":"https:\/\/eurekakidskosovo.com\/en\/wp-json\/wp\/v2\/product\/25557","targetHints":{"allow":["GET"]}}],"collection":[{"href":"https:\/\/eurekakidskosovo.com\/en\/wp-json\/wp\/v2\/product"}],"about":[{"href":"https:\/\/eurekakidskosovo.com\/en\/wp-json\/wp\/v2\/types\/product"}],"wp:featuredmedia":[{"embeddable":true,"href":"https:\/\/eurekakidskosovo.com\/en\/wp-json\/wp\/v2\/media\/25558"}],"wp:attachment":[{"href":"https:\/\/eurekakidskosovo.com\/en\/wp-json\/wp\/v2\/media?parent=25557"}],"wp:term":[{"taxonomy":"product_brand","embeddable":true,"href":"https:\/\/eurekakidskosovo.com\/en\/wp-json\/wp\/v2\/product_brand?post=25557"},{"taxonomy":"product_cat","embeddable":true,"href":"https:\/\/eurekakidskosovo.com\/en\/wp-json\/wp\/v2\/product_cat?post=25557"},{"taxonomy":"product_tag","embeddable":true,"href":"https:\/\/eurekakidskosovo.com\/en\/wp-json\/wp\/v2\/product_tag?post=25557"}],"curies":[{"name":"wp","href":"https:\/\/api.w.org\/{rel}","templated":true}]}}