{"id":25572,"date":"2023-07-27T14:33:10","date_gmt":"2023-07-27T12:33:10","guid":{"rendered":"https:\/\/eurekakidskosovo.com\/?post_type=product&#038;p=25572"},"modified":"2025-06-07T12:04:35","modified_gmt":"2025-06-07T10:04:35","slug":"slip-and-slide","status":"publish","type":"product","link":"https:\/\/eurekakidskosovo.com\/en\/product\/slip-and-slide\/","title":{"rendered":"Slip and Slide"},"content":{"rendered":"<p>LE TE FILLOJE LOJA<br \/>\nVera \u00ebsht\u00eb m\u00eb arg\u00ebtuese me SUNNYLife! Arg\u00ebtohuni dhe l\u00ebrini loj\u00ebrat t\u00eb fillojn\u00eb me SUNNYLiFE Slip and Slide!<\/p>\n<p>Features:<br \/>\n-Gjat\u00ebsia 5m.<br \/>\n-Uji sp\u00ebrkat nga t\u00eb dy an\u00ebt e rr\u00ebshqitjes.<br \/>\n-P\u00ebr p\u00ebrdorim vet\u00ebm n\u00eb tok\u00eb.<br \/>\n-P\u00ebrfshin patch riparimi n\u00eb rast shpimesh.<br \/>\n-B\u00ebr\u00eb nga PVC e q\u00ebndrueshme, jo toksike pa ftalat.<br \/>\n-Mosha e rekomanduar: 3+<\/p>\n<p>Dimensions:<br \/>\n470 x 150 x 25cm<\/p>","protected":false},"excerpt":{"rendered":"<p>LE TE FILLOJE LOJA Vera \u00ebsht\u00eb m\u00eb arg\u00ebtuese me SUNNYLife! Arg\u00ebtohuni dhe l\u00ebrini loj\u00ebrat t\u00eb fillojn\u00eb me SUNNYLiFE Slip and<\/p>","protected":false},"featured_media":25573,"template":"","meta":{"advanced_seo_description":"","jetpack_seo_html_title":"","jetpack_seo_noindex":false,"jetpack_post_was_ever_published":false},"product_brand":[],"product_cat":[2733,2581],"product_tag":[],"class_list":{"0":"post-25572","1":"product","2":"type-product","3":"status-publish","4":"has-post-thumbnail","6":"product_cat-aksesore-plazhi","7":"product_cat-aksesore-uji","9":"first","10":"instock","11":"sale","12":"taxable","13":"shipping-taxable","14":"purchasable","15":"product-type-simple"},"jetpack_likes_enabled":false,"jetpack_sharing_enabled":false,"_links":{"self":[{"href":"https:\/\/eurekakidskosovo.com\/en\/wp-json\/wp\/v2\/product\/25572","targetHints":{"allow":["GET"]}}],"collection":[{"href":"https:\/\/eurekakidskosovo.com\/en\/wp-json\/wp\/v2\/product"}],"about":[{"href":"https:\/\/eurekakidskosovo.com\/en\/wp-json\/wp\/v2\/types\/product"}],"wp:featuredmedia":[{"embeddable":true,"href":"https:\/\/eurekakidskosovo.com\/en\/wp-json\/wp\/v2\/media\/25573"}],"wp:attachment":[{"href":"https:\/\/eurekakidskosovo.com\/en\/wp-json\/wp\/v2\/media?parent=25572"}],"wp:term":[{"taxonomy":"product_brand","embeddable":true,"href":"https:\/\/eurekakidskosovo.com\/en\/wp-json\/wp\/v2\/product_brand?post=25572"},{"taxonomy":"product_cat","embeddable":true,"href":"https:\/\/eurekakidskosovo.com\/en\/wp-json\/wp\/v2\/product_cat?post=25572"},{"taxonomy":"product_tag","embeddable":true,"href":"https:\/\/eurekakidskosovo.com\/en\/wp-json\/wp\/v2\/product_tag?post=25572"}],"curies":[{"name":"wp","href":"https:\/\/api.w.org\/{rel}","templated":true}]}}