{"id":25591,"date":"2023-08-04T22:34:34","date_gmt":"2023-08-04T20:34:34","guid":{"rendered":"https:\/\/eurekakidskosovo.com\/?post_type=product&#038;p=25591"},"modified":"2025-06-07T12:04:35","modified_gmt":"2025-06-07T10:04:35","slug":"set-unaze-2x-sonny-the-sea","status":"publish","type":"product","link":"https:\/\/eurekakidskosovo.com\/en\/product\/set-unaze-2x-sonny-the-sea\/","title":{"rendered":"Set unaz\u00eb 2x Sonny the sea"},"content":{"rendered":"<p>Vera \u00ebsht\u00eb m\u00eb arg\u00ebtuese me SUNNYLife! Hidhuni n\u00eb pishin\u00eb p\u00ebr nj\u00eb arg\u00ebtim t\u00eb mrekulluesh\u00ebm me Setin me 2 unaza Sonny the Sea Creature Pool Soakers.<\/p>\n<p>Features:<br \/>\n-Pesha maksimale p\u00ebr unaz\u00eb: 45 kg.<br \/>\n-P\u00ebrfshin unaza pishin\u00eb x2 me arm\u00eb uji t\u00eb integruar.<br \/>\n-2x doreza an\u00ebsore n\u00eb secil\u00ebn unaz\u00eb p\u00ebr stabilitet.<br \/>\n-P\u00ebrfshin patch riparimi n\u00eb rast shpimesh.<br \/>\n-B\u00ebr\u00eb nga PVC e q\u00ebndrueshme, jo toksike pa ftalat.<\/p>","protected":false},"excerpt":{"rendered":"<p>Vera \u00ebsht\u00eb m\u00eb arg\u00ebtuese me SUNNYLife! Hidhuni n\u00eb pishin\u00eb p\u00ebr nj\u00eb arg\u00ebtim t\u00eb mrekulluesh\u00ebm me Setin me 2 unaza Sonny<\/p>","protected":false},"featured_media":25592,"template":"","meta":{"advanced_seo_description":"","jetpack_seo_html_title":"","jetpack_seo_noindex":false,"jetpack_post_was_ever_published":false},"product_brand":[],"product_cat":[2733,2581,2428],"product_tag":[],"class_list":{"0":"post-25591","1":"product","2":"type-product","3":"status-publish","4":"has-post-thumbnail","6":"product_cat-aksesore-plazhi","7":"product_cat-aksesore-uji","8":"product_cat-lodra-per-natyre","10":"first","11":"outofstock","12":"sale","13":"taxable","14":"shipping-taxable","15":"purchasable","16":"product-type-simple"},"jetpack_likes_enabled":false,"jetpack_sharing_enabled":false,"_links":{"self":[{"href":"https:\/\/eurekakidskosovo.com\/en\/wp-json\/wp\/v2\/product\/25591","targetHints":{"allow":["GET"]}}],"collection":[{"href":"https:\/\/eurekakidskosovo.com\/en\/wp-json\/wp\/v2\/product"}],"about":[{"href":"https:\/\/eurekakidskosovo.com\/en\/wp-json\/wp\/v2\/types\/product"}],"wp:featuredmedia":[{"embeddable":true,"href":"https:\/\/eurekakidskosovo.com\/en\/wp-json\/wp\/v2\/media\/25592"}],"wp:attachment":[{"href":"https:\/\/eurekakidskosovo.com\/en\/wp-json\/wp\/v2\/media?parent=25591"}],"wp:term":[{"taxonomy":"product_brand","embeddable":true,"href":"https:\/\/eurekakidskosovo.com\/en\/wp-json\/wp\/v2\/product_brand?post=25591"},{"taxonomy":"product_cat","embeddable":true,"href":"https:\/\/eurekakidskosovo.com\/en\/wp-json\/wp\/v2\/product_cat?post=25591"},{"taxonomy":"product_tag","embeddable":true,"href":"https:\/\/eurekakidskosovo.com\/en\/wp-json\/wp\/v2\/product_tag?post=25591"}],"curies":[{"name":"wp","href":"https:\/\/api.w.org\/{rel}","templated":true}]}}