{"id":25732,"date":"2023-10-28T18:18:30","date_gmt":"2023-10-28T16:18:30","guid":{"rendered":"https:\/\/eurekakidskosovo.com\/?post_type=product&#038;p=25732"},"modified":"2024-06-02T23:49:32","modified_gmt":"2024-06-02T21:49:32","slug":"set-grimi-halloween","status":"publish","type":"product","link":"https:\/\/eurekakidskosovo.com\/en\/product\/set-grimi-halloween\/","title":{"rendered":"Set grimi Halloween"},"content":{"rendered":"<p>Kompleti i efekteve speciale Alpino.<br \/>\nP\u00ebrfshin gjith\u00e7ka t\u00eb nevojshme p\u00ebr t\u00eb arritur nj\u00eb pamje t\u00eb frikshme: gjak artificial 15 ml., dyll deformimi Fx, 15 gr., 2 shkopinj make-up, 1 shpatull dhe 1 sfungjer.<\/p>\n<p><strong>Features:<\/strong><br \/>\n&#8211; Produkt kozmetik. Lahet me uj\u00eb.<br \/>\n&#8211; I testuar dermatologjikisht.<br \/>\n&#8211; Grim i gatsh\u00ebm p\u00ebr p\u00ebrdorim, nuk nevojitet baz\u00eb grimi apo hidratues.<br \/>\n&#8211; Grim p\u00ebr fest\u00eb. P\u00ebrdorni p\u00ebr f\u00ebmij\u00eb dhe t\u00eb rritur.<\/p>","protected":false},"excerpt":{"rendered":"<p>Kompleti i efekteve speciale Alpino. P\u00ebrfshin gjith\u00e7ka t\u00eb nevojshme p\u00ebr t\u00eb arritur nj\u00eb pamje t\u00eb frikshme: gjak artificial 15 ml.,<\/p>","protected":false},"featured_media":25735,"template":"","meta":{"advanced_seo_description":"","jetpack_seo_html_title":"","jetpack_seo_noindex":false},"product_brand":[],"product_cat":[],"product_tag":[],"class_list":{"0":"post-25732","1":"product","2":"type-product","3":"status-publish","4":"has-post-thumbnail","7":"first","8":"instock","9":"taxable","10":"shipping-taxable","11":"purchasable","12":"product-type-simple"},"jetpack_likes_enabled":true,"jetpack_sharing_enabled":true,"_links":{"self":[{"href":"https:\/\/eurekakidskosovo.com\/en\/wp-json\/wp\/v2\/product\/25732","targetHints":{"allow":["GET"]}}],"collection":[{"href":"https:\/\/eurekakidskosovo.com\/en\/wp-json\/wp\/v2\/product"}],"about":[{"href":"https:\/\/eurekakidskosovo.com\/en\/wp-json\/wp\/v2\/types\/product"}],"wp:featuredmedia":[{"embeddable":true,"href":"https:\/\/eurekakidskosovo.com\/en\/wp-json\/wp\/v2\/media\/25735"}],"wp:attachment":[{"href":"https:\/\/eurekakidskosovo.com\/en\/wp-json\/wp\/v2\/media?parent=25732"}],"wp:term":[{"taxonomy":"product_brand","embeddable":true,"href":"https:\/\/eurekakidskosovo.com\/en\/wp-json\/wp\/v2\/product_brand?post=25732"},{"taxonomy":"product_cat","embeddable":true,"href":"https:\/\/eurekakidskosovo.com\/en\/wp-json\/wp\/v2\/product_cat?post=25732"},{"taxonomy":"product_tag","embeddable":true,"href":"https:\/\/eurekakidskosovo.com\/en\/wp-json\/wp\/v2\/product_tag?post=25732"}],"curies":[{"name":"wp","href":"https:\/\/api.w.org\/{rel}","templated":true}]}}