{"id":25736,"date":"2023-10-30T18:12:50","date_gmt":"2023-10-30T17:12:50","guid":{"rendered":"https:\/\/eurekakidskosovo.com\/?post_type=product&#038;p=25736"},"modified":"2024-06-02T23:49:29","modified_gmt":"2024-06-02T21:49:29","slug":"liber-grimi-per-halloween","status":"publish","type":"product","link":"https:\/\/eurekakidskosovo.com\/en\/product\/liber-grimi-per-halloween\/","title":{"rendered":"Lib\u00ebr grimi p\u00ebr halloween"},"content":{"rendered":"<p id=\"tw-target-text\" class=\"tw-data-text tw-text-large tw-ta\" dir=\"ltr\" data-placeholder=\"Translation\" data-ved=\"2ahUKEwjdjeS8oZ6CAxUHUKQEHRnjDhAQ3ewLegQIBhAQ\"><span class=\"Y2IQFc\" lang=\"sq\">Lib\u00ebr plot me shembuj t\u00eb grimit t\u00eb fytyr\u00ebs p\u00ebr t&#8217;u frym\u00ebzuar ose p\u00ebr ta kopjuar duke ndjekur udh\u00ebzimet q\u00eb shoq\u00ebrojn\u00eb fotot: Drakula, faraoni, demon, superhero, aborigjen, pirat, tig\u00ebr, klloun&#8230;<\/span><\/p>\n<p><strong>Features:<\/strong><br \/>\n<span class=\"Y2IQFc\" lang=\"sq\">&#8211; Mosha: Nga 3 vjet<br \/>\n&#8211; P\u00ebrmban 51 ilustrime inspiruese p\u00ebr Halloween<\/span><\/p>","protected":false},"excerpt":{"rendered":"<p>Lib\u00ebr plot me shembuj t\u00eb grimit t\u00eb fytyr\u00ebs p\u00ebr t&#8217;u frym\u00ebzuar ose p\u00ebr ta kopjuar duke ndjekur udh\u00ebzimet q\u00eb shoq\u00ebrojn\u00eb<\/p>","protected":false},"featured_media":25737,"template":"","meta":{"advanced_seo_description":"","jetpack_seo_html_title":"","jetpack_seo_noindex":false,"jetpack_post_was_ever_published":false},"product_brand":[],"product_cat":[],"product_tag":[],"class_list":{"0":"post-25736","1":"product","2":"type-product","3":"status-publish","4":"has-post-thumbnail","7":"first","8":"instock","9":"taxable","10":"shipping-taxable","11":"purchasable","12":"product-type-simple"},"jetpack_likes_enabled":true,"jetpack_sharing_enabled":true,"_links":{"self":[{"href":"https:\/\/eurekakidskosovo.com\/en\/wp-json\/wp\/v2\/product\/25736","targetHints":{"allow":["GET"]}}],"collection":[{"href":"https:\/\/eurekakidskosovo.com\/en\/wp-json\/wp\/v2\/product"}],"about":[{"href":"https:\/\/eurekakidskosovo.com\/en\/wp-json\/wp\/v2\/types\/product"}],"wp:featuredmedia":[{"embeddable":true,"href":"https:\/\/eurekakidskosovo.com\/en\/wp-json\/wp\/v2\/media\/25737"}],"wp:attachment":[{"href":"https:\/\/eurekakidskosovo.com\/en\/wp-json\/wp\/v2\/media?parent=25736"}],"wp:term":[{"taxonomy":"product_brand","embeddable":true,"href":"https:\/\/eurekakidskosovo.com\/en\/wp-json\/wp\/v2\/product_brand?post=25736"},{"taxonomy":"product_cat","embeddable":true,"href":"https:\/\/eurekakidskosovo.com\/en\/wp-json\/wp\/v2\/product_cat?post=25736"},{"taxonomy":"product_tag","embeddable":true,"href":"https:\/\/eurekakidskosovo.com\/en\/wp-json\/wp\/v2\/product_tag?post=25736"}],"curies":[{"name":"wp","href":"https:\/\/api.w.org\/{rel}","templated":true}]}}