{"id":25753,"date":"2023-11-28T14:17:56","date_gmt":"2023-11-28T13:17:56","guid":{"rendered":"https:\/\/eurekakidskosovo.com\/?post_type=product&#038;p=25753"},"modified":"2024-06-02T23:49:25","modified_gmt":"2024-06-02T21:49:25","slug":"liki-trike-pedal-straps","status":"publish","type":"product","link":"https:\/\/eurekakidskosovo.com\/en\/product\/liki-trike-pedal-straps\/","title":{"rendered":"Liki Trike pedal straps"},"content":{"rendered":"<p id=\"tw-target-text\" class=\"tw-data-text tw-text-large tw-ta\" dir=\"ltr\" data-placeholder=\"Translation\" data-ved=\"2ahUKEwjyrPOq4-aCAxXlbPEDHeeDBrkQ3ewLegQIBRAQ\"><span class=\"Y2IQFc\" lang=\"sq\">Nj\u00eb pal\u00eb rripa pedale p\u00ebr triciklet\u00ebn tuaj Liki Trike.<\/span><span class=\"Y2IQFc\" lang=\"sq\">Mban k\u00ebmb\u00ebt e f\u00ebmij\u00ebs tuaj n\u00eb vend gjat\u00eb udh\u00ebtimeve n\u00eb Liki Trike.Ky set p\u00ebrfshin vet\u00ebm rripat e pedaleve.<\/span><\/p>","protected":false},"excerpt":{"rendered":"<p>Nj\u00eb pal\u00eb rripa pedale p\u00ebr triciklet\u00ebn tuaj Liki Trike.Mban k\u00ebmb\u00ebt e f\u00ebmij\u00ebs tuaj n\u00eb vend gjat\u00eb udh\u00ebtimeve n\u00eb Liki Trike.Ky<\/p>","protected":false},"featured_media":25754,"template":"","meta":{"advanced_seo_description":"","jetpack_seo_html_title":"","jetpack_seo_noindex":false,"jetpack_post_was_ever_published":false},"product_brand":[],"product_cat":[],"product_tag":[],"class_list":{"0":"post-25753","1":"product","2":"type-product","3":"status-publish","4":"has-post-thumbnail","7":"first","8":"instock","9":"taxable","10":"shipping-taxable","11":"purchasable","12":"product-type-simple"},"jetpack_likes_enabled":false,"jetpack_sharing_enabled":false,"_links":{"self":[{"href":"https:\/\/eurekakidskosovo.com\/en\/wp-json\/wp\/v2\/product\/25753","targetHints":{"allow":["GET"]}}],"collection":[{"href":"https:\/\/eurekakidskosovo.com\/en\/wp-json\/wp\/v2\/product"}],"about":[{"href":"https:\/\/eurekakidskosovo.com\/en\/wp-json\/wp\/v2\/types\/product"}],"wp:featuredmedia":[{"embeddable":true,"href":"https:\/\/eurekakidskosovo.com\/en\/wp-json\/wp\/v2\/media\/25754"}],"wp:attachment":[{"href":"https:\/\/eurekakidskosovo.com\/en\/wp-json\/wp\/v2\/media?parent=25753"}],"wp:term":[{"taxonomy":"product_brand","embeddable":true,"href":"https:\/\/eurekakidskosovo.com\/en\/wp-json\/wp\/v2\/product_brand?post=25753"},{"taxonomy":"product_cat","embeddable":true,"href":"https:\/\/eurekakidskosovo.com\/en\/wp-json\/wp\/v2\/product_cat?post=25753"},{"taxonomy":"product_tag","embeddable":true,"href":"https:\/\/eurekakidskosovo.com\/en\/wp-json\/wp\/v2\/product_tag?post=25753"}],"curies":[{"name":"wp","href":"https:\/\/api.w.org\/{rel}","templated":true}]}}